{"id":3721,"date":"2023-11-06T09:01:26","date_gmt":"2023-11-06T09:01:26","guid":{"rendered":"https:\/\/www.tec-leadership-institute.com\/verhandlungen\/"},"modified":"2024-01-18T11:35:11","modified_gmt":"2024-01-18T11:35:11","slug":"verhandlungen","status":"publish","type":"page","link":"https:\/\/www.tec-leadership-institute.com\/de\/startseite\/verhandlungen\/","title":{"rendered":"Verhandlungen"},"content":{"rendered":"\t\t<div data-elementor-type=\"wp-page\" data-elementor-id=\"3721\" class=\"elementor elementor-3721 elementor-1339\" data-elementor-post-type=\"page\">\n\t\t\t\t\t\t<section class=\"elementor-section elementor-top-section elementor-element elementor-element-2evhrb0 elementor-section-height-min-height elementor-section-boxed elementor-section-height-default elementor-section-items-middle\" data-id=\"2evhrb0\" data-element_type=\"section\" data-e-type=\"section\" data-settings=\"{&quot;background_background&quot;:&quot;classic&quot;}\">\n\t\t\t\t\t\t\t<div class=\"elementor-background-overlay\"><\/div>\n\t\t\t\t\t\t\t<div class=\"elementor-container elementor-column-gap-no\">\n\t\t\t\t\t<div class=\"elementor-column elementor-col-100 elementor-top-column elementor-element elementor-element-d908717\" data-id=\"d908717\" data-element_type=\"column\" data-e-type=\"column\">\n\t\t\t<div class=\"elementor-widget-wrap elementor-element-populated\">\n\t\t\t\t\t\t<div class=\"elementor-element elementor-element-a92d70e elementor-widget elementor-widget-heading\" data-id=\"a92d70e\" data-element_type=\"widget\" data-e-type=\"widget\" data-widget_type=\"heading.default\">\n\t\t\t\t<div class=\"elementor-widget-container\">\n\t\t\t\t\t<h6 class=\"elementor-heading-title elementor-size-default\">Kommunikation<\/h6>\t\t\t\t<\/div>\n\t\t\t\t<\/div>\n\t\t\t\t<div class=\"elementor-element elementor-element-39dcc49 elementor-widget elementor-widget-heading\" data-id=\"39dcc49\" data-element_type=\"widget\" data-e-type=\"widget\" data-widget_type=\"heading.default\">\n\t\t\t\t<div class=\"elementor-widget-container\">\n\t\t\t\t\t<h1 class=\"elementor-heading-title elementor-size-default\">Verhandlungen<\/h1>\t\t\t\t<\/div>\n\t\t\t\t<\/div>\n\t\t\t\t\t<\/div>\n\t\t<\/div>\n\t\t\t\t\t<\/div>\n\t\t<\/section>\n\t\t<div class=\"elementor-element elementor-element-a166905 e-flex e-con-boxed e-con e-parent\" data-id=\"a166905\" data-element_type=\"container\" data-e-type=\"container\" data-settings=\"{&quot;background_background&quot;:&quot;classic&quot;}\">\n\t\t\t\t\t<div class=\"e-con-inner\">\n\t\t\t\t<div class=\"elementor-element elementor-element-cefb786 elementor-widget__width-initial elementor-widget-mobile__width-inherit elementor-widget elementor-widget-heading\" data-id=\"cefb786\" data-element_type=\"widget\" data-e-type=\"widget\" data-widget_type=\"heading.default\">\n\t\t\t\t<div class=\"elementor-widget-container\">\n\t\t\t\t\t<h2 class=\"elementor-heading-title elementor-size-default\">Verhandlungen<\/h2>\t\t\t\t<\/div>\n\t\t\t\t<\/div>\n\t\t<div class=\"elementor-element elementor-element-e2907f0 e-flex e-con-boxed e-con e-child\" data-id=\"e2907f0\" data-element_type=\"container\" data-e-type=\"container\">\n\t\t\t\t\t<div class=\"e-con-inner\">\n\t\t\t\t<div class=\"elementor-element elementor-element-d8cc98b elementor-widget elementor-widget-heading\" data-id=\"d8cc98b\" data-element_type=\"widget\" data-e-type=\"widget\" data-widget_type=\"heading.default\">\n\t\t\t\t<div class=\"elementor-widget-container\">\n\t\t\t\t\t<h5 class=\"elementor-heading-title elementor-size-default\">In diesem Workshop werden die folgenden Ziele erreicht:<\/h5>\t\t\t\t<\/div>\n\t\t\t\t<\/div>\n\t\t\t\t<div class=\"elementor-element elementor-element-4a2ddee elementor-widget elementor-widget-text-editor\" data-id=\"4a2ddee\" data-element_type=\"widget\" data-e-type=\"widget\" data-widget_type=\"text-editor.default\">\n\t\t\t\t<div class=\"elementor-widget-container\">\n\t\t\t\t\t\t\t\t\t<ul>\n<li>Entwicklung und Verbesserung der Verhandlungskompetenz und -techniken der Teilnehmer.<\/li>\n<li>Ausbau der Kompetenzen und Techniken der Teilnehmer in den Bereichen Sitzungsmoderation und Mediation.<\/li>\n<li>F\u00f6rderung der interkulturellen Kompetenz und des Diversity-Managements, um effektiv zu kommunizieren und \u00fcber Funktionen, Pers\u00f6nlichkeitstypen, Kulturen, Geschlechter, Generationen usw. hinweg positiv zu wirken.<\/li>\n<li>Aufbau hybrider und virtueller Kommunikationsf\u00e4higkeiten, um erfolgreiche Verhandlungen in der neuen Arbeitsumgebung zu erm\u00f6glichen<\/li>\n<\/ul>\n\t\t\t\t\t\t\t\t<\/div>\n\t\t\t\t<\/div>\n\t\t\t\t\t<\/div>\n\t\t\t\t<\/div>\n\t\t\t\t\t<\/div>\n\t\t\t\t<\/div>\n\t\t<div class=\"elementor-element elementor-element-e574900 e-flex e-con-boxed e-con e-parent\" data-id=\"e574900\" data-element_type=\"container\" data-e-type=\"container\" data-settings=\"{&quot;background_background&quot;:&quot;classic&quot;}\">\n\t\t\t\t\t<div class=\"e-con-inner\">\n\t\t\t\t<div class=\"elementor-element elementor-element-c057f04 elementor-widget elementor-widget-heading\" data-id=\"c057f04\" data-element_type=\"widget\" data-e-type=\"widget\" data-widget_type=\"heading.default\">\n\t\t\t\t<div class=\"elementor-widget-container\">\n\t\t\t\t\t<h2 class=\"elementor-heading-title elementor-size-default\">Inhalt  <\/h2>\t\t\t\t<\/div>\n\t\t\t\t<\/div>\n\t\t\t\t<div class=\"elementor-element elementor-element-f4fd2f3 elementor-widget elementor-widget-heading\" data-id=\"f4fd2f3\" data-element_type=\"widget\" data-e-type=\"widget\" data-widget_type=\"heading.default\">\n\t\t\t\t<div class=\"elementor-widget-container\">\n\t\t\t\t\t<h5 class=\"elementor-heading-title elementor-size-default\">(Der folgende Beispielinhalt wird an die Bed\u00fcrfnisse Ihrer Organisation angepasst)<\/h5>\t\t\t\t<\/div>\n\t\t\t\t<\/div>\n\t\t\t\t<div class=\"elementor-element elementor-element-df92fda elementor-widget elementor-widget-text-editor\" data-id=\"df92fda\" data-element_type=\"widget\" data-e-type=\"widget\" data-widget_type=\"text-editor.default\">\n\t\t\t\t<div class=\"elementor-widget-container\">\n\t\t\t\t\t\t\t\t\t<ul>\n<li>Verhandlungstechniken: Grundlegende Verhandlungselemente, Planung, Vorbereitung, Ziele, Interessen, Prozessrahmen, Strategien, BATNA, Rollen in der Verhandlung, Erfolgskriterien und Retrospektiven<\/li>\n<li>Sitzungsmoderation und Mediation: Grundlegende Elemente der Moderation, angestrebte Ergebnisse und Fokus, Moderation des Sitzungsprozesses, Fokus auf Menschen und Einbindung der Teilnehmer, Konfliktl\u00f6sungstechniken<\/li>\n<li>Diversity Management in Verhandlungen: Integrative Moderationsprinzipien, Umgang mit unterschiedlichen Erwartungen und Interessen, generations\u00fcbergreifende Kommunikation, interkulturelle Kompetenz in Verhandlungen<\/li>\n<li>Verhandlungen in einem virtuellen \/ hybriden Raum: Moderation virtueller \/ hybrider Verhandlungen, Konzentration auf Menschen und Einbindung von Fernteilnehmern, effektive Nutzung von Team-Tools zur Steuerung des Verhandlungsprozesses, Erfassung von Verpflichtungen und Aktionen<\/li>\n<\/ul>\n\t\t\t\t\t\t\t\t<\/div>\n\t\t\t\t<\/div>\n\t\t\t\t\t<\/div>\n\t\t\t\t<\/div>\n\t\t<div class=\"elementor-element elementor-element-2f3ce0e e-flex e-con-boxed e-con e-parent\" data-id=\"2f3ce0e\" data-element_type=\"container\" data-e-type=\"container\" data-settings=\"{&quot;background_background&quot;:&quot;classic&quot;}\">\n\t\t\t\t\t<div class=\"e-con-inner\">\n\t\t\t\t<div class=\"elementor-element elementor-element-49d1b18 elementor-widget elementor-widget-heading\" data-id=\"49d1b18\" data-element_type=\"widget\" data-e-type=\"widget\" data-widget_type=\"heading.default\">\n\t\t\t\t<div class=\"elementor-widget-container\">\n\t\t\t\t\t<h2 class=\"elementor-heading-title elementor-size-default\">Zielgruppe\n<\/h2>\t\t\t\t<\/div>\n\t\t\t\t<\/div>\n\t\t\t\t<div class=\"elementor-element elementor-element-8b4b849 elementor-widget elementor-widget-heading\" data-id=\"8b4b849\" data-element_type=\"widget\" data-e-type=\"widget\" data-widget_type=\"heading.default\">\n\t\t\t\t<div class=\"elementor-widget-container\">\n\t\t\t\t\t<h5 class=\"elementor-heading-title elementor-size-default\">Der Verhandlungs-Workshop richtet sich an Fachleute in verschiedenen Funktionen und Abteilungen innerhalb des Unternehmens, einschlie\u00dflich:<\/h5>\t\t\t\t<\/div>\n\t\t\t\t<\/div>\n\t\t\t\t<div class=\"elementor-element elementor-element-7961c2e elementor-widget elementor-widget-text-editor\" data-id=\"7961c2e\" data-element_type=\"widget\" data-e-type=\"widget\" data-widget_type=\"text-editor.default\">\n\t\t\t\t<div class=\"elementor-widget-container\">\n\t\t\t\t\t\t\t\t\t<ul>\n<li>Vielf\u00e4ltige Mitarbeiter und F\u00fchrungskr\u00e4fte: Beschaffung, Vertrieb, Marketing, Rechtsabteilung usw., die ihre Verhandlungsf\u00e4higkeiten verbessern wollen, um ihre Kommunikation, ihre Ergebnisse und ihre Wirkung zu steigern  <\/li>\n<li>Teams: Teams, die ihre Verhandlungsf\u00e4higkeiten ausbauen m\u00f6chten, um die kollektive F\u00e4higkeit einer Abteilung (z. B. Beschaffung, Rechtsabteilung, Schadensabteilung usw.) zu verbessern, die in einem bestimmten Funktionsbereich mit verschiedenen Interessengruppen verhandelt<\/li>\n<\/ul>\n\t\t\t\t\t\t\t\t<\/div>\n\t\t\t\t<\/div>\n\t\t\t\t\t<\/div>\n\t\t\t\t<\/div>\n\t\t<div class=\"elementor-element elementor-element-5c86bf1 e-flex e-con-boxed e-con e-parent\" data-id=\"5c86bf1\" data-element_type=\"container\" data-e-type=\"container\" data-settings=\"{&quot;background_background&quot;:&quot;classic&quot;}\">\n\t\t\t\t\t<div class=\"e-con-inner\">\n\t\t\t\t<div class=\"elementor-element elementor-element-64d62e2 elementor-widget elementor-widget-heading\" data-id=\"64d62e2\" data-element_type=\"widget\" data-e-type=\"widget\" data-widget_type=\"heading.default\">\n\t\t\t\t<div class=\"elementor-widget-container\">\n\t\t\t\t\t<h2 class=\"elementor-heading-title elementor-size-default\">Methodik\n<\/h2>\t\t\t\t<\/div>\n\t\t\t\t<\/div>\n\t\t\t\t<div class=\"elementor-element elementor-element-8584e37 elementor-widget elementor-widget-text-editor\" data-id=\"8584e37\" data-element_type=\"widget\" data-e-type=\"widget\" data-widget_type=\"text-editor.default\">\n\t\t\t\t<div class=\"elementor-widget-container\">\n\t\t\t\t\t\t\t\t\t<p><strong>Vor dem Workshop:<\/strong><\/p>\n<ul>\n<li>Umfrage vor dem Workshop: Zum Verst\u00e4ndnis der Erwartungen und spezifischen Schwerpunktbereiche der Teilnehmer<\/li>\n<li>Kuratierte Inhalte: Maximal 2 Stunden. Lesestoff \/ Podcasts \/ Videomaterial<\/li>\n<li>Bewertung der Fertigkeiten: Zur Einsch\u00e4tzung des aktuellen Kompetenzniveaus der Teilnehmer<\/li>\n<\/ul>\n<p><strong>W\u00e4hrend des Workshops:<\/strong> <br \/><em>1- 2-t\u00e4giger virtueller oder pers\u00f6nlicher Workshop \/ auf die Bed\u00fcrfnisse des Kunden zugeschnitten<\/em><\/p>\n<ul>\n<li>Der Workshop ist interaktiv, praxisorientiert und bietet mundgerechte Anleitungen zu Konzepten und Werkzeugen.<\/li>\n<li>Vier modulbasierte Themen werden durch interaktive Vortr\u00e4ge, Reflexionen und Gruppenaktivit\u00e4ten behandelt &#8211; Thema 1: Verhandlungstechniken, Thema 2: Sitzungsmoderation und Mediation, Thema 3: Diversit\u00e4tsmanagement in Verhandlungen und Thema 4: Verhandlungen in einem virtuellen \/ hybriden Raum<\/li>\n<li>Gruppenbezogene Verhandlungsaktivit\u00e4ten, Reflexionen der Teilnehmer und Erfahrungslernen.<\/li>\n<\/ul>\n<p><strong>Nach dem Workshop:<\/strong><\/p>\n<ul>\n<li>Praktische \u00dcbungen, Beobachtungen und Materialien. Wiederholungstreffen und Bewertung der F\u00e4higkeiten 3-6 Monate nach dem Workshop (optional)<\/li>\n<\/ul>\n\t\t\t\t\t\t\t\t<\/div>\n\t\t\t\t<\/div>\n\t\t\t\t\t<\/div>\n\t\t\t\t<\/div>\n\t\t\t\t<\/div>\n\t\t","protected":false},"excerpt":{"rendered":"<p>Kommunikation Verhandlungen Verhandlungen In diesem Workshop werden die folgenden Ziele erreicht: Entwicklung und Verbesserung der Verhandlungskompetenz und -techniken der Teilnehmer. Ausbau der Kompetenzen und Techniken der Teilnehmer in den Bereichen Sitzungsmoderation und Mediation. F\u00f6rderung der interkulturellen Kompetenz und des Diversity-Managements, um effektiv zu kommunizieren und \u00fcber Funktionen, Pers\u00f6nlichkeitstypen, Kulturen, Geschlechter, Generationen usw. hinweg positiv zu [&hellip;]<\/p>\n","protected":false},"author":1,"featured_media":0,"parent":3777,"menu_order":0,"comment_status":"closed","ping_status":"closed","template":"","meta":{"site-sidebar-layout":"no-sidebar","site-content-layout":"page-builder","ast-site-content-layout":"default","site-content-style":"default","site-sidebar-style":"default","ast-global-header-display":"","ast-banner-title-visibility":"","ast-main-header-display":"","ast-hfb-above-header-display":"","ast-hfb-below-header-display":"","ast-hfb-mobile-header-display":"","site-post-title":"disabled","ast-breadcrumbs-content":"","ast-featured-img":"disabled","footer-sml-layout":"","theme-transparent-header-meta":"","adv-header-id-meta":"","stick-header-meta":"","header-above-stick-meta":"","header-main-stick-meta":"","header-below-stick-meta":"","astra-migrate-meta-layouts":"default","ast-page-background-enabled":"default","ast-page-background-meta":{"desktop":{"background-color":"","background-image":"","background-repeat":"repeat","background-position":"center center","background-size":"auto","background-attachment":"scroll","background-type":"","background-media":"","overlay-type":"","overlay-color":"","overlay-opacity":"","overlay-gradient":""},"tablet":{"background-color":"","background-image":"","background-repeat":"repeat","background-position":"center center","background-size":"auto","background-attachment":"scroll","background-type":"","background-media":"","overlay-type":"","overlay-color":"","overlay-opacity":"","overlay-gradient":""},"mobile":{"background-color":"","background-image":"","background-repeat":"repeat","background-position":"center center","background-size":"auto","background-attachment":"scroll","background-type":"","background-media":"","overlay-type":"","overlay-color":"","overlay-opacity":"","overlay-gradient":""}},"ast-content-background-meta":{"desktop":{"background-color":"var(--ast-global-color-5)","background-image":"","background-repeat":"repeat","background-position":"center center","background-size":"auto","background-attachment":"scroll","background-type":"","background-media":"","overlay-type":"","overlay-color":"","overlay-opacity":"","overlay-gradient":""},"tablet":{"background-color":"var(--ast-global-color-5)","background-image":"","background-repeat":"repeat","background-position":"center center","background-size":"auto","background-attachment":"scroll","background-type":"","background-media":"","overlay-type":"","overlay-color":"","overlay-opacity":"","overlay-gradient":""},"mobile":{"background-color":"var(--ast-global-color-5)","background-image":"","background-repeat":"repeat","background-position":"center center","background-size":"auto","background-attachment":"scroll","background-type":"","background-media":"","overlay-type":"","overlay-color":"","overlay-opacity":"","overlay-gradient":""}},"footnotes":""},"class_list":["post-3721","page","type-page","status-publish","hentry"],"yoast_head":"<!-- This site is optimized with the Yoast SEO plugin v27.3 - https:\/\/yoast.com\/product\/yoast-seo-wordpress\/ -->\n<title>Verhandlungen des TEC Leadership Institute<\/title>\n<meta name=\"description\" content=\"Aufbau hybrider und virtueller Kommunikationsf\u00e4higkeiten, um erfolgreiche Verhandlungen in der neuen Arbeitsumgebung zu erm\u00f6glichen...\" \/>\n<meta name=\"robots\" content=\"index, follow, max-snippet:-1, max-image-preview:large, max-video-preview:-1\" \/>\n<link rel=\"canonical\" href=\"https:\/\/www.tec-leadership-institute.com\/de\/?page_id=3721\" \/>\n<meta property=\"og:locale\" content=\"de_DE\" \/>\n<meta property=\"og:type\" content=\"article\" \/>\n<meta property=\"og:title\" content=\"Verhandlungen des TEC Leadership Institute\" \/>\n<meta property=\"og:description\" content=\"Aufbau hybrider und virtueller Kommunikationsf\u00e4higkeiten, um erfolgreiche Verhandlungen in der neuen Arbeitsumgebung zu erm\u00f6glichen...\" \/>\n<meta property=\"og:url\" content=\"https:\/\/www.tec-leadership-institute.com\/de\/?page_id=3721\" \/>\n<meta property=\"og:site_name\" content=\"Tec-Leadership-Institute\" \/>\n<meta property=\"article:publisher\" content=\"https:\/\/www.facebook.com\/TECLeadershipInstitute\" \/>\n<meta property=\"article:modified_time\" content=\"2024-01-18T11:35:11+00:00\" \/>\n<meta property=\"og:image\" content=\"https:\/\/www.tec-leadership-institute.com\/wp-content\/uploads\/2025\/09\/New-Wheel-Nov-2024_Copyright.png\" \/>\n\t<meta property=\"og:image:width\" content=\"2479\" \/>\n\t<meta property=\"og:image:height\" content=\"2470\" \/>\n\t<meta property=\"og:image:type\" content=\"image\/png\" \/>\n<meta name=\"twitter:card\" content=\"summary_large_image\" \/>\n<meta name=\"twitter:label1\" content=\"Gesch\u00e4tzte Lesezeit\" \/>\n\t<meta name=\"twitter:data1\" content=\"2\u00a0Minuten\" \/>\n<script type=\"application\/ld+json\" class=\"yoast-schema-graph\">{\"@context\":\"https:\\\/\\\/schema.org\",\"@graph\":[{\"@type\":\"WebPage\",\"@id\":\"https:\\\/\\\/www.tec-leadership-institute.com\\\/de\\\/?page_id=3721\",\"url\":\"https:\\\/\\\/www.tec-leadership-institute.com\\\/de\\\/?page_id=3721\",\"name\":\"Verhandlungen des TEC Leadership Institute\",\"isPartOf\":{\"@id\":\"https:\\\/\\\/www.tec-leadership-institute.com\\\/#website\"},\"datePublished\":\"2023-11-06T09:01:26+00:00\",\"dateModified\":\"2024-01-18T11:35:11+00:00\",\"description\":\"Aufbau hybrider und virtueller Kommunikationsf\u00e4higkeiten, um erfolgreiche Verhandlungen in der neuen Arbeitsumgebung zu erm\u00f6glichen...\",\"breadcrumb\":{\"@id\":\"https:\\\/\\\/www.tec-leadership-institute.com\\\/de\\\/?page_id=3721#breadcrumb\"},\"inLanguage\":\"de\",\"potentialAction\":[{\"@type\":\"ReadAction\",\"target\":[\"https:\\\/\\\/www.tec-leadership-institute.com\\\/de\\\/?page_id=3721\"]}]},{\"@type\":\"BreadcrumbList\",\"@id\":\"https:\\\/\\\/www.tec-leadership-institute.com\\\/de\\\/?page_id=3721#breadcrumb\",\"itemListElement\":[{\"@type\":\"ListItem\",\"position\":1,\"name\":\"Startseite\",\"item\":\"https:\\\/\\\/www.tec-leadership-institute.com\\\/\"},{\"@type\":\"ListItem\",\"position\":2,\"name\":\"Lernen und Entwicklung\",\"item\":\"https:\\\/\\\/www.tec-leadership-institute.com\\\/de\\\/?page_id=3760\"},{\"@type\":\"ListItem\",\"position\":3,\"name\":\"Verhandlungen\"}]},{\"@type\":\"WebSite\",\"@id\":\"https:\\\/\\\/www.tec-leadership-institute.com\\\/#website\",\"url\":\"https:\\\/\\\/www.tec-leadership-institute.com\\\/\",\"name\":\"Tec-Leadership-Institute\",\"description\":\"Personal Leadership, Team and Organizational development\",\"publisher\":{\"@id\":\"https:\\\/\\\/www.tec-leadership-institute.com\\\/#organization\"},\"potentialAction\":[{\"@type\":\"SearchAction\",\"target\":{\"@type\":\"EntryPoint\",\"urlTemplate\":\"https:\\\/\\\/www.tec-leadership-institute.com\\\/?s={search_term_string}\"},\"query-input\":{\"@type\":\"PropertyValueSpecification\",\"valueRequired\":true,\"valueName\":\"search_term_string\"}}],\"inLanguage\":\"de\"},{\"@type\":\"Organization\",\"@id\":\"https:\\\/\\\/www.tec-leadership-institute.com\\\/#organization\",\"name\":\"Tec-Leadership-Institute\",\"url\":\"https:\\\/\\\/www.tec-leadership-institute.com\\\/\",\"logo\":{\"@type\":\"ImageObject\",\"inLanguage\":\"de\",\"@id\":\"https:\\\/\\\/www.tec-leadership-institute.com\\\/#\\\/schema\\\/logo\\\/image\\\/\",\"url\":\"https:\\\/\\\/www.tec-leadership-institute.com\\\/wp-content\\\/uploads\\\/2025\\\/08\\\/cropped-TEC-Logo-Black-Text-Transparent-scaled-1.png\",\"contentUrl\":\"https:\\\/\\\/www.tec-leadership-institute.com\\\/wp-content\\\/uploads\\\/2025\\\/08\\\/cropped-TEC-Logo-Black-Text-Transparent-scaled-1.png\",\"width\":2478,\"height\":472,\"caption\":\"Tec-Leadership-Institute\"},\"image\":{\"@id\":\"https:\\\/\\\/www.tec-leadership-institute.com\\\/#\\\/schema\\\/logo\\\/image\\\/\"},\"sameAs\":[\"https:\\\/\\\/www.facebook.com\\\/TECLeadershipInstitute\",\"https:\\\/\\\/www.linkedin.com\\\/company\\\/tec-leadership-institute-gmbh\\\/\"]}]}<\/script>\n<!-- \/ Yoast SEO plugin. -->","yoast_head_json":{"title":"Verhandlungen des TEC Leadership Institute","description":"Aufbau hybrider und virtueller Kommunikationsf\u00e4higkeiten, um erfolgreiche Verhandlungen in der neuen Arbeitsumgebung zu erm\u00f6glichen...","robots":{"index":"index","follow":"follow","max-snippet":"max-snippet:-1","max-image-preview":"max-image-preview:large","max-video-preview":"max-video-preview:-1"},"canonical":"https:\/\/www.tec-leadership-institute.com\/de\/?page_id=3721","og_locale":"de_DE","og_type":"article","og_title":"Verhandlungen des TEC Leadership Institute","og_description":"Aufbau hybrider und virtueller Kommunikationsf\u00e4higkeiten, um erfolgreiche Verhandlungen in der neuen Arbeitsumgebung zu erm\u00f6glichen...","og_url":"https:\/\/www.tec-leadership-institute.com\/de\/?page_id=3721","og_site_name":"Tec-Leadership-Institute","article_publisher":"https:\/\/www.facebook.com\/TECLeadershipInstitute","article_modified_time":"2024-01-18T11:35:11+00:00","og_image":[{"width":2479,"height":2470,"url":"https:\/\/www.tec-leadership-institute.com\/wp-content\/uploads\/2025\/09\/New-Wheel-Nov-2024_Copyright.png","type":"image\/png"}],"twitter_card":"summary_large_image","twitter_misc":{"Gesch\u00e4tzte Lesezeit":"2\u00a0Minuten"},"schema":{"@context":"https:\/\/schema.org","@graph":[{"@type":"WebPage","@id":"https:\/\/www.tec-leadership-institute.com\/de\/?page_id=3721","url":"https:\/\/www.tec-leadership-institute.com\/de\/?page_id=3721","name":"Verhandlungen des TEC Leadership Institute","isPartOf":{"@id":"https:\/\/www.tec-leadership-institute.com\/#website"},"datePublished":"2023-11-06T09:01:26+00:00","dateModified":"2024-01-18T11:35:11+00:00","description":"Aufbau hybrider und virtueller Kommunikationsf\u00e4higkeiten, um erfolgreiche Verhandlungen in der neuen Arbeitsumgebung zu erm\u00f6glichen...","breadcrumb":{"@id":"https:\/\/www.tec-leadership-institute.com\/de\/?page_id=3721#breadcrumb"},"inLanguage":"de","potentialAction":[{"@type":"ReadAction","target":["https:\/\/www.tec-leadership-institute.com\/de\/?page_id=3721"]}]},{"@type":"BreadcrumbList","@id":"https:\/\/www.tec-leadership-institute.com\/de\/?page_id=3721#breadcrumb","itemListElement":[{"@type":"ListItem","position":1,"name":"Startseite","item":"https:\/\/www.tec-leadership-institute.com\/"},{"@type":"ListItem","position":2,"name":"Lernen und Entwicklung","item":"https:\/\/www.tec-leadership-institute.com\/de\/?page_id=3760"},{"@type":"ListItem","position":3,"name":"Verhandlungen"}]},{"@type":"WebSite","@id":"https:\/\/www.tec-leadership-institute.com\/#website","url":"https:\/\/www.tec-leadership-institute.com\/","name":"Tec-Leadership-Institute","description":"Personal Leadership, Team and Organizational development","publisher":{"@id":"https:\/\/www.tec-leadership-institute.com\/#organization"},"potentialAction":[{"@type":"SearchAction","target":{"@type":"EntryPoint","urlTemplate":"https:\/\/www.tec-leadership-institute.com\/?s={search_term_string}"},"query-input":{"@type":"PropertyValueSpecification","valueRequired":true,"valueName":"search_term_string"}}],"inLanguage":"de"},{"@type":"Organization","@id":"https:\/\/www.tec-leadership-institute.com\/#organization","name":"Tec-Leadership-Institute","url":"https:\/\/www.tec-leadership-institute.com\/","logo":{"@type":"ImageObject","inLanguage":"de","@id":"https:\/\/www.tec-leadership-institute.com\/#\/schema\/logo\/image\/","url":"https:\/\/www.tec-leadership-institute.com\/wp-content\/uploads\/2025\/08\/cropped-TEC-Logo-Black-Text-Transparent-scaled-1.png","contentUrl":"https:\/\/www.tec-leadership-institute.com\/wp-content\/uploads\/2025\/08\/cropped-TEC-Logo-Black-Text-Transparent-scaled-1.png","width":2478,"height":472,"caption":"Tec-Leadership-Institute"},"image":{"@id":"https:\/\/www.tec-leadership-institute.com\/#\/schema\/logo\/image\/"},"sameAs":["https:\/\/www.facebook.com\/TECLeadershipInstitute","https:\/\/www.linkedin.com\/company\/tec-leadership-institute-gmbh\/"]}]}},"_links":{"self":[{"href":"https:\/\/www.tec-leadership-institute.com\/de\/wp-json\/wp\/v2\/pages\/3721","targetHints":{"allow":["GET"]}}],"collection":[{"href":"https:\/\/www.tec-leadership-institute.com\/de\/wp-json\/wp\/v2\/pages"}],"about":[{"href":"https:\/\/www.tec-leadership-institute.com\/de\/wp-json\/wp\/v2\/types\/page"}],"author":[{"embeddable":true,"href":"https:\/\/www.tec-leadership-institute.com\/de\/wp-json\/wp\/v2\/users\/1"}],"replies":[{"embeddable":true,"href":"https:\/\/www.tec-leadership-institute.com\/de\/wp-json\/wp\/v2\/comments?post=3721"}],"version-history":[{"count":4,"href":"https:\/\/www.tec-leadership-institute.com\/de\/wp-json\/wp\/v2\/pages\/3721\/revisions"}],"predecessor-version":[{"id":3768,"href":"https:\/\/www.tec-leadership-institute.com\/de\/wp-json\/wp\/v2\/pages\/3721\/revisions\/3768"}],"up":[{"embeddable":true,"href":"https:\/\/www.tec-leadership-institute.com\/de\/wp-json\/wp\/v2\/pages\/3777"}],"wp:attachment":[{"href":"https:\/\/www.tec-leadership-institute.com\/de\/wp-json\/wp\/v2\/media?parent=3721"}],"curies":[{"name":"wp","href":"https:\/\/api.w.org\/{rel}","templated":true}]}}