{"id":3804,"date":"2023-12-11T14:26:48","date_gmt":"2023-12-11T14:26:48","guid":{"rendered":"https:\/\/www.tec-leadership-institute.com\/future-fit-leadership-assessment\/"},"modified":"2024-01-18T15:24:54","modified_gmt":"2024-01-18T15:24:54","slug":"future-fit-leadership-assessment","status":"publish","type":"page","link":"https:\/\/www.tec-leadership-institute.com\/de\/future-fit-leadership-assessment\/","title":{"rendered":"Future-Fit Leadership Assessment"},"content":{"rendered":"\t\t<div data-elementor-type=\"wp-page\" data-elementor-id=\"3804\" class=\"elementor elementor-3804 elementor-2033\" data-elementor-post-type=\"page\">\n\t\t\t\t<div class=\"elementor-element elementor-element-9ef7e87 e-flex e-con-boxed e-con e-parent\" data-id=\"9ef7e87\" data-element_type=\"container\" data-e-type=\"container\" data-settings=\"{&quot;background_background&quot;:&quot;classic&quot;}\">\n\t\t\t\t\t<div class=\"e-con-inner\">\n\t\t<div class=\"elementor-element elementor-element-1e507b4 e-con-full e-flex e-con e-child\" data-id=\"1e507b4\" data-element_type=\"container\" data-e-type=\"container\">\n\t\t\t\t<\/div>\n\t\t\t\t\t<\/div>\n\t\t\t\t<\/div>\n\t\t<div class=\"elementor-element elementor-element-4ff4a08 e-flex e-con-boxed e-con e-parent\" data-id=\"4ff4a08\" data-element_type=\"container\" data-e-type=\"container\" data-settings=\"{&quot;background_background&quot;:&quot;classic&quot;}\">\n\t\t\t\t\t<div class=\"e-con-inner\">\n\t\t<div class=\"elementor-element elementor-element-2af2bf7 e-con-full e-flex e-con e-child\" data-id=\"2af2bf7\" data-element_type=\"container\" data-e-type=\"container\">\n\t\t\t\t<div class=\"elementor-element elementor-element-7aac8c3 elementor-widget__width-initial elementor-widget elementor-widget-heading\" data-id=\"7aac8c3\" data-element_type=\"widget\" data-e-type=\"widget\" data-widget_type=\"heading.default\">\n\t\t\t\t<div class=\"elementor-widget-container\">\n\t\t\t\t\t<h1 class=\"elementor-heading-title elementor-size-default\">Future-Fit Leadership Assessment<\/h1>\t\t\t\t<\/div>\n\t\t\t\t<\/div>\n\t\t\t\t<\/div>\n\t\t<div class=\"elementor-element elementor-element-89a5c9b e-con-full e-flex e-con e-child\" data-id=\"89a5c9b\" data-element_type=\"container\" data-e-type=\"container\">\n\t\t\t\t<div class=\"elementor-element elementor-element-f3fbfc0 elementor-widget elementor-widget-heading\" data-id=\"f3fbfc0\" data-element_type=\"widget\" data-e-type=\"widget\" data-widget_type=\"heading.default\">\n\t\t\t\t<div class=\"elementor-widget-container\">\n\t\t\t\t\t<h5 class=\"elementor-heading-title elementor-size-default\">Das wissenschaftlich validierte Future-Fit Leadership (FFL)-Assessment wurde entwickelt, um F\u00fchrungskr\u00e4ften zu helfen, St\u00e4rken und Entwicklungsbereiche auf der Grundlage der acht Kernkompetenzen zu identifizieren. Die F\u00fchrungskr\u00e4fte werden dabei unterst\u00fctzt, sich in der spr\u00f6den, \u00e4ngstlichen, nicht-linearen und unverst\u00e4ndlichen (BANI) Welt kontinuierlich zu entwickeln, mit unseren acht Kernkompetenzen, Werkzeugen und Techniken eine Wachstumsmentalit\u00e4t zu f\u00f6rdern, um als F\u00fchrungskraft relevant zu bleiben und fit f\u00fcr die Zukunft der Arbeit zu werden.<\/h5>\t\t\t\t<\/div>\n\t\t\t\t<\/div>\n\t\t\t\t<div class=\"elementor-element elementor-element-a3e28db elementor-widget elementor-widget-image\" data-id=\"a3e28db\" data-element_type=\"widget\" data-e-type=\"widget\" data-widget_type=\"image.default\">\n\t\t\t\t<div class=\"elementor-widget-container\">\n\t\t\t\t\t\t\t\t\t\t\t\t\t\t\t<img fetchpriority=\"high\" decoding=\"async\" width=\"1019\" height=\"392\" src=\"https:\/\/www.tec-leadership-institute.com\/wp-content\/uploads\/2023\/12\/Future-Fit-Leadership-Framework-Copyright-1024x394.png\" class=\"attachment-large size-large wp-image-3123\" alt=\"\" srcset=\"https:\/\/www.tec-leadership-institute.com\/wp-content\/uploads\/2023\/12\/Future-Fit-Leadership-Framework-Copyright-1024x394.png 1024w, https:\/\/www.tec-leadership-institute.com\/wp-content\/uploads\/2023\/12\/Future-Fit-Leadership-Framework-Copyright-300x115.png 300w, https:\/\/www.tec-leadership-institute.com\/wp-content\/uploads\/2023\/12\/Future-Fit-Leadership-Framework-Copyright-768x295.png 768w, https:\/\/www.tec-leadership-institute.com\/wp-content\/uploads\/2023\/12\/Future-Fit-Leadership-Framework-Copyright-1536x590.png 1536w, https:\/\/www.tec-leadership-institute.com\/wp-content\/uploads\/2023\/12\/Future-Fit-Leadership-Framework-Copyright-2048x787.png 2048w\" sizes=\"(max-width: 1019px) 100vw, 1019px\" \/>\t\t\t\t\t\t\t\t\t\t\t\t\t\t\t<\/div>\n\t\t\t\t<\/div>\n\t\t\t\t<\/div>\n\t\t\t\t\t<\/div>\n\t\t\t\t<\/div>\n\t\t<div class=\"elementor-element elementor-element-cc80412 e-flex e-con-boxed e-con e-parent\" data-id=\"cc80412\" data-element_type=\"container\" data-e-type=\"container\" data-settings=\"{&quot;background_background&quot;:&quot;classic&quot;}\">\n\t\t\t\t\t<div class=\"e-con-inner\">\n\t\t\t\t<div class=\"elementor-element elementor-element-14b3d24 elementor-widget__width-initial elementor-widget elementor-widget-heading\" data-id=\"14b3d24\" data-element_type=\"widget\" data-e-type=\"widget\" data-widget_type=\"heading.default\">\n\t\t\t\t<div class=\"elementor-widget-container\">\n\t\t\t\t\t<h2 class=\"elementor-heading-title elementor-size-default\">Zielgruppe<\/h2>\t\t\t\t<\/div>\n\t\t\t\t<\/div>\n\t\t\t\t<div class=\"elementor-element elementor-element-ade80ee elementor-widget elementor-widget-heading\" data-id=\"ade80ee\" data-element_type=\"widget\" data-e-type=\"widget\" data-widget_type=\"heading.default\">\n\t\t\t\t<div class=\"elementor-widget-container\">\n\t\t\t\t\t<h5 class=\"elementor-heading-title elementor-size-default\">Das Future-Fit Leadership Program richtet sich an Fachleute in verschiedenen Funktionen und Abteilungen Ihres Unternehmens, darunter:<\/h5>\t\t\t\t<\/div>\n\t\t\t\t<\/div>\n\t\t\t\t<div class=\"elementor-element elementor-element-8d71886 elementor-widget elementor-widget-text-editor\" data-id=\"8d71886\" data-element_type=\"widget\" data-e-type=\"widget\" data-widget_type=\"text-editor.default\">\n\t\t\t\t<div class=\"elementor-widget-container\">\n\t\t\t\t\t\t\t\t\t<ul>\n<li>Leitende Angestellte und F\u00fchrungskr\u00e4fte der ersten Reihe und ihre Teams: Verstehen der Bed\u00fcrfnisse, vorhandenen und sich entwickelnden F\u00e4higkeiten Ihrer Teams, F\u00f6rderung eines kollaborativen und vertrauensvollen Teams mit dem Ziel der Zukunftsf\u00e4higkeit<\/li>\n<li>Funktions\u00fcbergreifende Teams: Verbesserung der Anpassungsf\u00e4higkeit f\u00fcr eine effektive Zusammenarbeit und Kommunikation zwischen verschiedenen Teams durch das Verst\u00e4ndnis ihrer Rollen und F\u00e4higkeiten<\/li>\n<li>Neu gebildete Teams: Die Reise der Teams beginnt mit einer soliden Grundlage des Vertrauens und des Zusammenhalts, indem zun\u00e4chst die Geschichte der einzelnen Personen, ihre Fachkenntnisse und Verbesserungsm\u00f6glichkeiten sowie die Ziele f\u00fcr die Arbeit im ernannten Team verstanden werden.<\/li>\n<\/ul>\n\t\t\t\t\t\t\t\t<\/div>\n\t\t\t\t<\/div>\n\t\t\t\t\t<\/div>\n\t\t\t\t<\/div>\n\t\t<div class=\"elementor-element elementor-element-784117e e-flex e-con-boxed e-con e-parent\" data-id=\"784117e\" data-element_type=\"container\" data-e-type=\"container\">\n\t\t\t\t\t<div class=\"e-con-inner\">\n\t\t<div class=\"elementor-element elementor-element-12b3f3d e-con-full e-flex e-con e-child\" data-id=\"12b3f3d\" data-element_type=\"container\" data-e-type=\"container\" data-settings=\"{&quot;background_background&quot;:&quot;classic&quot;}\">\n\t\t\t\t<div class=\"elementor-element elementor-element-24685dc elementor-widget elementor-widget-heading\" data-id=\"24685dc\" data-element_type=\"widget\" data-e-type=\"widget\" data-widget_type=\"heading.default\">\n\t\t\t\t<div class=\"elementor-widget-container\">\n\t\t\t\t\t<h2 class=\"elementor-heading-title elementor-size-default\">Was ist das Assessment &amp; Debriefing?<\/h2>\t\t\t\t<\/div>\n\t\t\t\t<\/div>\n\t\t\t\t<div class=\"elementor-element elementor-element-6a65213 elementor-widget elementor-widget-text-editor\" data-id=\"6a65213\" data-element_type=\"widget\" data-e-type=\"widget\" data-widget_type=\"text-editor.default\">\n\t\t\t\t<div class=\"elementor-widget-container\">\n\t\t\t\t\t\t\t\t\t<p>Unser Future-Fit Leadership Assessment und Debriefing bewertet die Bereitschaft von F\u00fchrungskr\u00e4ften f\u00fcr die Herausforderungen des heutigen Arbeitsplatzes und der Zukunft der Arbeit. Um diese Bereitschaft zu beurteilen, k\u00f6nnen Sie zwischen zwei wissenschaftlich fundierten Bewertungen w\u00e4hlen:<\/p>\n\t\t\t\t\t\t\t\t<\/div>\n\t\t\t\t<\/div>\n\t\t\t\t<div class=\"elementor-element elementor-element-c3650d1 elementor-widget elementor-widget-text-editor\" data-id=\"c3650d1\" data-element_type=\"widget\" data-e-type=\"widget\" data-widget_type=\"text-editor.default\">\n\t\t\t\t<div class=\"elementor-widget-container\">\n\t\t\t\t\t\t\t\t\t<p>&#8211; FFL-Selbstbeurteilung<\/p>\n<p>&#8211; FFL 360\u00b0-Bewertung<\/p>\n\t\t\t\t\t\t\t\t<\/div>\n\t\t\t\t<\/div>\n\t\t\t\t<div class=\"elementor-element elementor-element-7d2504e elementor-widget elementor-widget-heading\" data-id=\"7d2504e\" data-element_type=\"widget\" data-e-type=\"widget\" data-widget_type=\"heading.default\">\n\t\t\t\t<div class=\"elementor-widget-container\">\n\t\t\t\t\t<h5 class=\"elementor-heading-title elementor-size-default\">Weitere Informationen finden Sie auf unserer Website:<\/h5>\t\t\t\t<\/div>\n\t\t\t\t<\/div>\n\t\t\t\t<div class=\"elementor-element elementor-element-dc2c1e3 elementor-widget elementor-widget-button\" data-id=\"dc2c1e3\" data-element_type=\"widget\" data-e-type=\"widget\" data-widget_type=\"button.default\">\n\t\t\t\t<div class=\"elementor-widget-container\">\n\t\t\t\t\t\t\t\t\t<div class=\"elementor-button-wrapper\">\n\t\t\t\t\t<a class=\"elementor-button elementor-button-link elementor-size-sm\" href=\"\">\n\t\t\t\t\t\t<span class=\"elementor-button-content-wrapper\">\n\t\t\t\t\t\t\t\t\t<span class=\"elementor-button-text\">Future-Fit Leadership Website<\/span>\n\t\t\t\t\t<\/span>\n\t\t\t\t\t<\/a>\n\t\t\t\t<\/div>\n\t\t\t\t\t\t\t\t<\/div>\n\t\t\t\t<\/div>\n\t\t\t\t<\/div>\n\t\t<div class=\"elementor-element elementor-element-e650484 e-con-full e-flex e-con e-child\" data-id=\"e650484\" data-element_type=\"container\" data-e-type=\"container\" data-settings=\"{&quot;background_background&quot;:&quot;classic&quot;}\">\n\t\t\t\t<\/div>\n\t\t\t\t\t<\/div>\n\t\t\t\t<\/div>\n\t\t\t\t<\/div>\n\t\t","protected":false},"excerpt":{"rendered":"<p>Future-Fit Leadership Assessment Das wissenschaftlich validierte Future-Fit Leadership (FFL)-Assessment wurde entwickelt, um F\u00fchrungskr\u00e4ften zu helfen, St\u00e4rken und Entwicklungsbereiche auf der Grundlage der acht Kernkompetenzen zu identifizieren. Die F\u00fchrungskr\u00e4fte werden dabei unterst\u00fctzt, sich in der spr\u00f6den, \u00e4ngstlichen, nicht-linearen und unverst\u00e4ndlichen (BANI) Welt kontinuierlich zu entwickeln, mit unseren acht Kernkompetenzen, Werkzeugen und Techniken eine Wachstumsmentalit\u00e4t zu f\u00f6rdern, [&hellip;]<\/p>\n","protected":false},"author":1,"featured_media":0,"parent":0,"menu_order":0,"comment_status":"closed","ping_status":"closed","template":"","meta":{"site-sidebar-layout":"no-sidebar","site-content-layout":"page-builder","ast-site-content-layout":"full-width-container","site-content-style":"default","site-sidebar-style":"default","ast-global-header-display":"","ast-banner-title-visibility":"","ast-main-header-display":"","ast-hfb-above-header-display":"","ast-hfb-below-header-display":"","ast-hfb-mobile-header-display":"","site-post-title":"disabled","ast-breadcrumbs-content":"","ast-featured-img":"disabled","footer-sml-layout":"","theme-transparent-header-meta":"","adv-header-id-meta":"","stick-header-meta":"","header-above-stick-meta":"","header-main-stick-meta":"","header-below-stick-meta":"","astra-migrate-meta-layouts":"default","ast-page-background-enabled":"default","ast-page-background-meta":{"desktop":{"background-color":"","background-image":"","background-repeat":"repeat","background-position":"center center","background-size":"auto","background-attachment":"scroll","background-type":"","background-media":"","overlay-type":"","overlay-color":"","overlay-opacity":"","overlay-gradient":""},"tablet":{"background-color":"","background-image":"","background-repeat":"repeat","background-position":"center center","background-size":"auto","background-attachment":"scroll","background-type":"","background-media":"","overlay-type":"","overlay-color":"","overlay-opacity":"","overlay-gradient":""},"mobile":{"background-color":"","background-image":"","background-repeat":"repeat","background-position":"center center","background-size":"auto","background-attachment":"scroll","background-type":"","background-media":"","overlay-type":"","overlay-color":"","overlay-opacity":"","overlay-gradient":""}},"ast-content-background-meta":{"desktop":{"background-color":"var(--ast-global-color-5)","background-image":"","background-repeat":"repeat","background-position":"center center","background-size":"auto","background-attachment":"scroll","background-type":"","background-media":"","overlay-type":"","overlay-color":"","overlay-opacity":"","overlay-gradient":""},"tablet":{"background-color":"var(--ast-global-color-5)","background-image":"","background-repeat":"repeat","background-position":"center center","background-size":"auto","background-attachment":"scroll","background-type":"","background-media":"","overlay-type":"","overlay-color":"","overlay-opacity":"","overlay-gradient":""},"mobile":{"background-color":"var(--ast-global-color-5)","background-image":"","background-repeat":"repeat","background-position":"center center","background-size":"auto","background-attachment":"scroll","background-type":"","background-media":"","overlay-type":"","overlay-color":"","overlay-opacity":"","overlay-gradient":""}},"footnotes":""},"class_list":["post-3804","page","type-page","status-publish","hentry"],"yoast_head":"<!-- This site is optimized with the Yoast SEO plugin v27.3 - https:\/\/yoast.com\/product\/yoast-seo-wordpress\/ -->\n<title>Future-Fit Leadership Assessment von TEC<\/title>\n<meta name=\"description\" content=\"Das wissenschaftlich validierte Future-Fit Leadership (FFL)-Assessment wurde entwickelt, um F\u00fchrungskr\u00e4ften zu helfen, St\u00e4rken und...\" \/>\n<meta name=\"robots\" content=\"index, follow, max-snippet:-1, max-image-preview:large, max-video-preview:-1\" \/>\n<link rel=\"canonical\" href=\"https:\/\/www.tec-leadership-institute.com\/de\/?page_id=3804\" \/>\n<meta property=\"og:locale\" content=\"de_DE\" \/>\n<meta property=\"og:type\" content=\"article\" \/>\n<meta property=\"og:title\" content=\"Future-Fit Leadership Assessment von TEC\" \/>\n<meta property=\"og:description\" content=\"Das wissenschaftlich validierte Future-Fit Leadership (FFL)-Assessment wurde entwickelt, um F\u00fchrungskr\u00e4ften zu helfen, St\u00e4rken und...\" \/>\n<meta property=\"og:url\" content=\"https:\/\/www.tec-leadership-institute.com\/de\/?page_id=3804\" \/>\n<meta property=\"og:site_name\" content=\"Tec-Leadership-Institute\" \/>\n<meta property=\"article:publisher\" content=\"https:\/\/www.facebook.com\/TECLeadershipInstitute\" \/>\n<meta property=\"article:modified_time\" content=\"2024-01-18T15:24:54+00:00\" \/>\n<meta property=\"og:image\" content=\"https:\/\/www.tec-leadership-institute.com\/wp-content\/uploads\/2023\/12\/Future-Fit-Leadership-Framework-Copyright-1024x394.png\" \/>\n<meta name=\"twitter:card\" content=\"summary_large_image\" \/>\n<meta name=\"twitter:label1\" content=\"Gesch\u00e4tzte Lesezeit\" \/>\n\t<meta name=\"twitter:data1\" content=\"1\u00a0Minute\" \/>\n<script type=\"application\/ld+json\" class=\"yoast-schema-graph\">{\"@context\":\"https:\\\/\\\/schema.org\",\"@graph\":[{\"@type\":\"WebPage\",\"@id\":\"https:\\\/\\\/www.tec-leadership-institute.com\\\/de\\\/?page_id=3804\",\"url\":\"https:\\\/\\\/www.tec-leadership-institute.com\\\/de\\\/?page_id=3804\",\"name\":\"Future-Fit Leadership Assessment von TEC\",\"isPartOf\":{\"@id\":\"https:\\\/\\\/www.tec-leadership-institute.com\\\/#website\"},\"primaryImageOfPage\":{\"@id\":\"https:\\\/\\\/www.tec-leadership-institute.com\\\/de\\\/?page_id=3804#primaryimage\"},\"image\":{\"@id\":\"https:\\\/\\\/www.tec-leadership-institute.com\\\/de\\\/?page_id=3804#primaryimage\"},\"thumbnailUrl\":\"https:\\\/\\\/www.tec-leadership-institute.com\\\/wp-content\\\/uploads\\\/2023\\\/12\\\/Future-Fit-Leadership-Framework-Copyright-1024x394.png\",\"datePublished\":\"2023-12-11T14:26:48+00:00\",\"dateModified\":\"2024-01-18T15:24:54+00:00\",\"description\":\"Das wissenschaftlich validierte Future-Fit Leadership (FFL)-Assessment wurde entwickelt, um F\u00fchrungskr\u00e4ften zu helfen, St\u00e4rken und...\",\"breadcrumb\":{\"@id\":\"https:\\\/\\\/www.tec-leadership-institute.com\\\/de\\\/?page_id=3804#breadcrumb\"},\"inLanguage\":\"de\",\"potentialAction\":[{\"@type\":\"ReadAction\",\"target\":[\"https:\\\/\\\/www.tec-leadership-institute.com\\\/de\\\/?page_id=3804\"]}]},{\"@type\":\"ImageObject\",\"inLanguage\":\"de\",\"@id\":\"https:\\\/\\\/www.tec-leadership-institute.com\\\/de\\\/?page_id=3804#primaryimage\",\"url\":\"https:\\\/\\\/www.tec-leadership-institute.com\\\/wp-content\\\/uploads\\\/2023\\\/12\\\/Future-Fit-Leadership-Framework-Copyright-1024x394.png\",\"contentUrl\":\"https:\\\/\\\/www.tec-leadership-institute.com\\\/wp-content\\\/uploads\\\/2023\\\/12\\\/Future-Fit-Leadership-Framework-Copyright-1024x394.png\"},{\"@type\":\"BreadcrumbList\",\"@id\":\"https:\\\/\\\/www.tec-leadership-institute.com\\\/de\\\/?page_id=3804#breadcrumb\",\"itemListElement\":[{\"@type\":\"ListItem\",\"position\":1,\"name\":\"Startseite\",\"item\":\"https:\\\/\\\/www.tec-leadership-institute.com\\\/\"},{\"@type\":\"ListItem\",\"position\":2,\"name\":\"Future-Fit Leadership Assessment\"}]},{\"@type\":\"WebSite\",\"@id\":\"https:\\\/\\\/www.tec-leadership-institute.com\\\/#website\",\"url\":\"https:\\\/\\\/www.tec-leadership-institute.com\\\/\",\"name\":\"Tec-Leadership-Institute\",\"description\":\"Personal Leadership, Team and Organizational development\",\"publisher\":{\"@id\":\"https:\\\/\\\/www.tec-leadership-institute.com\\\/#organization\"},\"potentialAction\":[{\"@type\":\"SearchAction\",\"target\":{\"@type\":\"EntryPoint\",\"urlTemplate\":\"https:\\\/\\\/www.tec-leadership-institute.com\\\/?s={search_term_string}\"},\"query-input\":{\"@type\":\"PropertyValueSpecification\",\"valueRequired\":true,\"valueName\":\"search_term_string\"}}],\"inLanguage\":\"de\"},{\"@type\":\"Organization\",\"@id\":\"https:\\\/\\\/www.tec-leadership-institute.com\\\/#organization\",\"name\":\"Tec-Leadership-Institute\",\"url\":\"https:\\\/\\\/www.tec-leadership-institute.com\\\/\",\"logo\":{\"@type\":\"ImageObject\",\"inLanguage\":\"de\",\"@id\":\"https:\\\/\\\/www.tec-leadership-institute.com\\\/#\\\/schema\\\/logo\\\/image\\\/\",\"url\":\"https:\\\/\\\/www.tec-leadership-institute.com\\\/wp-content\\\/uploads\\\/2025\\\/08\\\/cropped-TEC-Logo-Black-Text-Transparent-scaled-1.png\",\"contentUrl\":\"https:\\\/\\\/www.tec-leadership-institute.com\\\/wp-content\\\/uploads\\\/2025\\\/08\\\/cropped-TEC-Logo-Black-Text-Transparent-scaled-1.png\",\"width\":2478,\"height\":472,\"caption\":\"Tec-Leadership-Institute\"},\"image\":{\"@id\":\"https:\\\/\\\/www.tec-leadership-institute.com\\\/#\\\/schema\\\/logo\\\/image\\\/\"},\"sameAs\":[\"https:\\\/\\\/www.facebook.com\\\/TECLeadershipInstitute\",\"https:\\\/\\\/www.linkedin.com\\\/company\\\/tec-leadership-institute-gmbh\\\/\"]}]}<\/script>\n<!-- \/ Yoast SEO plugin. -->","yoast_head_json":{"title":"Future-Fit Leadership Assessment von TEC","description":"Das wissenschaftlich validierte Future-Fit Leadership (FFL)-Assessment wurde entwickelt, um F\u00fchrungskr\u00e4ften zu helfen, St\u00e4rken und...","robots":{"index":"index","follow":"follow","max-snippet":"max-snippet:-1","max-image-preview":"max-image-preview:large","max-video-preview":"max-video-preview:-1"},"canonical":"https:\/\/www.tec-leadership-institute.com\/de\/?page_id=3804","og_locale":"de_DE","og_type":"article","og_title":"Future-Fit Leadership Assessment von TEC","og_description":"Das wissenschaftlich validierte Future-Fit Leadership (FFL)-Assessment wurde entwickelt, um F\u00fchrungskr\u00e4ften zu helfen, St\u00e4rken und...","og_url":"https:\/\/www.tec-leadership-institute.com\/de\/?page_id=3804","og_site_name":"Tec-Leadership-Institute","article_publisher":"https:\/\/www.facebook.com\/TECLeadershipInstitute","article_modified_time":"2024-01-18T15:24:54+00:00","og_image":[{"url":"https:\/\/www.tec-leadership-institute.com\/wp-content\/uploads\/2023\/12\/Future-Fit-Leadership-Framework-Copyright-1024x394.png","type":"","width":"","height":""}],"twitter_card":"summary_large_image","twitter_misc":{"Gesch\u00e4tzte Lesezeit":"1\u00a0Minute"},"schema":{"@context":"https:\/\/schema.org","@graph":[{"@type":"WebPage","@id":"https:\/\/www.tec-leadership-institute.com\/de\/?page_id=3804","url":"https:\/\/www.tec-leadership-institute.com\/de\/?page_id=3804","name":"Future-Fit Leadership Assessment von TEC","isPartOf":{"@id":"https:\/\/www.tec-leadership-institute.com\/#website"},"primaryImageOfPage":{"@id":"https:\/\/www.tec-leadership-institute.com\/de\/?page_id=3804#primaryimage"},"image":{"@id":"https:\/\/www.tec-leadership-institute.com\/de\/?page_id=3804#primaryimage"},"thumbnailUrl":"https:\/\/www.tec-leadership-institute.com\/wp-content\/uploads\/2023\/12\/Future-Fit-Leadership-Framework-Copyright-1024x394.png","datePublished":"2023-12-11T14:26:48+00:00","dateModified":"2024-01-18T15:24:54+00:00","description":"Das wissenschaftlich validierte Future-Fit Leadership (FFL)-Assessment wurde entwickelt, um F\u00fchrungskr\u00e4ften zu helfen, St\u00e4rken und...","breadcrumb":{"@id":"https:\/\/www.tec-leadership-institute.com\/de\/?page_id=3804#breadcrumb"},"inLanguage":"de","potentialAction":[{"@type":"ReadAction","target":["https:\/\/www.tec-leadership-institute.com\/de\/?page_id=3804"]}]},{"@type":"ImageObject","inLanguage":"de","@id":"https:\/\/www.tec-leadership-institute.com\/de\/?page_id=3804#primaryimage","url":"https:\/\/www.tec-leadership-institute.com\/wp-content\/uploads\/2023\/12\/Future-Fit-Leadership-Framework-Copyright-1024x394.png","contentUrl":"https:\/\/www.tec-leadership-institute.com\/wp-content\/uploads\/2023\/12\/Future-Fit-Leadership-Framework-Copyright-1024x394.png"},{"@type":"BreadcrumbList","@id":"https:\/\/www.tec-leadership-institute.com\/de\/?page_id=3804#breadcrumb","itemListElement":[{"@type":"ListItem","position":1,"name":"Startseite","item":"https:\/\/www.tec-leadership-institute.com\/"},{"@type":"ListItem","position":2,"name":"Future-Fit Leadership Assessment"}]},{"@type":"WebSite","@id":"https:\/\/www.tec-leadership-institute.com\/#website","url":"https:\/\/www.tec-leadership-institute.com\/","name":"Tec-Leadership-Institute","description":"Personal Leadership, Team and Organizational development","publisher":{"@id":"https:\/\/www.tec-leadership-institute.com\/#organization"},"potentialAction":[{"@type":"SearchAction","target":{"@type":"EntryPoint","urlTemplate":"https:\/\/www.tec-leadership-institute.com\/?s={search_term_string}"},"query-input":{"@type":"PropertyValueSpecification","valueRequired":true,"valueName":"search_term_string"}}],"inLanguage":"de"},{"@type":"Organization","@id":"https:\/\/www.tec-leadership-institute.com\/#organization","name":"Tec-Leadership-Institute","url":"https:\/\/www.tec-leadership-institute.com\/","logo":{"@type":"ImageObject","inLanguage":"de","@id":"https:\/\/www.tec-leadership-institute.com\/#\/schema\/logo\/image\/","url":"https:\/\/www.tec-leadership-institute.com\/wp-content\/uploads\/2025\/08\/cropped-TEC-Logo-Black-Text-Transparent-scaled-1.png","contentUrl":"https:\/\/www.tec-leadership-institute.com\/wp-content\/uploads\/2025\/08\/cropped-TEC-Logo-Black-Text-Transparent-scaled-1.png","width":2478,"height":472,"caption":"Tec-Leadership-Institute"},"image":{"@id":"https:\/\/www.tec-leadership-institute.com\/#\/schema\/logo\/image\/"},"sameAs":["https:\/\/www.facebook.com\/TECLeadershipInstitute","https:\/\/www.linkedin.com\/company\/tec-leadership-institute-gmbh\/"]}]}},"_links":{"self":[{"href":"https:\/\/www.tec-leadership-institute.com\/de\/wp-json\/wp\/v2\/pages\/3804","targetHints":{"allow":["GET"]}}],"collection":[{"href":"https:\/\/www.tec-leadership-institute.com\/de\/wp-json\/wp\/v2\/pages"}],"about":[{"href":"https:\/\/www.tec-leadership-institute.com\/de\/wp-json\/wp\/v2\/types\/page"}],"author":[{"embeddable":true,"href":"https:\/\/www.tec-leadership-institute.com\/de\/wp-json\/wp\/v2\/users\/1"}],"replies":[{"embeddable":true,"href":"https:\/\/www.tec-leadership-institute.com\/de\/wp-json\/wp\/v2\/comments?post=3804"}],"version-history":[{"count":2,"href":"https:\/\/www.tec-leadership-institute.com\/de\/wp-json\/wp\/v2\/pages\/3804\/revisions"}],"predecessor-version":[{"id":3807,"href":"https:\/\/www.tec-leadership-institute.com\/de\/wp-json\/wp\/v2\/pages\/3804\/revisions\/3807"}],"wp:attachment":[{"href":"https:\/\/www.tec-leadership-institute.com\/de\/wp-json\/wp\/v2\/media?parent=3804"}],"curies":[{"name":"wp","href":"https:\/\/api.w.org\/{rel}","templated":true}]}}