{"id":3821,"date":"2023-11-06T10:59:52","date_gmt":"2023-11-06T10:59:52","guid":{"rendered":"https:\/\/www.tec-leadership-institute.com\/strengthscope\/"},"modified":"2024-01-18T15:45:59","modified_gmt":"2024-01-18T15:45:59","slug":"strengthscope","status":"publish","type":"page","link":"https:\/\/www.tec-leadership-institute.com\/de\/strengthscope\/","title":{"rendered":"Strengthscope"},"content":{"rendered":"\t\t<div data-elementor-type=\"wp-page\" data-elementor-id=\"3821\" class=\"elementor elementor-3821 elementor-1489\" data-elementor-post-type=\"page\">\n\t\t\t\t\t\t<section class=\"elementor-section elementor-top-section elementor-element elementor-element-uf9i4j3 elementor-section-height-min-height elementor-section-boxed elementor-section-height-default elementor-section-items-middle\" data-id=\"uf9i4j3\" data-element_type=\"section\" data-e-type=\"section\" data-settings=\"{&quot;background_background&quot;:&quot;classic&quot;}\">\n\t\t\t\t\t\t\t<div class=\"elementor-background-overlay\"><\/div>\n\t\t\t\t\t\t\t<div class=\"elementor-container elementor-column-gap-no\">\n\t\t\t\t\t<div class=\"elementor-column elementor-col-100 elementor-top-column elementor-element elementor-element-d908717\" data-id=\"d908717\" data-element_type=\"column\" data-e-type=\"column\">\n\t\t\t<div class=\"elementor-widget-wrap elementor-element-populated\">\n\t\t\t\t\t\t<div class=\"elementor-element elementor-element-a92d70e elementor-widget elementor-widget-heading\" data-id=\"a92d70e\" data-element_type=\"widget\" data-e-type=\"widget\" data-widget_type=\"heading.default\">\n\t\t\t\t<div class=\"elementor-widget-container\">\n\t\t\t\t\t<h6 class=\"elementor-heading-title elementor-size-default\">Tools zur Entwicklung von F\u00fchrungskr\u00e4ften<\/h6>\t\t\t\t<\/div>\n\t\t\t\t<\/div>\n\t\t\t\t<div class=\"elementor-element elementor-element-39dcc49 elementor-widget elementor-widget-heading\" data-id=\"39dcc49\" data-element_type=\"widget\" data-e-type=\"widget\" data-widget_type=\"heading.default\">\n\t\t\t\t<div class=\"elementor-widget-container\">\n\t\t\t\t\t<h1 class=\"elementor-heading-title elementor-size-default\">Strengthscope f\u00fcr die Entwicklung von F\u00fchrungskr\u00e4ften<\/h1>\t\t\t\t<\/div>\n\t\t\t\t<\/div>\n\t\t\t\t\t<\/div>\n\t\t<\/div>\n\t\t\t\t\t<\/div>\n\t\t<\/section>\n\t\t<div class=\"elementor-element elementor-element-426a98f e-flex e-con-boxed e-con e-parent\" data-id=\"426a98f\" data-element_type=\"container\" data-e-type=\"container\" data-settings=\"{&quot;background_background&quot;:&quot;classic&quot;}\">\n\t\t\t\t\t<div class=\"e-con-inner\">\n\t\t<div class=\"elementor-element elementor-element-811b497 e-con-full e-flex e-con e-child\" data-id=\"811b497\" data-element_type=\"container\" data-e-type=\"container\">\n\t\t\t\t<div class=\"elementor-element elementor-element-1592e9a elementor-widget elementor-widget-image\" data-id=\"1592e9a\" data-element_type=\"widget\" data-e-type=\"widget\" data-widget_type=\"image.default\">\n\t\t\t\t<div class=\"elementor-widget-container\">\n\t\t\t\t\t\t\t\t\t\t\t\t\t\t\t<img decoding=\"async\" width=\"220\" height=\"68\" src=\"https:\/\/www.tec-leadership-institute.com\/wp-content\/uploads\/2023\/12\/Strengthscope-R.png\" class=\"attachment-large size-large wp-image-3129\" alt=\"\" \/>\t\t\t\t\t\t\t\t\t\t\t\t\t\t\t<\/div>\n\t\t\t\t<\/div>\n\t\t\t\t<div class=\"elementor-element elementor-element-692e97f elementor-widget elementor-widget-heading\" data-id=\"692e97f\" data-element_type=\"widget\" data-e-type=\"widget\" data-widget_type=\"heading.default\">\n\t\t\t\t<div class=\"elementor-widget-container\">\n\t\t\t\t\t<h5 class=\"elementor-heading-title elementor-size-default\">Strengthscope unterst\u00fctzt F\u00fchrungskr\u00e4fte\nbringen ihre authentischsten und\ninspiriert zur Arbeit und zum Leben, jeden Tag.<\/h5>\t\t\t\t<\/div>\n\t\t\t\t<\/div>\n\t\t\t\t<div class=\"elementor-element elementor-element-3d90728 elementor-widget elementor-widget-text-editor\" data-id=\"3d90728\" data-element_type=\"widget\" data-e-type=\"widget\" data-widget_type=\"text-editor.default\">\n\t\t\t\t<div class=\"elementor-widget-container\">\n\t\t\t\t\t\t\t\t\t<p><strong>F\u00fchrungspers\u00f6nlichkeiten, die ihre St\u00e4rken kennen und wirksam einsetzen, erleben:<\/strong><\/p>\n<ul>\n<li>H\u00f6here Motivation, Konzentration und Klarheit<\/li>\n<li>Verbesserte Beziehungen und effektive Zusammenarbeit mit ihren Teams und Kollegen<\/li>\n<li>Verst\u00e4rkte Wirkung der F\u00fchrung<\/li>\n<li>Effektivere Probleml\u00f6sung und Entscheidungsfindung<\/li>\n<li>H\u00f6here Zufriedenheit und Sinnhaftigkeit<\/li>\n<\/ul>\n<p><strong>Zwei Beurteilungen:<\/strong><\/p>\n<ul>\n<li>Strengthscope Leiter<\/li>\n<li>Strengthscope 360\u00b0<\/li>\n<\/ul>\n<p>Wenn Sie mehr \u00fcber Strengthscope erfahren oder an der Beurteilung teilnehmen m\u00f6chten, nehmen Sie bitte Kontakt mit uns auf.<\/p>\n\t\t\t\t\t\t\t\t<\/div>\n\t\t\t\t<\/div>\n\t\t\t\t<\/div>\n\t\t<div class=\"elementor-element elementor-element-3703c4c e-con-full e-flex e-con e-child\" data-id=\"3703c4c\" data-element_type=\"container\" data-e-type=\"container\">\n\t\t\t\t<div class=\"elementor-element elementor-element-5e73b2a elementor-widget elementor-widget-image\" data-id=\"5e73b2a\" data-element_type=\"widget\" data-e-type=\"widget\" data-widget_type=\"image.default\">\n\t\t\t\t<div class=\"elementor-widget-container\">\n\t\t\t\t\t\t\t\t\t\t\t\t\t\t\t<img fetchpriority=\"high\" decoding=\"async\" width=\"851\" height=\"708\" src=\"https:\/\/www.tec-leadership-institute.com\/wp-content\/uploads\/2023\/12\/Strengthscope.png\" class=\"attachment-large size-large wp-image-3131\" alt=\"\" srcset=\"https:\/\/www.tec-leadership-institute.com\/wp-content\/uploads\/2023\/12\/Strengthscope.png 851w, https:\/\/www.tec-leadership-institute.com\/wp-content\/uploads\/2023\/12\/Strengthscope-300x250.png 300w, https:\/\/www.tec-leadership-institute.com\/wp-content\/uploads\/2023\/12\/Strengthscope-768x639.png 768w\" sizes=\"(max-width: 851px) 100vw, 851px\" \/>\t\t\t\t\t\t\t\t\t\t\t\t\t\t\t<\/div>\n\t\t\t\t<\/div>\n\t\t\t\t<\/div>\n\t\t\t\t\t<\/div>\n\t\t\t\t<\/div>\n\t\t<div class=\"elementor-element elementor-element-90ec486 e-flex e-con-boxed e-con e-parent\" data-id=\"90ec486\" data-element_type=\"container\" data-e-type=\"container\" data-settings=\"{&quot;background_background&quot;:&quot;classic&quot;}\">\n\t\t\t\t\t<div class=\"e-con-inner\">\n\t\t\t\t<div class=\"elementor-element elementor-element-a0bf81e elementor-widget elementor-widget-heading\" data-id=\"a0bf81e\" data-element_type=\"widget\" data-e-type=\"widget\" data-widget_type=\"heading.default\">\n\t\t\t\t<div class=\"elementor-widget-container\">\n\t\t\t\t\t<h2 class=\"elementor-heading-title elementor-size-default\">Der Prozess<\/h2>\t\t\t\t<\/div>\n\t\t\t\t<\/div>\n\t\t\t\t<div class=\"elementor-element elementor-element-32e214e elementor-widget elementor-widget-image\" data-id=\"32e214e\" data-element_type=\"widget\" data-e-type=\"widget\" data-widget_type=\"image.default\">\n\t\t\t\t<div class=\"elementor-widget-container\">\n\t\t\t\t\t\t\t\t\t\t\t\t\t\t\t<img decoding=\"async\" width=\"1019\" height=\"304\" src=\"https:\/\/www.tec-leadership-institute.com\/wp-content\/uploads\/2023\/12\/StrengthscopeCoachingProcess-1024x305.png\" class=\"attachment-large size-large wp-image-3130\" alt=\"\" srcset=\"https:\/\/www.tec-leadership-institute.com\/wp-content\/uploads\/2023\/12\/StrengthscopeCoachingProcess-1024x305.png 1024w, https:\/\/www.tec-leadership-institute.com\/wp-content\/uploads\/2023\/12\/StrengthscopeCoachingProcess-300x89.png 300w, https:\/\/www.tec-leadership-institute.com\/wp-content\/uploads\/2023\/12\/StrengthscopeCoachingProcess-768x229.png 768w, https:\/\/www.tec-leadership-institute.com\/wp-content\/uploads\/2023\/12\/StrengthscopeCoachingProcess-1536x458.png 1536w, https:\/\/www.tec-leadership-institute.com\/wp-content\/uploads\/2023\/12\/StrengthscopeCoachingProcess-2048x610.png 2048w\" sizes=\"(max-width: 1019px) 100vw, 1019px\" \/>\t\t\t\t\t\t\t\t\t\t\t\t\t\t\t<\/div>\n\t\t\t\t<\/div>\n\t\t\t\t<div class=\"elementor-element elementor-element-6fad642 elementor-align-center elementor-widget elementor-widget-button\" data-id=\"6fad642\" data-element_type=\"widget\" data-e-type=\"widget\" data-widget_type=\"button.default\">\n\t\t\t\t<div class=\"elementor-widget-container\">\n\t\t\t\t\t\t\t\t\t<div class=\"elementor-button-wrapper\">\n\t\t\t\t\t<a class=\"elementor-button elementor-button-link elementor-size-sm\" href=\"https:\/\/www.tec-leadership-institute.com\/de\/kontakt\/\">\n\t\t\t\t\t\t<span class=\"elementor-button-content-wrapper\">\n\t\t\t\t\t\t\t\t\t<span class=\"elementor-button-text\">Kontaktieren Sie uns<\/span>\n\t\t\t\t\t<\/span>\n\t\t\t\t\t<\/a>\n\t\t\t\t<\/div>\n\t\t\t\t\t\t\t\t<\/div>\n\t\t\t\t<\/div>\n\t\t\t\t\t<\/div>\n\t\t\t\t<\/div>\n\t\t\t\t<\/div>\n\t\t","protected":false},"excerpt":{"rendered":"<p>Tools zur Entwicklung von F\u00fchrungskr\u00e4ften Strengthscope f\u00fcr die Entwicklung von F\u00fchrungskr\u00e4ften Strengthscope unterst\u00fctzt F\u00fchrungskr\u00e4fte bringen ihre authentischsten und inspiriert zur Arbeit und zum Leben, jeden Tag. F\u00fchrungspers\u00f6nlichkeiten, die ihre St\u00e4rken kennen und wirksam einsetzen, erleben: H\u00f6here Motivation, Konzentration und Klarheit Verbesserte Beziehungen und effektive Zusammenarbeit mit ihren Teams und Kollegen Verst\u00e4rkte Wirkung der F\u00fchrung Effektivere [&hellip;]<\/p>\n","protected":false},"author":1,"featured_media":0,"parent":0,"menu_order":0,"comment_status":"closed","ping_status":"closed","template":"","meta":{"site-sidebar-layout":"no-sidebar","site-content-layout":"page-builder","ast-site-content-layout":"default","site-content-style":"default","site-sidebar-style":"default","ast-global-header-display":"","ast-banner-title-visibility":"","ast-main-header-display":"","ast-hfb-above-header-display":"","ast-hfb-below-header-display":"","ast-hfb-mobile-header-display":"","site-post-title":"disabled","ast-breadcrumbs-content":"","ast-featured-img":"disabled","footer-sml-layout":"","theme-transparent-header-meta":"","adv-header-id-meta":"","stick-header-meta":"","header-above-stick-meta":"","header-main-stick-meta":"","header-below-stick-meta":"","astra-migrate-meta-layouts":"default","ast-page-background-enabled":"default","ast-page-background-meta":{"desktop":{"background-color":"","background-image":"","background-repeat":"repeat","background-position":"center center","background-size":"auto","background-attachment":"scroll","background-type":"","background-media":"","overlay-type":"","overlay-color":"","overlay-opacity":"","overlay-gradient":""},"tablet":{"background-color":"","background-image":"","background-repeat":"repeat","background-position":"center center","background-size":"auto","background-attachment":"scroll","background-type":"","background-media":"","overlay-type":"","overlay-color":"","overlay-opacity":"","overlay-gradient":""},"mobile":{"background-color":"","background-image":"","background-repeat":"repeat","background-position":"center center","background-size":"auto","background-attachment":"scroll","background-type":"","background-media":"","overlay-type":"","overlay-color":"","overlay-opacity":"","overlay-gradient":""}},"ast-content-background-meta":{"desktop":{"background-color":"var(--ast-global-color-5)","background-image":"","background-repeat":"repeat","background-position":"center center","background-size":"auto","background-attachment":"scroll","background-type":"","background-media":"","overlay-type":"","overlay-color":"","overlay-opacity":"","overlay-gradient":""},"tablet":{"background-color":"var(--ast-global-color-5)","background-image":"","background-repeat":"repeat","background-position":"center center","background-size":"auto","background-attachment":"scroll","background-type":"","background-media":"","overlay-type":"","overlay-color":"","overlay-opacity":"","overlay-gradient":""},"mobile":{"background-color":"var(--ast-global-color-5)","background-image":"","background-repeat":"repeat","background-position":"center center","background-size":"auto","background-attachment":"scroll","background-type":"","background-media":"","overlay-type":"","overlay-color":"","overlay-opacity":"","overlay-gradient":""}},"footnotes":""},"class_list":["post-3821","page","type-page","status-publish","hentry"],"yoast_head":"<!-- This site is optimized with the Yoast SEO plugin v27.3 - https:\/\/yoast.com\/product\/yoast-seo-wordpress\/ -->\n<title>Strengthscope f\u00fcr die Entwicklung von F\u00fchrungskr\u00e4ften (2024) - Erfahren Sie mehr<\/title>\n<meta name=\"description\" content=\"F\u00fchrungskr\u00e4fte profitieren von einem h\u00f6heren Ma\u00df an Motivation, Konzentration und Klarheit. Bessere Beziehungen und eine effektive Zusammenarbeit mit ihren Teams sind...\" \/>\n<meta name=\"robots\" content=\"index, follow, max-snippet:-1, max-image-preview:large, max-video-preview:-1\" \/>\n<link rel=\"canonical\" href=\"https:\/\/www.tec-leadership-institute.com\/de\/?page_id=3821\" \/>\n<meta property=\"og:locale\" content=\"de_DE\" \/>\n<meta property=\"og:type\" content=\"article\" \/>\n<meta property=\"og:title\" content=\"Strengthscope f\u00fcr die Entwicklung von F\u00fchrungskr\u00e4ften (2024) - Erfahren Sie mehr\" \/>\n<meta property=\"og:description\" content=\"F\u00fchrungskr\u00e4fte profitieren von einem h\u00f6heren Ma\u00df an Motivation, Konzentration und Klarheit. Bessere Beziehungen und eine effektive Zusammenarbeit mit ihren Teams sind...\" \/>\n<meta property=\"og:url\" content=\"https:\/\/www.tec-leadership-institute.com\/de\/?page_id=3821\" \/>\n<meta property=\"og:site_name\" content=\"Tec-Leadership-Institute\" \/>\n<meta property=\"article:publisher\" content=\"https:\/\/www.facebook.com\/TECLeadershipInstitute\" \/>\n<meta property=\"article:modified_time\" content=\"2024-01-18T15:45:59+00:00\" \/>\n<meta property=\"og:image\" content=\"https:\/\/www.tec-leadership-institute.com\/wp-content\/uploads\/2023\/12\/Strengthscope-R.png\" \/>\n<meta name=\"twitter:card\" content=\"summary_large_image\" \/>\n<meta name=\"twitter:label1\" content=\"Gesch\u00e4tzte Lesezeit\" \/>\n\t<meta name=\"twitter:data1\" content=\"1\u00a0Minute\" \/>\n<script type=\"application\/ld+json\" class=\"yoast-schema-graph\">{\"@context\":\"https:\\\/\\\/schema.org\",\"@graph\":[{\"@type\":\"WebPage\",\"@id\":\"https:\\\/\\\/www.tec-leadership-institute.com\\\/de\\\/?page_id=3821\",\"url\":\"https:\\\/\\\/www.tec-leadership-institute.com\\\/de\\\/?page_id=3821\",\"name\":\"Strengthscope f\u00fcr die Entwicklung von F\u00fchrungskr\u00e4ften (2024) - Erfahren Sie mehr\",\"isPartOf\":{\"@id\":\"https:\\\/\\\/www.tec-leadership-institute.com\\\/#website\"},\"primaryImageOfPage\":{\"@id\":\"https:\\\/\\\/www.tec-leadership-institute.com\\\/de\\\/?page_id=3821#primaryimage\"},\"image\":{\"@id\":\"https:\\\/\\\/www.tec-leadership-institute.com\\\/de\\\/?page_id=3821#primaryimage\"},\"thumbnailUrl\":\"https:\\\/\\\/www.tec-leadership-institute.com\\\/wp-content\\\/uploads\\\/2023\\\/12\\\/Strengthscope-R.png\",\"datePublished\":\"2023-11-06T10:59:52+00:00\",\"dateModified\":\"2024-01-18T15:45:59+00:00\",\"description\":\"F\u00fchrungskr\u00e4fte profitieren von einem h\u00f6heren Ma\u00df an Motivation, Konzentration und Klarheit. Bessere Beziehungen und eine effektive Zusammenarbeit mit ihren Teams sind...\",\"breadcrumb\":{\"@id\":\"https:\\\/\\\/www.tec-leadership-institute.com\\\/de\\\/?page_id=3821#breadcrumb\"},\"inLanguage\":\"de\",\"potentialAction\":[{\"@type\":\"ReadAction\",\"target\":[\"https:\\\/\\\/www.tec-leadership-institute.com\\\/de\\\/?page_id=3821\"]}]},{\"@type\":\"ImageObject\",\"inLanguage\":\"de\",\"@id\":\"https:\\\/\\\/www.tec-leadership-institute.com\\\/de\\\/?page_id=3821#primaryimage\",\"url\":\"https:\\\/\\\/www.tec-leadership-institute.com\\\/wp-content\\\/uploads\\\/2023\\\/12\\\/Strengthscope-R.png\",\"contentUrl\":\"https:\\\/\\\/www.tec-leadership-institute.com\\\/wp-content\\\/uploads\\\/2023\\\/12\\\/Strengthscope-R.png\"},{\"@type\":\"BreadcrumbList\",\"@id\":\"https:\\\/\\\/www.tec-leadership-institute.com\\\/de\\\/?page_id=3821#breadcrumb\",\"itemListElement\":[{\"@type\":\"ListItem\",\"position\":1,\"name\":\"Startseite\",\"item\":\"https:\\\/\\\/www.tec-leadership-institute.com\\\/\"},{\"@type\":\"ListItem\",\"position\":2,\"name\":\"Strengthscope\"}]},{\"@type\":\"WebSite\",\"@id\":\"https:\\\/\\\/www.tec-leadership-institute.com\\\/#website\",\"url\":\"https:\\\/\\\/www.tec-leadership-institute.com\\\/\",\"name\":\"Tec-Leadership-Institute\",\"description\":\"Personal Leadership, Team and Organizational development\",\"publisher\":{\"@id\":\"https:\\\/\\\/www.tec-leadership-institute.com\\\/#organization\"},\"potentialAction\":[{\"@type\":\"SearchAction\",\"target\":{\"@type\":\"EntryPoint\",\"urlTemplate\":\"https:\\\/\\\/www.tec-leadership-institute.com\\\/?s={search_term_string}\"},\"query-input\":{\"@type\":\"PropertyValueSpecification\",\"valueRequired\":true,\"valueName\":\"search_term_string\"}}],\"inLanguage\":\"de\"},{\"@type\":\"Organization\",\"@id\":\"https:\\\/\\\/www.tec-leadership-institute.com\\\/#organization\",\"name\":\"Tec-Leadership-Institute\",\"url\":\"https:\\\/\\\/www.tec-leadership-institute.com\\\/\",\"logo\":{\"@type\":\"ImageObject\",\"inLanguage\":\"de\",\"@id\":\"https:\\\/\\\/www.tec-leadership-institute.com\\\/#\\\/schema\\\/logo\\\/image\\\/\",\"url\":\"https:\\\/\\\/www.tec-leadership-institute.com\\\/wp-content\\\/uploads\\\/2025\\\/08\\\/cropped-TEC-Logo-Black-Text-Transparent-scaled-1.png\",\"contentUrl\":\"https:\\\/\\\/www.tec-leadership-institute.com\\\/wp-content\\\/uploads\\\/2025\\\/08\\\/cropped-TEC-Logo-Black-Text-Transparent-scaled-1.png\",\"width\":2478,\"height\":472,\"caption\":\"Tec-Leadership-Institute\"},\"image\":{\"@id\":\"https:\\\/\\\/www.tec-leadership-institute.com\\\/#\\\/schema\\\/logo\\\/image\\\/\"},\"sameAs\":[\"https:\\\/\\\/www.facebook.com\\\/TECLeadershipInstitute\",\"https:\\\/\\\/www.linkedin.com\\\/company\\\/tec-leadership-institute-gmbh\\\/\"]}]}<\/script>\n<!-- \/ Yoast SEO plugin. -->","yoast_head_json":{"title":"Strengthscope f\u00fcr die Entwicklung von F\u00fchrungskr\u00e4ften (2024) - Erfahren Sie mehr","description":"F\u00fchrungskr\u00e4fte profitieren von einem h\u00f6heren Ma\u00df an Motivation, Konzentration und Klarheit. Bessere Beziehungen und eine effektive Zusammenarbeit mit ihren Teams sind...","robots":{"index":"index","follow":"follow","max-snippet":"max-snippet:-1","max-image-preview":"max-image-preview:large","max-video-preview":"max-video-preview:-1"},"canonical":"https:\/\/www.tec-leadership-institute.com\/de\/?page_id=3821","og_locale":"de_DE","og_type":"article","og_title":"Strengthscope f\u00fcr die Entwicklung von F\u00fchrungskr\u00e4ften (2024) - Erfahren Sie mehr","og_description":"F\u00fchrungskr\u00e4fte profitieren von einem h\u00f6heren Ma\u00df an Motivation, Konzentration und Klarheit. Bessere Beziehungen und eine effektive Zusammenarbeit mit ihren Teams sind...","og_url":"https:\/\/www.tec-leadership-institute.com\/de\/?page_id=3821","og_site_name":"Tec-Leadership-Institute","article_publisher":"https:\/\/www.facebook.com\/TECLeadershipInstitute","article_modified_time":"2024-01-18T15:45:59+00:00","og_image":[{"url":"https:\/\/www.tec-leadership-institute.com\/wp-content\/uploads\/2023\/12\/Strengthscope-R.png","type":"","width":"","height":""}],"twitter_card":"summary_large_image","twitter_misc":{"Gesch\u00e4tzte Lesezeit":"1\u00a0Minute"},"schema":{"@context":"https:\/\/schema.org","@graph":[{"@type":"WebPage","@id":"https:\/\/www.tec-leadership-institute.com\/de\/?page_id=3821","url":"https:\/\/www.tec-leadership-institute.com\/de\/?page_id=3821","name":"Strengthscope f\u00fcr die Entwicklung von F\u00fchrungskr\u00e4ften (2024) - Erfahren Sie mehr","isPartOf":{"@id":"https:\/\/www.tec-leadership-institute.com\/#website"},"primaryImageOfPage":{"@id":"https:\/\/www.tec-leadership-institute.com\/de\/?page_id=3821#primaryimage"},"image":{"@id":"https:\/\/www.tec-leadership-institute.com\/de\/?page_id=3821#primaryimage"},"thumbnailUrl":"https:\/\/www.tec-leadership-institute.com\/wp-content\/uploads\/2023\/12\/Strengthscope-R.png","datePublished":"2023-11-06T10:59:52+00:00","dateModified":"2024-01-18T15:45:59+00:00","description":"F\u00fchrungskr\u00e4fte profitieren von einem h\u00f6heren Ma\u00df an Motivation, Konzentration und Klarheit. Bessere Beziehungen und eine effektive Zusammenarbeit mit ihren Teams sind...","breadcrumb":{"@id":"https:\/\/www.tec-leadership-institute.com\/de\/?page_id=3821#breadcrumb"},"inLanguage":"de","potentialAction":[{"@type":"ReadAction","target":["https:\/\/www.tec-leadership-institute.com\/de\/?page_id=3821"]}]},{"@type":"ImageObject","inLanguage":"de","@id":"https:\/\/www.tec-leadership-institute.com\/de\/?page_id=3821#primaryimage","url":"https:\/\/www.tec-leadership-institute.com\/wp-content\/uploads\/2023\/12\/Strengthscope-R.png","contentUrl":"https:\/\/www.tec-leadership-institute.com\/wp-content\/uploads\/2023\/12\/Strengthscope-R.png"},{"@type":"BreadcrumbList","@id":"https:\/\/www.tec-leadership-institute.com\/de\/?page_id=3821#breadcrumb","itemListElement":[{"@type":"ListItem","position":1,"name":"Startseite","item":"https:\/\/www.tec-leadership-institute.com\/"},{"@type":"ListItem","position":2,"name":"Strengthscope"}]},{"@type":"WebSite","@id":"https:\/\/www.tec-leadership-institute.com\/#website","url":"https:\/\/www.tec-leadership-institute.com\/","name":"Tec-Leadership-Institute","description":"Personal Leadership, Team and Organizational development","publisher":{"@id":"https:\/\/www.tec-leadership-institute.com\/#organization"},"potentialAction":[{"@type":"SearchAction","target":{"@type":"EntryPoint","urlTemplate":"https:\/\/www.tec-leadership-institute.com\/?s={search_term_string}"},"query-input":{"@type":"PropertyValueSpecification","valueRequired":true,"valueName":"search_term_string"}}],"inLanguage":"de"},{"@type":"Organization","@id":"https:\/\/www.tec-leadership-institute.com\/#organization","name":"Tec-Leadership-Institute","url":"https:\/\/www.tec-leadership-institute.com\/","logo":{"@type":"ImageObject","inLanguage":"de","@id":"https:\/\/www.tec-leadership-institute.com\/#\/schema\/logo\/image\/","url":"https:\/\/www.tec-leadership-institute.com\/wp-content\/uploads\/2025\/08\/cropped-TEC-Logo-Black-Text-Transparent-scaled-1.png","contentUrl":"https:\/\/www.tec-leadership-institute.com\/wp-content\/uploads\/2025\/08\/cropped-TEC-Logo-Black-Text-Transparent-scaled-1.png","width":2478,"height":472,"caption":"Tec-Leadership-Institute"},"image":{"@id":"https:\/\/www.tec-leadership-institute.com\/#\/schema\/logo\/image\/"},"sameAs":["https:\/\/www.facebook.com\/TECLeadershipInstitute","https:\/\/www.linkedin.com\/company\/tec-leadership-institute-gmbh\/"]}]}},"_links":{"self":[{"href":"https:\/\/www.tec-leadership-institute.com\/de\/wp-json\/wp\/v2\/pages\/3821","targetHints":{"allow":["GET"]}}],"collection":[{"href":"https:\/\/www.tec-leadership-institute.com\/de\/wp-json\/wp\/v2\/pages"}],"about":[{"href":"https:\/\/www.tec-leadership-institute.com\/de\/wp-json\/wp\/v2\/types\/page"}],"author":[{"embeddable":true,"href":"https:\/\/www.tec-leadership-institute.com\/de\/wp-json\/wp\/v2\/users\/1"}],"replies":[{"embeddable":true,"href":"https:\/\/www.tec-leadership-institute.com\/de\/wp-json\/wp\/v2\/comments?post=3821"}],"version-history":[{"count":3,"href":"https:\/\/www.tec-leadership-institute.com\/de\/wp-json\/wp\/v2\/pages\/3821\/revisions"}],"predecessor-version":[{"id":3838,"href":"https:\/\/www.tec-leadership-institute.com\/de\/wp-json\/wp\/v2\/pages\/3821\/revisions\/3838"}],"wp:attachment":[{"href":"https:\/\/www.tec-leadership-institute.com\/de\/wp-json\/wp\/v2\/media?parent=3821"}],"curies":[{"name":"wp","href":"https:\/\/api.w.org\/{rel}","templated":true}]}}