{"id":3832,"date":"2023-11-06T11:53:55","date_gmt":"2023-11-06T11:53:55","guid":{"rendered":"https:\/\/www.tec-leadership-institute.com\/neue-wege-der-arbeit\/"},"modified":"2024-01-24T14:25:05","modified_gmt":"2024-01-24T14:25:05","slug":"neue-wege-der-arbeit","status":"publish","type":"page","link":"https:\/\/www.tec-leadership-institute.com\/de\/neue-wege-der-arbeit\/","title":{"rendered":"Neue Wege der Arbeit"},"content":{"rendered":"\t\t<div data-elementor-type=\"wp-page\" data-elementor-id=\"3832\" class=\"elementor elementor-3832 elementor-1529\" data-elementor-post-type=\"page\">\n\t\t\t\t<div class=\"elementor-element elementor-element-252b610 e-flex e-con-boxed e-con e-parent\" data-id=\"252b610\" data-element_type=\"container\" data-e-type=\"container\" data-settings=\"{&quot;background_background&quot;:&quot;classic&quot;}\">\n\t\t\t\t\t<div class=\"e-con-inner\">\n\t\t<div class=\"elementor-element elementor-element-cd1fb10 e-con-full e-flex e-con e-child\" data-id=\"cd1fb10\" data-element_type=\"container\" data-e-type=\"container\">\n\t\t\t\t<div class=\"elementor-element elementor-element-a3d6909 elementor-widget elementor-widget-heading\" data-id=\"a3d6909\" data-element_type=\"widget\" data-e-type=\"widget\" data-widget_type=\"heading.default\">\n\t\t\t\t<div class=\"elementor-widget-container\">\n\t\t\t\t\t<h6 class=\"elementor-heading-title elementor-size-default\">Organisationsentwicklung<\/h6>\t\t\t\t<\/div>\n\t\t\t\t<\/div>\n\t\t\t\t<div class=\"elementor-element elementor-element-c9284d4 elementor-widget elementor-widget-heading\" data-id=\"c9284d4\" data-element_type=\"widget\" data-e-type=\"widget\" data-widget_type=\"heading.default\">\n\t\t\t\t<div class=\"elementor-widget-container\">\n\t\t\t\t\t<h1 class=\"elementor-heading-title elementor-size-default\">Neue Wege der Arbeit\n<\/h1>\t\t\t\t<\/div>\n\t\t\t\t<\/div>\n\t\t\t\t<\/div>\n\t\t\t\t\t<\/div>\n\t\t\t\t<\/div>\n\t\t<div class=\"elementor-element elementor-element-c9db47e e-flex e-con-boxed e-con e-parent\" data-id=\"c9db47e\" data-element_type=\"container\" data-e-type=\"container\" data-settings=\"{&quot;background_background&quot;:&quot;classic&quot;}\">\n\t\t\t\t\t<div class=\"e-con-inner\">\n\t\t<div class=\"elementor-element elementor-element-3e7a6f5 e-con-full e-flex e-con e-child\" data-id=\"3e7a6f5\" data-element_type=\"container\" data-e-type=\"container\">\n\t\t\t\t<div class=\"elementor-element elementor-element-26accb8 elementor-widget elementor-widget-heading\" data-id=\"26accb8\" data-element_type=\"widget\" data-e-type=\"widget\" data-widget_type=\"heading.default\">\n\t\t\t\t<div class=\"elementor-widget-container\">\n\t\t\t\t\t<h2 class=\"elementor-heading-title elementor-size-default\">Neue Wege der Arbeit<\/h2>\t\t\t\t<\/div>\n\t\t\t\t<\/div>\n\t\t\t\t<div class=\"elementor-element elementor-element-4a285e8 elementor-widget elementor-widget-heading\" data-id=\"4a285e8\" data-element_type=\"widget\" data-e-type=\"widget\" data-widget_type=\"heading.default\">\n\t\t\t\t<div class=\"elementor-widget-container\">\n\t\t\t\t\t<h3 class=\"elementor-heading-title elementor-size-default\">1. Agile Arbeitspraktiken\n<\/h3>\t\t\t\t<\/div>\n\t\t\t\t<\/div>\n\t\t\t\t<div class=\"elementor-element elementor-element-cf70191 elementor-widget elementor-widget-text-editor\" data-id=\"cf70191\" data-element_type=\"widget\" data-e-type=\"widget\" data-widget_type=\"text-editor.default\">\n\t\t\t\t<div class=\"elementor-widget-container\">\n\t\t\t\t\t\t\t\t\t<p>Die Teilnehmer lernen, agile Arbeitsmethoden zu implementieren, die die Effizienz und Reaktionsf\u00e4higkeit verbessern, und wie sie relevante agile Scrum-Tools \u00fcbernehmen und Techniken des agilen Projektmanagements in ihren Projektteams und Arbeitsabl\u00e4ufen anwenden k\u00f6nnen.<\/p>\n\t\t\t\t\t\t\t\t<\/div>\n\t\t\t\t<\/div>\n\t\t\t\t<div class=\"elementor-element elementor-element-796fe83 elementor-widget elementor-widget-heading\" data-id=\"796fe83\" data-element_type=\"widget\" data-e-type=\"widget\" data-widget_type=\"heading.default\">\n\t\t\t\t<div class=\"elementor-widget-container\">\n\t\t\t\t\t<h3 class=\"elementor-heading-title elementor-size-default\">2. Digitale &amp; KI-Kompetenz\n<\/h3>\t\t\t\t<\/div>\n\t\t\t\t<\/div>\n\t\t\t\t<div class=\"elementor-element elementor-element-87ff193 elementor-widget elementor-widget-text-editor\" data-id=\"87ff193\" data-element_type=\"widget\" data-e-type=\"widget\" data-widget_type=\"text-editor.default\">\n\t\t\t\t<div class=\"elementor-widget-container\">\n\t\t\t\t\t\t\t\t\t<p>Die Teilnehmer lernen, digitale Initiativen im gesamten Unternehmen voranzutreiben und zu unterst\u00fctzen, um sicherzustellen, dass KI und digitale Technologie genutzt werden, um Prozesse zu beschleunigen und zu verbessern und ein hervorragendes Kundenerlebnis zu bieten.  <\/p>\n\t\t\t\t\t\t\t\t<\/div>\n\t\t\t\t<\/div>\n\t\t\t\t<div class=\"elementor-element elementor-element-e9e5139 elementor-widget elementor-widget-heading\" data-id=\"e9e5139\" data-element_type=\"widget\" data-e-type=\"widget\" data-widget_type=\"heading.default\">\n\t\t\t\t<div class=\"elementor-widget-container\">\n\t\t\t\t\t<h3 class=\"elementor-heading-title elementor-size-default\">3. Hybride Zusammenarbeit und flexible Arbeitsmodelle\n\n<\/h3>\t\t\t\t<\/div>\n\t\t\t\t<\/div>\n\t\t\t\t<div class=\"elementor-element elementor-element-4c6cdfa elementor-widget elementor-widget-text-editor\" data-id=\"4c6cdfa\" data-element_type=\"widget\" data-e-type=\"widget\" data-widget_type=\"text-editor.default\">\n\t\t\t\t<div class=\"elementor-widget-container\">\n\t\t\t\t\t\t\t\t\t<p>Die Teilnehmer lernen, wie sie in einem hybriden Arbeitsumfeld effektiv f\u00fchren und zusammenarbeiten k\u00f6nnen, wie sie flexible Arbeitsregelungen einrichten und gleichzeitig das Engagement und die Produktivit\u00e4t ihrer Mitarbeiter f\u00f6rdern.  <\/p>\n\t\t\t\t\t\t\t\t<\/div>\n\t\t\t\t<\/div>\n\t\t\t\t<\/div>\n\t\t\t\t<div class=\"elementor-element elementor-element-af30097 elementor-widget elementor-widget-image\" data-id=\"af30097\" data-element_type=\"widget\" data-e-type=\"widget\" data-widget_type=\"image.default\">\n\t\t\t\t<div class=\"elementor-widget-container\">\n\t\t\t\t\t\t\t\t\t\t\t\t\t\t\t<img fetchpriority=\"high\" decoding=\"async\" width=\"1019\" height=\"704\" src=\"https:\/\/www.tec-leadership-institute.com\/wp-content\/uploads\/2023\/11\/Picture-4-1024x707.png\" class=\"attachment-large size-large wp-image-3088\" alt=\"\" srcset=\"https:\/\/www.tec-leadership-institute.com\/wp-content\/uploads\/2023\/11\/Picture-4-1024x707.png 1024w, https:\/\/www.tec-leadership-institute.com\/wp-content\/uploads\/2023\/11\/Picture-4-300x207.png 300w, https:\/\/www.tec-leadership-institute.com\/wp-content\/uploads\/2023\/11\/Picture-4-768x530.png 768w, https:\/\/www.tec-leadership-institute.com\/wp-content\/uploads\/2023\/11\/Picture-4-1536x1061.png 1536w, https:\/\/www.tec-leadership-institute.com\/wp-content\/uploads\/2023\/11\/Picture-4.png 1851w\" sizes=\"(max-width: 1019px) 100vw, 1019px\" \/>\t\t\t\t\t\t\t\t\t\t\t\t\t\t\t<\/div>\n\t\t\t\t<\/div>\n\t\t\t\t\t<\/div>\n\t\t\t\t<\/div>\n\t\t\t\t<\/div>\n\t\t","protected":false},"excerpt":{"rendered":"<p>Organisationsentwicklung Neue Wege der Arbeit Neue Wege der Arbeit 1. Agile Arbeitspraktiken Die Teilnehmer lernen, agile Arbeitsmethoden zu implementieren, die die Effizienz und Reaktionsf\u00e4higkeit verbessern, und wie sie relevante agile Scrum-Tools \u00fcbernehmen und Techniken des agilen Projektmanagements in ihren Projektteams und Arbeitsabl\u00e4ufen anwenden k\u00f6nnen. 2. Digitale &amp; KI-Kompetenz Die Teilnehmer lernen, digitale Initiativen im gesamten [&hellip;]<\/p>\n","protected":false},"author":1,"featured_media":0,"parent":0,"menu_order":0,"comment_status":"closed","ping_status":"closed","template":"","meta":{"site-sidebar-layout":"no-sidebar","site-content-layout":"page-builder","ast-site-content-layout":"default","site-content-style":"default","site-sidebar-style":"default","ast-global-header-display":"","ast-banner-title-visibility":"","ast-main-header-display":"","ast-hfb-above-header-display":"","ast-hfb-below-header-display":"","ast-hfb-mobile-header-display":"","site-post-title":"disabled","ast-breadcrumbs-content":"","ast-featured-img":"disabled","footer-sml-layout":"","theme-transparent-header-meta":"","adv-header-id-meta":"","stick-header-meta":"","header-above-stick-meta":"","header-main-stick-meta":"","header-below-stick-meta":"","astra-migrate-meta-layouts":"default","ast-page-background-enabled":"default","ast-page-background-meta":{"desktop":{"background-color":"","background-image":"","background-repeat":"repeat","background-position":"center center","background-size":"auto","background-attachment":"scroll","background-type":"","background-media":"","overlay-type":"","overlay-color":"","overlay-opacity":"","overlay-gradient":""},"tablet":{"background-color":"","background-image":"","background-repeat":"repeat","background-position":"center center","background-size":"auto","background-attachment":"scroll","background-type":"","background-media":"","overlay-type":"","overlay-color":"","overlay-opacity":"","overlay-gradient":""},"mobile":{"background-color":"","background-image":"","background-repeat":"repeat","background-position":"center center","background-size":"auto","background-attachment":"scroll","background-type":"","background-media":"","overlay-type":"","overlay-color":"","overlay-opacity":"","overlay-gradient":""}},"ast-content-background-meta":{"desktop":{"background-color":"var(--ast-global-color-5)","background-image":"","background-repeat":"repeat","background-position":"center center","background-size":"auto","background-attachment":"scroll","background-type":"","background-media":"","overlay-type":"","overlay-color":"","overlay-opacity":"","overlay-gradient":""},"tablet":{"background-color":"var(--ast-global-color-5)","background-image":"","background-repeat":"repeat","background-position":"center center","background-size":"auto","background-attachment":"scroll","background-type":"","background-media":"","overlay-type":"","overlay-color":"","overlay-opacity":"","overlay-gradient":""},"mobile":{"background-color":"var(--ast-global-color-5)","background-image":"","background-repeat":"repeat","background-position":"center center","background-size":"auto","background-attachment":"scroll","background-type":"","background-media":"","overlay-type":"","overlay-color":"","overlay-opacity":"","overlay-gradient":""}},"footnotes":""},"class_list":["post-3832","page","type-page","status-publish","hentry"],"yoast_head":"<!-- This site is optimized with the Yoast SEO plugin v27.3 - https:\/\/yoast.com\/product\/yoast-seo-wordpress\/ -->\n<title>Neue Arbeitsweisen des TEC Leadership Institute (2024)<\/title>\n<meta name=\"description\" content=\"In den New Work Workshops erwerben die Teilnehmer digitale und KI-Kompetenzen und lernen, wie sie in einem hybriden Arbeitsumfeld effektiv f\u00fchren und zusammenarbeiten...\" \/>\n<meta name=\"robots\" content=\"index, follow, max-snippet:-1, max-image-preview:large, max-video-preview:-1\" \/>\n<link rel=\"canonical\" href=\"https:\/\/www.tec-leadership-institute.com\/new-ways-of-working\/\" \/>\n<meta property=\"og:locale\" content=\"de_DE\" \/>\n<meta property=\"og:type\" content=\"article\" \/>\n<meta property=\"og:title\" content=\"Neue Arbeitsweisen des TEC Leadership Institute (2024)\" \/>\n<meta property=\"og:description\" content=\"In den New Work Workshops erwerben die Teilnehmer digitale und KI-Kompetenzen und lernen, wie sie in einem hybriden Arbeitsumfeld effektiv f\u00fchren und zusammenarbeiten...\" \/>\n<meta property=\"og:url\" content=\"https:\/\/www.tec-leadership-institute.com\/new-ways-of-working\/\" \/>\n<meta property=\"og:site_name\" content=\"Tec-Leadership-Institute\" \/>\n<meta property=\"article:publisher\" content=\"https:\/\/www.facebook.com\/TECLeadershipInstitute\" \/>\n<meta property=\"article:modified_time\" content=\"2024-01-24T14:25:05+00:00\" \/>\n<meta property=\"og:image\" content=\"https:\/\/www.tec-leadership-institute.com\/wp-content\/uploads\/2023\/11\/Picture-4-1024x707.png\" \/>\n<meta name=\"twitter:card\" content=\"summary_large_image\" \/>\n<meta name=\"twitter:label1\" content=\"Gesch\u00e4tzte Lesezeit\" \/>\n\t<meta name=\"twitter:data1\" content=\"1\u00a0Minute\" \/>\n<script type=\"application\/ld+json\" class=\"yoast-schema-graph\">{\"@context\":\"https:\\\/\\\/schema.org\",\"@graph\":[{\"@type\":\"WebPage\",\"@id\":\"https:\\\/\\\/www.tec-leadership-institute.com\\\/new-ways-of-working\\\/\",\"url\":\"https:\\\/\\\/www.tec-leadership-institute.com\\\/new-ways-of-working\\\/\",\"name\":\"Neue Arbeitsweisen des TEC Leadership Institute (2024)\",\"isPartOf\":{\"@id\":\"https:\\\/\\\/www.tec-leadership-institute.com\\\/#website\"},\"primaryImageOfPage\":{\"@id\":\"https:\\\/\\\/www.tec-leadership-institute.com\\\/new-ways-of-working\\\/#primaryimage\"},\"image\":{\"@id\":\"https:\\\/\\\/www.tec-leadership-institute.com\\\/new-ways-of-working\\\/#primaryimage\"},\"thumbnailUrl\":\"https:\\\/\\\/www.tec-leadership-institute.com\\\/wp-content\\\/uploads\\\/2023\\\/11\\\/Picture-4-1024x707.png\",\"datePublished\":\"2023-11-06T11:53:55+00:00\",\"dateModified\":\"2024-01-24T14:25:05+00:00\",\"description\":\"In den New Work Workshops erwerben die Teilnehmer digitale und KI-Kompetenzen und lernen, wie sie in einem hybriden Arbeitsumfeld effektiv f\u00fchren und zusammenarbeiten...\",\"breadcrumb\":{\"@id\":\"https:\\\/\\\/www.tec-leadership-institute.com\\\/new-ways-of-working\\\/#breadcrumb\"},\"inLanguage\":\"de\",\"potentialAction\":[{\"@type\":\"ReadAction\",\"target\":[\"https:\\\/\\\/www.tec-leadership-institute.com\\\/new-ways-of-working\\\/\"]}]},{\"@type\":\"ImageObject\",\"inLanguage\":\"de\",\"@id\":\"https:\\\/\\\/www.tec-leadership-institute.com\\\/new-ways-of-working\\\/#primaryimage\",\"url\":\"https:\\\/\\\/www.tec-leadership-institute.com\\\/wp-content\\\/uploads\\\/2023\\\/11\\\/Picture-4-1024x707.png\",\"contentUrl\":\"https:\\\/\\\/www.tec-leadership-institute.com\\\/wp-content\\\/uploads\\\/2023\\\/11\\\/Picture-4-1024x707.png\"},{\"@type\":\"BreadcrumbList\",\"@id\":\"https:\\\/\\\/www.tec-leadership-institute.com\\\/new-ways-of-working\\\/#breadcrumb\",\"itemListElement\":[{\"@type\":\"ListItem\",\"position\":1,\"name\":\"Startseite\",\"item\":\"https:\\\/\\\/www.tec-leadership-institute.com\\\/\"},{\"@type\":\"ListItem\",\"position\":2,\"name\":\"Neue Wege der Arbeit\"}]},{\"@type\":\"WebSite\",\"@id\":\"https:\\\/\\\/www.tec-leadership-institute.com\\\/#website\",\"url\":\"https:\\\/\\\/www.tec-leadership-institute.com\\\/\",\"name\":\"Tec-Leadership-Institute\",\"description\":\"Personal Leadership, Team and Organizational development\",\"publisher\":{\"@id\":\"https:\\\/\\\/www.tec-leadership-institute.com\\\/#organization\"},\"potentialAction\":[{\"@type\":\"SearchAction\",\"target\":{\"@type\":\"EntryPoint\",\"urlTemplate\":\"https:\\\/\\\/www.tec-leadership-institute.com\\\/?s={search_term_string}\"},\"query-input\":{\"@type\":\"PropertyValueSpecification\",\"valueRequired\":true,\"valueName\":\"search_term_string\"}}],\"inLanguage\":\"de\"},{\"@type\":\"Organization\",\"@id\":\"https:\\\/\\\/www.tec-leadership-institute.com\\\/#organization\",\"name\":\"Tec-Leadership-Institute\",\"url\":\"https:\\\/\\\/www.tec-leadership-institute.com\\\/\",\"logo\":{\"@type\":\"ImageObject\",\"inLanguage\":\"de\",\"@id\":\"https:\\\/\\\/www.tec-leadership-institute.com\\\/#\\\/schema\\\/logo\\\/image\\\/\",\"url\":\"https:\\\/\\\/www.tec-leadership-institute.com\\\/wp-content\\\/uploads\\\/2025\\\/08\\\/cropped-TEC-Logo-Black-Text-Transparent-scaled-1.png\",\"contentUrl\":\"https:\\\/\\\/www.tec-leadership-institute.com\\\/wp-content\\\/uploads\\\/2025\\\/08\\\/cropped-TEC-Logo-Black-Text-Transparent-scaled-1.png\",\"width\":2478,\"height\":472,\"caption\":\"Tec-Leadership-Institute\"},\"image\":{\"@id\":\"https:\\\/\\\/www.tec-leadership-institute.com\\\/#\\\/schema\\\/logo\\\/image\\\/\"},\"sameAs\":[\"https:\\\/\\\/www.facebook.com\\\/TECLeadershipInstitute\",\"https:\\\/\\\/www.linkedin.com\\\/company\\\/tec-leadership-institute-gmbh\\\/\"]}]}<\/script>\n<!-- \/ Yoast SEO plugin. -->","yoast_head_json":{"title":"Neue Arbeitsweisen des TEC Leadership Institute (2024)","description":"In den New Work Workshops erwerben die Teilnehmer digitale und KI-Kompetenzen und lernen, wie sie in einem hybriden Arbeitsumfeld effektiv f\u00fchren und zusammenarbeiten...","robots":{"index":"index","follow":"follow","max-snippet":"max-snippet:-1","max-image-preview":"max-image-preview:large","max-video-preview":"max-video-preview:-1"},"canonical":"https:\/\/www.tec-leadership-institute.com\/new-ways-of-working\/","og_locale":"de_DE","og_type":"article","og_title":"Neue Arbeitsweisen des TEC Leadership Institute (2024)","og_description":"In den New Work Workshops erwerben die Teilnehmer digitale und KI-Kompetenzen und lernen, wie sie in einem hybriden Arbeitsumfeld effektiv f\u00fchren und zusammenarbeiten...","og_url":"https:\/\/www.tec-leadership-institute.com\/new-ways-of-working\/","og_site_name":"Tec-Leadership-Institute","article_publisher":"https:\/\/www.facebook.com\/TECLeadershipInstitute","article_modified_time":"2024-01-24T14:25:05+00:00","og_image":[{"url":"https:\/\/www.tec-leadership-institute.com\/wp-content\/uploads\/2023\/11\/Picture-4-1024x707.png","type":"","width":"","height":""}],"twitter_card":"summary_large_image","twitter_misc":{"Gesch\u00e4tzte Lesezeit":"1\u00a0Minute"},"schema":{"@context":"https:\/\/schema.org","@graph":[{"@type":"WebPage","@id":"https:\/\/www.tec-leadership-institute.com\/new-ways-of-working\/","url":"https:\/\/www.tec-leadership-institute.com\/new-ways-of-working\/","name":"Neue Arbeitsweisen des TEC Leadership Institute (2024)","isPartOf":{"@id":"https:\/\/www.tec-leadership-institute.com\/#website"},"primaryImageOfPage":{"@id":"https:\/\/www.tec-leadership-institute.com\/new-ways-of-working\/#primaryimage"},"image":{"@id":"https:\/\/www.tec-leadership-institute.com\/new-ways-of-working\/#primaryimage"},"thumbnailUrl":"https:\/\/www.tec-leadership-institute.com\/wp-content\/uploads\/2023\/11\/Picture-4-1024x707.png","datePublished":"2023-11-06T11:53:55+00:00","dateModified":"2024-01-24T14:25:05+00:00","description":"In den New Work Workshops erwerben die Teilnehmer digitale und KI-Kompetenzen und lernen, wie sie in einem hybriden Arbeitsumfeld effektiv f\u00fchren und zusammenarbeiten...","breadcrumb":{"@id":"https:\/\/www.tec-leadership-institute.com\/new-ways-of-working\/#breadcrumb"},"inLanguage":"de","potentialAction":[{"@type":"ReadAction","target":["https:\/\/www.tec-leadership-institute.com\/new-ways-of-working\/"]}]},{"@type":"ImageObject","inLanguage":"de","@id":"https:\/\/www.tec-leadership-institute.com\/new-ways-of-working\/#primaryimage","url":"https:\/\/www.tec-leadership-institute.com\/wp-content\/uploads\/2023\/11\/Picture-4-1024x707.png","contentUrl":"https:\/\/www.tec-leadership-institute.com\/wp-content\/uploads\/2023\/11\/Picture-4-1024x707.png"},{"@type":"BreadcrumbList","@id":"https:\/\/www.tec-leadership-institute.com\/new-ways-of-working\/#breadcrumb","itemListElement":[{"@type":"ListItem","position":1,"name":"Startseite","item":"https:\/\/www.tec-leadership-institute.com\/"},{"@type":"ListItem","position":2,"name":"Neue Wege der Arbeit"}]},{"@type":"WebSite","@id":"https:\/\/www.tec-leadership-institute.com\/#website","url":"https:\/\/www.tec-leadership-institute.com\/","name":"Tec-Leadership-Institute","description":"Personal Leadership, Team and Organizational development","publisher":{"@id":"https:\/\/www.tec-leadership-institute.com\/#organization"},"potentialAction":[{"@type":"SearchAction","target":{"@type":"EntryPoint","urlTemplate":"https:\/\/www.tec-leadership-institute.com\/?s={search_term_string}"},"query-input":{"@type":"PropertyValueSpecification","valueRequired":true,"valueName":"search_term_string"}}],"inLanguage":"de"},{"@type":"Organization","@id":"https:\/\/www.tec-leadership-institute.com\/#organization","name":"Tec-Leadership-Institute","url":"https:\/\/www.tec-leadership-institute.com\/","logo":{"@type":"ImageObject","inLanguage":"de","@id":"https:\/\/www.tec-leadership-institute.com\/#\/schema\/logo\/image\/","url":"https:\/\/www.tec-leadership-institute.com\/wp-content\/uploads\/2025\/08\/cropped-TEC-Logo-Black-Text-Transparent-scaled-1.png","contentUrl":"https:\/\/www.tec-leadership-institute.com\/wp-content\/uploads\/2025\/08\/cropped-TEC-Logo-Black-Text-Transparent-scaled-1.png","width":2478,"height":472,"caption":"Tec-Leadership-Institute"},"image":{"@id":"https:\/\/www.tec-leadership-institute.com\/#\/schema\/logo\/image\/"},"sameAs":["https:\/\/www.facebook.com\/TECLeadershipInstitute","https:\/\/www.linkedin.com\/company\/tec-leadership-institute-gmbh\/"]}]}},"_links":{"self":[{"href":"https:\/\/www.tec-leadership-institute.com\/de\/wp-json\/wp\/v2\/pages\/3832","targetHints":{"allow":["GET"]}}],"collection":[{"href":"https:\/\/www.tec-leadership-institute.com\/de\/wp-json\/wp\/v2\/pages"}],"about":[{"href":"https:\/\/www.tec-leadership-institute.com\/de\/wp-json\/wp\/v2\/types\/page"}],"author":[{"embeddable":true,"href":"https:\/\/www.tec-leadership-institute.com\/de\/wp-json\/wp\/v2\/users\/1"}],"replies":[{"embeddable":true,"href":"https:\/\/www.tec-leadership-institute.com\/de\/wp-json\/wp\/v2\/comments?post=3832"}],"version-history":[{"count":5,"href":"https:\/\/www.tec-leadership-institute.com\/de\/wp-json\/wp\/v2\/pages\/3832\/revisions"}],"predecessor-version":[{"id":3957,"href":"https:\/\/www.tec-leadership-institute.com\/de\/wp-json\/wp\/v2\/pages\/3832\/revisions\/3957"}],"wp:attachment":[{"href":"https:\/\/www.tec-leadership-institute.com\/de\/wp-json\/wp\/v2\/media?parent=3832"}],"curies":[{"name":"wp","href":"https:\/\/api.w.org\/{rel}","templated":true}]}}