{"id":3849,"date":"2023-11-06T10:55:34","date_gmt":"2023-11-06T10:55:34","guid":{"rendered":"https:\/\/www.tec-leadership-institute.com\/strengthscope-fuer-teambuilding\/"},"modified":"2024-01-19T11:50:39","modified_gmt":"2024-01-19T11:50:39","slug":"strengthscope-fuer-teambuilding","status":"publish","type":"page","link":"https:\/\/www.tec-leadership-institute.com\/de\/strengthscope-fuer-teambuilding\/","title":{"rendered":"Strengthscope f\u00fcr Teambuilding"},"content":{"rendered":"\t\t<div data-elementor-type=\"wp-page\" data-elementor-id=\"3849\" class=\"elementor elementor-3849 elementor-1476\" data-elementor-post-type=\"page\">\n\t\t\t\t\t\t<section class=\"elementor-section elementor-top-section elementor-element elementor-element-xzphr30 elementor-section-height-min-height elementor-section-boxed elementor-section-height-default elementor-section-items-middle\" data-id=\"xzphr30\" data-element_type=\"section\" data-e-type=\"section\" data-settings=\"{&quot;background_background&quot;:&quot;classic&quot;}\">\n\t\t\t\t\t\t\t<div class=\"elementor-background-overlay\"><\/div>\n\t\t\t\t\t\t\t<div class=\"elementor-container elementor-column-gap-no\">\n\t\t\t\t\t<div class=\"elementor-column elementor-col-100 elementor-top-column elementor-element elementor-element-d908717\" data-id=\"d908717\" data-element_type=\"column\" data-e-type=\"column\">\n\t\t\t<div class=\"elementor-widget-wrap elementor-element-populated\">\n\t\t\t\t\t\t<div class=\"elementor-element elementor-element-a92d70e elementor-widget elementor-widget-heading\" data-id=\"a92d70e\" data-element_type=\"widget\" data-e-type=\"widget\" data-widget_type=\"heading.default\">\n\t\t\t\t<div class=\"elementor-widget-container\">\n\t\t\t\t\t<h6 class=\"elementor-heading-title elementor-size-default\">Team-Diagnose-Tools<\/h6>\t\t\t\t<\/div>\n\t\t\t\t<\/div>\n\t\t\t\t<div class=\"elementor-element elementor-element-39dcc49 elementor-widget elementor-widget-heading\" data-id=\"39dcc49\" data-element_type=\"widget\" data-e-type=\"widget\" data-widget_type=\"heading.default\">\n\t\t\t\t<div class=\"elementor-widget-container\">\n\t\t\t\t\t<h1 class=\"elementor-heading-title elementor-size-default\">Strengthscope f\u00fcr Teambuilding<\/h1>\t\t\t\t<\/div>\n\t\t\t\t<\/div>\n\t\t\t\t\t<\/div>\n\t\t<\/div>\n\t\t\t\t\t<\/div>\n\t\t<\/section>\n\t\t<div class=\"elementor-element elementor-element-a1f8029 e-flex e-con-boxed e-con e-parent\" data-id=\"a1f8029\" data-element_type=\"container\" data-e-type=\"container\" data-settings=\"{&quot;background_background&quot;:&quot;classic&quot;}\">\n\t\t\t\t\t<div class=\"e-con-inner\">\n\t\t<div class=\"elementor-element elementor-element-291b86f e-con-full e-flex e-con e-child\" data-id=\"291b86f\" data-element_type=\"container\" data-e-type=\"container\">\n\t\t\t\t<div class=\"elementor-element elementor-element-0588611 elementor-widget elementor-widget-image\" data-id=\"0588611\" data-element_type=\"widget\" data-e-type=\"widget\" data-widget_type=\"image.default\">\n\t\t\t\t<div class=\"elementor-widget-container\">\n\t\t\t\t\t\t\t\t\t\t\t\t\t\t\t<img decoding=\"async\" width=\"220\" height=\"68\" src=\"https:\/\/www.tec-leadership-institute.com\/wp-content\/uploads\/2023\/12\/Strengthscope-R.png\" class=\"attachment-large size-large wp-image-3129\" alt=\"\" \/>\t\t\t\t\t\t\t\t\t\t\t\t\t\t\t<\/div>\n\t\t\t\t<\/div>\n\t\t\t\t<div class=\"elementor-element elementor-element-eb50d78 elementor-widget elementor-widget-heading\" data-id=\"eb50d78\" data-element_type=\"widget\" data-e-type=\"widget\" data-widget_type=\"heading.default\">\n\t\t\t\t<div class=\"elementor-widget-container\">\n\t\t\t\t\t<h5 class=\"elementor-heading-title elementor-size-default\">StrengthscopeTeam hilft Ihrem Team bei der Optimierung\nder Leistung, indem es ihnen ein Bewusstsein und\nund Begleitung liefert zu:\n<\/h5>\t\t\t\t<\/div>\n\t\t\t\t<\/div>\n\t\t\t\t<div class=\"elementor-element elementor-element-9c2face elementor-widget elementor-widget-text-editor\" data-id=\"9c2face\" data-element_type=\"widget\" data-e-type=\"widget\" data-widget_type=\"text-editor.default\">\n\t\t\t\t<div class=\"elementor-widget-container\">\n\t\t\t\t\t\t\t\t\t<ul>\n<li><strong>Schl\u00fcsselst\u00e4rken und Strategien<\/strong> zur Optimierung der Teamleistung.<\/li>\n<li><strong>Potenzielle Herausforderungen<\/strong>, die die Spitzenleistung behindern k\u00f6nnten, und <strong>wirksame L\u00f6sungen<\/strong>, um sie zu entsch\u00e4rfen.<\/li>\n<li><strong>Verbesserte Teamarbeit<\/strong> durch grundlegende Teamgewohnheiten, die f\u00fcr eine optimale Leistung unerl\u00e4sslich sind.<\/li>\n<li><strong>Ma\u00dfgeschneiderte Empfehlungen<\/strong> zur Steigerung der Effizienz und Gesamtleistung ihres Teams.<\/li>\n<\/ul>\n<p>Wenn Sie herausfinden m\u00f6chten, wie Strengthscope die Zusammenarbeit und Leistung Ihres Teams verbessern kann, oder wenn Sie die Bewertung durchf\u00fchren m\u00f6chten, setzen Sie sich bitte mit uns in Verbindung.<\/p>\n\t\t\t\t\t\t\t\t<\/div>\n\t\t\t\t<\/div>\n\t\t\t\t<\/div>\n\t\t<div class=\"elementor-element elementor-element-1d3d02d e-con-full e-flex e-con e-child\" data-id=\"1d3d02d\" data-element_type=\"container\" data-e-type=\"container\">\n\t\t\t\t<div class=\"elementor-element elementor-element-999dce3 elementor-widget elementor-widget-image\" data-id=\"999dce3\" data-element_type=\"widget\" data-e-type=\"widget\" data-widget_type=\"image.default\">\n\t\t\t\t<div class=\"elementor-widget-container\">\n\t\t\t\t\t\t\t\t\t\t\t\t\t\t\t<img fetchpriority=\"high\" decoding=\"async\" width=\"851\" height=\"708\" src=\"https:\/\/www.tec-leadership-institute.com\/wp-content\/uploads\/2023\/12\/Strengthscope.png\" class=\"attachment-large size-large wp-image-3131\" alt=\"\" srcset=\"https:\/\/www.tec-leadership-institute.com\/wp-content\/uploads\/2023\/12\/Strengthscope.png 851w, https:\/\/www.tec-leadership-institute.com\/wp-content\/uploads\/2023\/12\/Strengthscope-300x250.png 300w, https:\/\/www.tec-leadership-institute.com\/wp-content\/uploads\/2023\/12\/Strengthscope-768x639.png 768w\" sizes=\"(max-width: 851px) 100vw, 851px\" \/>\t\t\t\t\t\t\t\t\t\t\t\t\t\t\t<\/div>\n\t\t\t\t<\/div>\n\t\t\t\t<\/div>\n\t\t\t\t\t<\/div>\n\t\t\t\t<\/div>\n\t\t<div class=\"elementor-element elementor-element-2742d94 e-flex e-con-boxed e-con e-parent\" data-id=\"2742d94\" data-element_type=\"container\" data-e-type=\"container\" data-settings=\"{&quot;background_background&quot;:&quot;classic&quot;}\">\n\t\t\t\t\t<div class=\"e-con-inner\">\n\t\t\t\t<div class=\"elementor-element elementor-element-6277428 elementor-widget elementor-widget-heading\" data-id=\"6277428\" data-element_type=\"widget\" data-e-type=\"widget\" data-widget_type=\"heading.default\">\n\t\t\t\t<div class=\"elementor-widget-container\">\n\t\t\t\t\t<h2 class=\"elementor-heading-title elementor-size-default\">Der Prozess<\/h2>\t\t\t\t<\/div>\n\t\t\t\t<\/div>\n\t\t\t\t<div class=\"elementor-element elementor-element-efc9375 elementor-widget elementor-widget-image\" data-id=\"efc9375\" data-element_type=\"widget\" data-e-type=\"widget\" data-widget_type=\"image.default\">\n\t\t\t\t<div class=\"elementor-widget-container\">\n\t\t\t\t\t\t\t\t\t\t\t\t\t\t\t<img decoding=\"async\" width=\"1019\" height=\"246\" src=\"https:\/\/www.tec-leadership-institute.com\/wp-content\/uploads\/2023\/12\/StrengthscopeTeambuildingProcess-1024x247.png\" class=\"attachment-large size-large wp-image-3133\" alt=\"\" srcset=\"https:\/\/www.tec-leadership-institute.com\/wp-content\/uploads\/2023\/12\/StrengthscopeTeambuildingProcess-1024x247.png 1024w, https:\/\/www.tec-leadership-institute.com\/wp-content\/uploads\/2023\/12\/StrengthscopeTeambuildingProcess-300x72.png 300w, https:\/\/www.tec-leadership-institute.com\/wp-content\/uploads\/2023\/12\/StrengthscopeTeambuildingProcess-768x185.png 768w, https:\/\/www.tec-leadership-institute.com\/wp-content\/uploads\/2023\/12\/StrengthscopeTeambuildingProcess-1536x370.png 1536w, https:\/\/www.tec-leadership-institute.com\/wp-content\/uploads\/2023\/12\/StrengthscopeTeambuildingProcess-2048x493.png 2048w\" sizes=\"(max-width: 1019px) 100vw, 1019px\" \/>\t\t\t\t\t\t\t\t\t\t\t\t\t\t\t<\/div>\n\t\t\t\t<\/div>\n\t\t\t\t<div class=\"elementor-element elementor-element-d4471c0 elementor-align-center elementor-widget elementor-widget-button\" data-id=\"d4471c0\" data-element_type=\"widget\" data-e-type=\"widget\" data-widget_type=\"button.default\">\n\t\t\t\t<div class=\"elementor-widget-container\">\n\t\t\t\t\t\t\t\t\t<div class=\"elementor-button-wrapper\">\n\t\t\t\t\t<a class=\"elementor-button elementor-button-link elementor-size-sm\" href=\"https:\/\/www.tec-leadership-institute.com\/de\/kontakt\/\">\n\t\t\t\t\t\t<span class=\"elementor-button-content-wrapper\">\n\t\t\t\t\t\t\t\t\t<span class=\"elementor-button-text\">Kontaktieren Sie uns<\/span>\n\t\t\t\t\t<\/span>\n\t\t\t\t\t<\/a>\n\t\t\t\t<\/div>\n\t\t\t\t\t\t\t\t<\/div>\n\t\t\t\t<\/div>\n\t\t\t\t\t<\/div>\n\t\t\t\t<\/div>\n\t\t\t\t<\/div>\n\t\t","protected":false},"excerpt":{"rendered":"<p>Team-Diagnose-Tools Strengthscope f\u00fcr Teambuilding StrengthscopeTeam hilft Ihrem Team bei der Optimierung der Leistung, indem es ihnen ein Bewusstsein und und Begleitung liefert zu: Schl\u00fcsselst\u00e4rken und Strategien zur Optimierung der Teamleistung. Potenzielle Herausforderungen, die die Spitzenleistung behindern k\u00f6nnten, und wirksame L\u00f6sungen, um sie zu entsch\u00e4rfen. Verbesserte Teamarbeit durch grundlegende Teamgewohnheiten, die f\u00fcr eine optimale Leistung unerl\u00e4sslich [&hellip;]<\/p>\n","protected":false},"author":1,"featured_media":0,"parent":0,"menu_order":0,"comment_status":"closed","ping_status":"closed","template":"","meta":{"site-sidebar-layout":"no-sidebar","site-content-layout":"page-builder","ast-site-content-layout":"default","site-content-style":"default","site-sidebar-style":"default","ast-global-header-display":"","ast-banner-title-visibility":"","ast-main-header-display":"","ast-hfb-above-header-display":"","ast-hfb-below-header-display":"","ast-hfb-mobile-header-display":"","site-post-title":"disabled","ast-breadcrumbs-content":"","ast-featured-img":"disabled","footer-sml-layout":"","theme-transparent-header-meta":"","adv-header-id-meta":"","stick-header-meta":"","header-above-stick-meta":"","header-main-stick-meta":"","header-below-stick-meta":"","astra-migrate-meta-layouts":"default","ast-page-background-enabled":"default","ast-page-background-meta":{"desktop":{"background-color":"","background-image":"","background-repeat":"repeat","background-position":"center center","background-size":"auto","background-attachment":"scroll","background-type":"","background-media":"","overlay-type":"","overlay-color":"","overlay-opacity":"","overlay-gradient":""},"tablet":{"background-color":"","background-image":"","background-repeat":"repeat","background-position":"center center","background-size":"auto","background-attachment":"scroll","background-type":"","background-media":"","overlay-type":"","overlay-color":"","overlay-opacity":"","overlay-gradient":""},"mobile":{"background-color":"","background-image":"","background-repeat":"repeat","background-position":"center center","background-size":"auto","background-attachment":"scroll","background-type":"","background-media":"","overlay-type":"","overlay-color":"","overlay-opacity":"","overlay-gradient":""}},"ast-content-background-meta":{"desktop":{"background-color":"var(--ast-global-color-5)","background-image":"","background-repeat":"repeat","background-position":"center center","background-size":"auto","background-attachment":"scroll","background-type":"","background-media":"","overlay-type":"","overlay-color":"","overlay-opacity":"","overlay-gradient":""},"tablet":{"background-color":"var(--ast-global-color-5)","background-image":"","background-repeat":"repeat","background-position":"center center","background-size":"auto","background-attachment":"scroll","background-type":"","background-media":"","overlay-type":"","overlay-color":"","overlay-opacity":"","overlay-gradient":""},"mobile":{"background-color":"var(--ast-global-color-5)","background-image":"","background-repeat":"repeat","background-position":"center center","background-size":"auto","background-attachment":"scroll","background-type":"","background-media":"","overlay-type":"","overlay-color":"","overlay-opacity":"","overlay-gradient":""}},"footnotes":""},"class_list":["post-3849","page","type-page","status-publish","hentry"],"yoast_head":"<!-- This site is optimized with the Yoast SEO plugin v27.3 - https:\/\/yoast.com\/product\/yoast-seo-wordpress\/ -->\n<title>Strengthscope f\u00fcr Teambuilding (2024) - Erfahren Sie mehr<\/title>\n<meta name=\"description\" content=\"Klare St\u00e4rken und wie diese optimiert werden k\u00f6nnen, um die Leistung des Teams zu steigern. Risikobereiche die Spitzenleistungen verhindern, zusammen mit leistungsstarken...\" \/>\n<meta name=\"robots\" content=\"index, follow, max-snippet:-1, max-image-preview:large, max-video-preview:-1\" \/>\n<link rel=\"canonical\" href=\"https:\/\/www.tec-leadership-institute.com\/de\/?page_id=3849\" \/>\n<meta property=\"og:locale\" content=\"de_DE\" \/>\n<meta property=\"og:type\" content=\"article\" \/>\n<meta property=\"og:title\" content=\"Strengthscope f\u00fcr Teambuilding (2024) - Erfahren Sie mehr\" \/>\n<meta property=\"og:description\" content=\"Klare St\u00e4rken und wie diese optimiert werden k\u00f6nnen, um die Leistung des Teams zu steigern. Risikobereiche die Spitzenleistungen verhindern, zusammen mit leistungsstarken...\" \/>\n<meta property=\"og:url\" content=\"https:\/\/www.tec-leadership-institute.com\/de\/?page_id=3849\" \/>\n<meta property=\"og:site_name\" content=\"Tec-Leadership-Institute\" \/>\n<meta property=\"article:publisher\" content=\"https:\/\/www.facebook.com\/TECLeadershipInstitute\" \/>\n<meta property=\"article:modified_time\" content=\"2024-01-19T11:50:39+00:00\" \/>\n<meta property=\"og:image\" content=\"https:\/\/www.tec-leadership-institute.com\/wp-content\/uploads\/2023\/12\/Strengthscope-R.png\" \/>\n<meta name=\"twitter:card\" content=\"summary_large_image\" \/>\n<meta name=\"twitter:label1\" content=\"Gesch\u00e4tzte Lesezeit\" \/>\n\t<meta name=\"twitter:data1\" content=\"1\u00a0Minute\" \/>\n<script type=\"application\/ld+json\" class=\"yoast-schema-graph\">{\"@context\":\"https:\\\/\\\/schema.org\",\"@graph\":[{\"@type\":\"WebPage\",\"@id\":\"https:\\\/\\\/www.tec-leadership-institute.com\\\/de\\\/?page_id=3849\",\"url\":\"https:\\\/\\\/www.tec-leadership-institute.com\\\/de\\\/?page_id=3849\",\"name\":\"Strengthscope f\u00fcr Teambuilding (2024) - Erfahren Sie mehr\",\"isPartOf\":{\"@id\":\"https:\\\/\\\/www.tec-leadership-institute.com\\\/#website\"},\"primaryImageOfPage\":{\"@id\":\"https:\\\/\\\/www.tec-leadership-institute.com\\\/de\\\/?page_id=3849#primaryimage\"},\"image\":{\"@id\":\"https:\\\/\\\/www.tec-leadership-institute.com\\\/de\\\/?page_id=3849#primaryimage\"},\"thumbnailUrl\":\"https:\\\/\\\/www.tec-leadership-institute.com\\\/wp-content\\\/uploads\\\/2023\\\/12\\\/Strengthscope-R.png\",\"datePublished\":\"2023-11-06T10:55:34+00:00\",\"dateModified\":\"2024-01-19T11:50:39+00:00\",\"description\":\"Klare St\u00e4rken und wie diese optimiert werden k\u00f6nnen, um die Leistung des Teams zu steigern. Risikobereiche die Spitzenleistungen verhindern, zusammen mit leistungsstarken...\",\"breadcrumb\":{\"@id\":\"https:\\\/\\\/www.tec-leadership-institute.com\\\/de\\\/?page_id=3849#breadcrumb\"},\"inLanguage\":\"de\",\"potentialAction\":[{\"@type\":\"ReadAction\",\"target\":[\"https:\\\/\\\/www.tec-leadership-institute.com\\\/de\\\/?page_id=3849\"]}]},{\"@type\":\"ImageObject\",\"inLanguage\":\"de\",\"@id\":\"https:\\\/\\\/www.tec-leadership-institute.com\\\/de\\\/?page_id=3849#primaryimage\",\"url\":\"https:\\\/\\\/www.tec-leadership-institute.com\\\/wp-content\\\/uploads\\\/2023\\\/12\\\/Strengthscope-R.png\",\"contentUrl\":\"https:\\\/\\\/www.tec-leadership-institute.com\\\/wp-content\\\/uploads\\\/2023\\\/12\\\/Strengthscope-R.png\"},{\"@type\":\"BreadcrumbList\",\"@id\":\"https:\\\/\\\/www.tec-leadership-institute.com\\\/de\\\/?page_id=3849#breadcrumb\",\"itemListElement\":[{\"@type\":\"ListItem\",\"position\":1,\"name\":\"Startseite\",\"item\":\"https:\\\/\\\/www.tec-leadership-institute.com\\\/\"},{\"@type\":\"ListItem\",\"position\":2,\"name\":\"Strengthscope f\u00fcr Teambuilding\"}]},{\"@type\":\"WebSite\",\"@id\":\"https:\\\/\\\/www.tec-leadership-institute.com\\\/#website\",\"url\":\"https:\\\/\\\/www.tec-leadership-institute.com\\\/\",\"name\":\"Tec-Leadership-Institute\",\"description\":\"Personal Leadership, Team and Organizational development\",\"publisher\":{\"@id\":\"https:\\\/\\\/www.tec-leadership-institute.com\\\/#organization\"},\"potentialAction\":[{\"@type\":\"SearchAction\",\"target\":{\"@type\":\"EntryPoint\",\"urlTemplate\":\"https:\\\/\\\/www.tec-leadership-institute.com\\\/?s={search_term_string}\"},\"query-input\":{\"@type\":\"PropertyValueSpecification\",\"valueRequired\":true,\"valueName\":\"search_term_string\"}}],\"inLanguage\":\"de\"},{\"@type\":\"Organization\",\"@id\":\"https:\\\/\\\/www.tec-leadership-institute.com\\\/#organization\",\"name\":\"Tec-Leadership-Institute\",\"url\":\"https:\\\/\\\/www.tec-leadership-institute.com\\\/\",\"logo\":{\"@type\":\"ImageObject\",\"inLanguage\":\"de\",\"@id\":\"https:\\\/\\\/www.tec-leadership-institute.com\\\/#\\\/schema\\\/logo\\\/image\\\/\",\"url\":\"https:\\\/\\\/www.tec-leadership-institute.com\\\/wp-content\\\/uploads\\\/2025\\\/08\\\/cropped-TEC-Logo-Black-Text-Transparent-scaled-1.png\",\"contentUrl\":\"https:\\\/\\\/www.tec-leadership-institute.com\\\/wp-content\\\/uploads\\\/2025\\\/08\\\/cropped-TEC-Logo-Black-Text-Transparent-scaled-1.png\",\"width\":2478,\"height\":472,\"caption\":\"Tec-Leadership-Institute\"},\"image\":{\"@id\":\"https:\\\/\\\/www.tec-leadership-institute.com\\\/#\\\/schema\\\/logo\\\/image\\\/\"},\"sameAs\":[\"https:\\\/\\\/www.facebook.com\\\/TECLeadershipInstitute\",\"https:\\\/\\\/www.linkedin.com\\\/company\\\/tec-leadership-institute-gmbh\\\/\"]}]}<\/script>\n<!-- \/ Yoast SEO plugin. -->","yoast_head_json":{"title":"Strengthscope f\u00fcr Teambuilding (2024) - Erfahren Sie mehr","description":"Klare St\u00e4rken und wie diese optimiert werden k\u00f6nnen, um die Leistung des Teams zu steigern. Risikobereiche die Spitzenleistungen verhindern, zusammen mit leistungsstarken...","robots":{"index":"index","follow":"follow","max-snippet":"max-snippet:-1","max-image-preview":"max-image-preview:large","max-video-preview":"max-video-preview:-1"},"canonical":"https:\/\/www.tec-leadership-institute.com\/de\/?page_id=3849","og_locale":"de_DE","og_type":"article","og_title":"Strengthscope f\u00fcr Teambuilding (2024) - Erfahren Sie mehr","og_description":"Klare St\u00e4rken und wie diese optimiert werden k\u00f6nnen, um die Leistung des Teams zu steigern. Risikobereiche die Spitzenleistungen verhindern, zusammen mit leistungsstarken...","og_url":"https:\/\/www.tec-leadership-institute.com\/de\/?page_id=3849","og_site_name":"Tec-Leadership-Institute","article_publisher":"https:\/\/www.facebook.com\/TECLeadershipInstitute","article_modified_time":"2024-01-19T11:50:39+00:00","og_image":[{"url":"https:\/\/www.tec-leadership-institute.com\/wp-content\/uploads\/2023\/12\/Strengthscope-R.png","type":"","width":"","height":""}],"twitter_card":"summary_large_image","twitter_misc":{"Gesch\u00e4tzte Lesezeit":"1\u00a0Minute"},"schema":{"@context":"https:\/\/schema.org","@graph":[{"@type":"WebPage","@id":"https:\/\/www.tec-leadership-institute.com\/de\/?page_id=3849","url":"https:\/\/www.tec-leadership-institute.com\/de\/?page_id=3849","name":"Strengthscope f\u00fcr Teambuilding (2024) - Erfahren Sie mehr","isPartOf":{"@id":"https:\/\/www.tec-leadership-institute.com\/#website"},"primaryImageOfPage":{"@id":"https:\/\/www.tec-leadership-institute.com\/de\/?page_id=3849#primaryimage"},"image":{"@id":"https:\/\/www.tec-leadership-institute.com\/de\/?page_id=3849#primaryimage"},"thumbnailUrl":"https:\/\/www.tec-leadership-institute.com\/wp-content\/uploads\/2023\/12\/Strengthscope-R.png","datePublished":"2023-11-06T10:55:34+00:00","dateModified":"2024-01-19T11:50:39+00:00","description":"Klare St\u00e4rken und wie diese optimiert werden k\u00f6nnen, um die Leistung des Teams zu steigern. Risikobereiche die Spitzenleistungen verhindern, zusammen mit leistungsstarken...","breadcrumb":{"@id":"https:\/\/www.tec-leadership-institute.com\/de\/?page_id=3849#breadcrumb"},"inLanguage":"de","potentialAction":[{"@type":"ReadAction","target":["https:\/\/www.tec-leadership-institute.com\/de\/?page_id=3849"]}]},{"@type":"ImageObject","inLanguage":"de","@id":"https:\/\/www.tec-leadership-institute.com\/de\/?page_id=3849#primaryimage","url":"https:\/\/www.tec-leadership-institute.com\/wp-content\/uploads\/2023\/12\/Strengthscope-R.png","contentUrl":"https:\/\/www.tec-leadership-institute.com\/wp-content\/uploads\/2023\/12\/Strengthscope-R.png"},{"@type":"BreadcrumbList","@id":"https:\/\/www.tec-leadership-institute.com\/de\/?page_id=3849#breadcrumb","itemListElement":[{"@type":"ListItem","position":1,"name":"Startseite","item":"https:\/\/www.tec-leadership-institute.com\/"},{"@type":"ListItem","position":2,"name":"Strengthscope f\u00fcr Teambuilding"}]},{"@type":"WebSite","@id":"https:\/\/www.tec-leadership-institute.com\/#website","url":"https:\/\/www.tec-leadership-institute.com\/","name":"Tec-Leadership-Institute","description":"Personal Leadership, Team and Organizational development","publisher":{"@id":"https:\/\/www.tec-leadership-institute.com\/#organization"},"potentialAction":[{"@type":"SearchAction","target":{"@type":"EntryPoint","urlTemplate":"https:\/\/www.tec-leadership-institute.com\/?s={search_term_string}"},"query-input":{"@type":"PropertyValueSpecification","valueRequired":true,"valueName":"search_term_string"}}],"inLanguage":"de"},{"@type":"Organization","@id":"https:\/\/www.tec-leadership-institute.com\/#organization","name":"Tec-Leadership-Institute","url":"https:\/\/www.tec-leadership-institute.com\/","logo":{"@type":"ImageObject","inLanguage":"de","@id":"https:\/\/www.tec-leadership-institute.com\/#\/schema\/logo\/image\/","url":"https:\/\/www.tec-leadership-institute.com\/wp-content\/uploads\/2025\/08\/cropped-TEC-Logo-Black-Text-Transparent-scaled-1.png","contentUrl":"https:\/\/www.tec-leadership-institute.com\/wp-content\/uploads\/2025\/08\/cropped-TEC-Logo-Black-Text-Transparent-scaled-1.png","width":2478,"height":472,"caption":"Tec-Leadership-Institute"},"image":{"@id":"https:\/\/www.tec-leadership-institute.com\/#\/schema\/logo\/image\/"},"sameAs":["https:\/\/www.facebook.com\/TECLeadershipInstitute","https:\/\/www.linkedin.com\/company\/tec-leadership-institute-gmbh\/"]}]}},"_links":{"self":[{"href":"https:\/\/www.tec-leadership-institute.com\/de\/wp-json\/wp\/v2\/pages\/3849","targetHints":{"allow":["GET"]}}],"collection":[{"href":"https:\/\/www.tec-leadership-institute.com\/de\/wp-json\/wp\/v2\/pages"}],"about":[{"href":"https:\/\/www.tec-leadership-institute.com\/de\/wp-json\/wp\/v2\/types\/page"}],"author":[{"embeddable":true,"href":"https:\/\/www.tec-leadership-institute.com\/de\/wp-json\/wp\/v2\/users\/1"}],"replies":[{"embeddable":true,"href":"https:\/\/www.tec-leadership-institute.com\/de\/wp-json\/wp\/v2\/comments?post=3849"}],"version-history":[{"count":4,"href":"https:\/\/www.tec-leadership-institute.com\/de\/wp-json\/wp\/v2\/pages\/3849\/revisions"}],"predecessor-version":[{"id":3909,"href":"https:\/\/www.tec-leadership-institute.com\/de\/wp-json\/wp\/v2\/pages\/3849\/revisions\/3909"}],"wp:attachment":[{"href":"https:\/\/www.tec-leadership-institute.com\/de\/wp-json\/wp\/v2\/media?parent=3849"}],"curies":[{"name":"wp","href":"https:\/\/api.w.org\/{rel}","templated":true}]}}