{"id":3856,"date":"2023-11-06T11:09:40","date_gmt":"2023-11-06T11:09:40","guid":{"rendered":"https:\/\/www.tec-leadership-institute.com\/eq-i-2-0\/"},"modified":"2024-01-18T15:45:59","modified_gmt":"2024-01-18T15:45:59","slug":"eq-i-2-0","status":"publish","type":"page","link":"https:\/\/www.tec-leadership-institute.com\/de\/eq-i-2-0\/","title":{"rendered":"EQ-i 2.0"},"content":{"rendered":"\t\t<div data-elementor-type=\"wp-page\" data-elementor-id=\"3856\" class=\"elementor elementor-3856 elementor-1505\" data-elementor-post-type=\"page\">\n\t\t\t\t\t\t<section class=\"elementor-section elementor-top-section elementor-element elementor-element-bqjpi7i elementor-section-height-min-height elementor-section-boxed elementor-section-height-default elementor-section-items-middle\" data-id=\"bqjpi7i\" data-element_type=\"section\" data-e-type=\"section\" data-settings=\"{&quot;background_background&quot;:&quot;classic&quot;}\">\n\t\t\t\t\t\t\t<div class=\"elementor-background-overlay\"><\/div>\n\t\t\t\t\t\t\t<div class=\"elementor-container elementor-column-gap-no\">\n\t\t\t\t\t<div class=\"elementor-column elementor-col-100 elementor-top-column elementor-element elementor-element-d908717\" data-id=\"d908717\" data-element_type=\"column\" data-e-type=\"column\">\n\t\t\t<div class=\"elementor-widget-wrap elementor-element-populated\">\n\t\t\t\t\t\t<div class=\"elementor-element elementor-element-a92d70e elementor-widget elementor-widget-heading\" data-id=\"a92d70e\" data-element_type=\"widget\" data-e-type=\"widget\" data-widget_type=\"heading.default\">\n\t\t\t\t<div class=\"elementor-widget-container\">\n\t\t\t\t\t<h6 class=\"elementor-heading-title elementor-size-default\">Tools zur Entwicklung von F\u00fchrungskr\u00e4ften<\/h6>\t\t\t\t<\/div>\n\t\t\t\t<\/div>\n\t\t\t\t<div class=\"elementor-element elementor-element-39dcc49 elementor-widget elementor-widget-heading\" data-id=\"39dcc49\" data-element_type=\"widget\" data-e-type=\"widget\" data-widget_type=\"heading.default\">\n\t\t\t\t<div class=\"elementor-widget-container\">\n\t\t\t\t\t<h1 class=\"elementor-heading-title elementor-size-default\">EQ-i 2.0 f\u00fcr die Entwicklung von F\u00fchrungskr\u00e4ften<\/h1>\t\t\t\t<\/div>\n\t\t\t\t<\/div>\n\t\t\t\t\t<\/div>\n\t\t<\/div>\n\t\t\t\t\t<\/div>\n\t\t<\/section>\n\t\t<div class=\"elementor-element elementor-element-9d92df8 e-flex e-con-boxed e-con e-parent\" data-id=\"9d92df8\" data-element_type=\"container\" data-e-type=\"container\" data-settings=\"{&quot;background_background&quot;:&quot;classic&quot;}\">\n\t\t\t\t\t<div class=\"e-con-inner\">\n\t\t<div class=\"elementor-element elementor-element-0a6be3b e-con-full e-flex e-con e-child\" data-id=\"0a6be3b\" data-element_type=\"container\" data-e-type=\"container\">\n\t\t\t\t<div class=\"elementor-element elementor-element-6132fbe elementor-widget elementor-widget-heading\" data-id=\"6132fbe\" data-element_type=\"widget\" data-e-type=\"widget\" data-widget_type=\"heading.default\">\n\t\t\t\t<div class=\"elementor-widget-container\">\n\t\t\t\t\t<h2 class=\"elementor-heading-title elementor-size-default\">EQ-i 2.0<\/h2>\t\t\t\t<\/div>\n\t\t\t\t<\/div>\n\t\t\t\t<div class=\"elementor-element elementor-element-d555117 elementor-widget__width-initial elementor-widget elementor-widget-text-editor\" data-id=\"d555117\" data-element_type=\"widget\" data-e-type=\"widget\" data-widget_type=\"text-editor.default\">\n\t\t\t\t<div class=\"elementor-widget-container\">\n\t\t\t\t\t\t\t\t\t<p><strong>Emotionale Intelligenz: Der Eckpfeiler einer effektiven F\u00fchrung<\/strong><\/p>\n<p>Unser <em><br \/>\n  <strong>Entwicklungsprogramme f\u00fcr F\u00fchrungskr\u00e4fte der ersten und zweiten Ebene<\/strong><br \/>\n<\/em> basieren auf dem EQ-i 2.0 und stellen sicher, dass F\u00fchrungskr\u00e4fte die notwendige Unterst\u00fctzung erhalten, um in der heutigen dynamischen, menschenzentrierten Umgebung erfolgreich zu sein. Unser Ansatz sieht folgenderma\u00dfen aus:<\/p>\n<p><strong>EQ-i 2.0 Bewertung<\/strong><br \/>&#8211; F\u00fchrungskr\u00e4fte f\u00fcllen die EQ-i 2.0 Bewertung online aus, um ihre EQ-St\u00e4rken und Wachstumsbereiche zu ermitteln.<\/p>\n<p><strong>1:1-Nachbesprechung und pers\u00f6nliches Coaching<\/strong><br \/>&#8211; In personalisierten Coaching-Sitzungen erfahren die F\u00fchrungskr\u00e4fte, wie ihre EQ-Kompetenzen zu ihrer F\u00fchrungseffektivit\u00e4t beitragen.<\/p>\n<p><strong>Ma\u00dfgeschneiderte Strategien<\/strong><br \/>&#8211; F\u00fchrungskr\u00e4fte erhalten ma\u00dfgeschneiderte Strategien, um ihre EQ-Kompetenzen auszubalancieren und ihre F\u00fchrungseffektivit\u00e4t zu steigern.<\/p>\n\t\t\t\t\t\t\t\t<\/div>\n\t\t\t\t<\/div>\n\t\t\t\t<\/div>\n\t\t<div class=\"elementor-element elementor-element-56a647c e-flex e-con-boxed e-con e-child\" data-id=\"56a647c\" data-element_type=\"container\" data-e-type=\"container\">\n\t\t\t\t\t<div class=\"e-con-inner\">\n\t\t\t\t<div class=\"elementor-element elementor-element-8782d62 elementor-widget elementor-widget-heading\" data-id=\"8782d62\" data-element_type=\"widget\" data-e-type=\"widget\" data-widget_type=\"heading.default\">\n\t\t\t\t<div class=\"elementor-widget-container\">\n\t\t\t\t\t<h3 class=\"elementor-heading-title elementor-size-default\">Programme zur Entwicklung von F\u00fchrungskr\u00e4ften<\/h3>\t\t\t\t<\/div>\n\t\t\t\t<\/div>\n\t\t\t\t<div class=\"elementor-element elementor-element-91c549c elementor-widget elementor-widget-heading\" data-id=\"91c549c\" data-element_type=\"widget\" data-e-type=\"widget\" data-widget_type=\"heading.default\">\n\t\t\t\t<div class=\"elementor-widget-container\">\n\t\t\t\t\t<h5 class=\"elementor-heading-title elementor-size-default\">In den Workshops zur selbstbewussten F\u00fchrung geht es darum, die F\u00fchrung durch emotionale Intelligenz zu verbessern. Die F\u00fchrungskr\u00e4fte k\u00f6nnen erwarten:<\/h5>\t\t\t\t<\/div>\n\t\t\t\t<\/div>\n\t\t\t\t<div class=\"elementor-element elementor-element-02b3c10 elementor-widget elementor-widget-text-editor\" data-id=\"02b3c10\" data-element_type=\"widget\" data-e-type=\"widget\" data-widget_type=\"text-editor.default\">\n\t\t\t\t<div class=\"elementor-widget-container\">\n\t\t\t\t\t\t\t\t\t<p>&#8211; Eine tiefgreifende Untersuchung der emotional intelligenten F\u00fchrung<br \/>&#8211; Die Entwicklung wichtiger F\u00e4higkeiten der emotionalen Intelligenz, die mit Leistung und Ergebnissen verbunden sind<br \/>&#8211; Dynamische, soziale Lernerfahrungen zur F\u00f6rderung des Selbstbewusstseins, der Selbstdarstellung, der zwischenmenschlichen Kompetenzen, der Entscheidungsfindung und der Stressbew\u00e4ltigung, um ihre F\u00fchrungsf\u00e4higkeiten zu verbessern<br \/>&#8211; die F\u00e4higkeit, ihren F\u00fchrungsstil an die jeweiligen Gegebenheiten anzupassen<\/p>\n<p>Der umfassende Ansatz stellt sicher, dass die F\u00fchrungskr\u00e4fte gut ger\u00fcstet sind, um mit emotionaler Intelligenz zu f\u00fchren und ihre F\u00fchrungsziele zu erreichen.<\/p>\n\t\t\t\t\t\t\t\t<\/div>\n\t\t\t\t<\/div>\n\t\t\t\t\t<\/div>\n\t\t\t\t<\/div>\n\t\t\t\t\t<\/div>\n\t\t\t\t<\/div>\n\t\t<div class=\"elementor-element elementor-element-66cad7f e-flex e-con-boxed e-con e-parent\" data-id=\"66cad7f\" data-element_type=\"container\" data-e-type=\"container\">\n\t\t\t\t\t<div class=\"e-con-inner\">\n\t\t\t\t<div class=\"elementor-element elementor-element-0f4786b elementor-widget elementor-widget-image\" data-id=\"0f4786b\" data-element_type=\"widget\" data-e-type=\"widget\" data-widget_type=\"image.default\">\n\t\t\t\t<div class=\"elementor-widget-container\">\n\t\t\t\t\t\t\t\t\t\t\t\t\t\t\t<img fetchpriority=\"high\" decoding=\"async\" width=\"418\" height=\"463\" src=\"https:\/\/www.tec-leadership-institute.com\/wp-content\/uploads\/2023\/11\/EQI2.0.jpg\" class=\"attachment-large size-large wp-image-3079\" alt=\"\" srcset=\"https:\/\/www.tec-leadership-institute.com\/wp-content\/uploads\/2023\/11\/EQI2.0.jpg 418w, https:\/\/www.tec-leadership-institute.com\/wp-content\/uploads\/2023\/11\/EQI2.0-271x300.jpg 271w\" sizes=\"(max-width: 418px) 100vw, 418px\" \/>\t\t\t\t\t\t\t\t\t\t\t\t\t\t\t<\/div>\n\t\t\t\t<\/div>\n\t\t\t\t\t<\/div>\n\t\t\t\t<\/div>\n\t\t<div class=\"elementor-element elementor-element-4e286fb e-flex e-con-boxed e-con e-parent\" data-id=\"4e286fb\" data-element_type=\"container\" data-e-type=\"container\" data-settings=\"{&quot;background_background&quot;:&quot;classic&quot;}\">\n\t\t\t\t\t<div class=\"e-con-inner\">\n\t\t\t\t<div class=\"elementor-element elementor-element-b76a6be elementor-widget elementor-widget-heading\" data-id=\"b76a6be\" data-element_type=\"widget\" data-e-type=\"widget\" data-widget_type=\"heading.default\">\n\t\t\t\t<div class=\"elementor-widget-container\">\n\t\t\t\t\t<h2 class=\"elementor-heading-title elementor-size-default\">Der Prozess<\/h2>\t\t\t\t<\/div>\n\t\t\t\t<\/div>\n\t\t\t\t<div class=\"elementor-element elementor-element-669bf73 elementor-widget elementor-widget-image\" data-id=\"669bf73\" data-element_type=\"widget\" data-e-type=\"widget\" data-widget_type=\"image.default\">\n\t\t\t\t<div class=\"elementor-widget-container\">\n\t\t\t\t\t\t\t\t\t\t\t\t\t\t\t<img decoding=\"async\" width=\"1019\" height=\"306\" src=\"https:\/\/www.tec-leadership-institute.com\/wp-content\/uploads\/2023\/12\/EQ-i2.0LeadershipProcess-1024x308.png\" class=\"attachment-large size-large wp-image-3139\" alt=\"\" srcset=\"https:\/\/www.tec-leadership-institute.com\/wp-content\/uploads\/2023\/12\/EQ-i2.0LeadershipProcess-1024x308.png 1024w, https:\/\/www.tec-leadership-institute.com\/wp-content\/uploads\/2023\/12\/EQ-i2.0LeadershipProcess-300x90.png 300w, https:\/\/www.tec-leadership-institute.com\/wp-content\/uploads\/2023\/12\/EQ-i2.0LeadershipProcess-768x231.png 768w, https:\/\/www.tec-leadership-institute.com\/wp-content\/uploads\/2023\/12\/EQ-i2.0LeadershipProcess-1536x461.png 1536w, https:\/\/www.tec-leadership-institute.com\/wp-content\/uploads\/2023\/12\/EQ-i2.0LeadershipProcess-2048x615.png 2048w\" sizes=\"(max-width: 1019px) 100vw, 1019px\" \/>\t\t\t\t\t\t\t\t\t\t\t\t\t\t\t<\/div>\n\t\t\t\t<\/div>\n\t\t\t\t<div class=\"elementor-element elementor-element-d6fe140 elementor-align-center elementor-widget elementor-widget-button\" data-id=\"d6fe140\" data-element_type=\"widget\" data-e-type=\"widget\" data-widget_type=\"button.default\">\n\t\t\t\t<div class=\"elementor-widget-container\">\n\t\t\t\t\t\t\t\t\t<div class=\"elementor-button-wrapper\">\n\t\t\t\t\t<a class=\"elementor-button elementor-button-link elementor-size-sm\" href=\"https:\/\/www.tec-leadership-institute.com\/de\/kontakt\/\">\n\t\t\t\t\t\t<span class=\"elementor-button-content-wrapper\">\n\t\t\t\t\t\t\t\t\t<span class=\"elementor-button-text\">Kontakt<\/span>\n\t\t\t\t\t<\/span>\n\t\t\t\t\t<\/a>\n\t\t\t\t<\/div>\n\t\t\t\t\t\t\t\t<\/div>\n\t\t\t\t<\/div>\n\t\t\t\t\t<\/div>\n\t\t\t\t<\/div>\n\t\t\t\t<\/div>\n\t\t","protected":false},"excerpt":{"rendered":"<p>Tools zur Entwicklung von F\u00fchrungskr\u00e4ften EQ-i 2.0 f\u00fcr die Entwicklung von F\u00fchrungskr\u00e4ften EQ-i 2.0 Emotionale Intelligenz: Der Eckpfeiler einer effektiven F\u00fchrung Unser Entwicklungsprogramme f\u00fcr F\u00fchrungskr\u00e4fte der ersten und zweiten Ebene basieren auf dem EQ-i 2.0 und stellen sicher, dass F\u00fchrungskr\u00e4fte die notwendige Unterst\u00fctzung erhalten, um in der heutigen dynamischen, menschenzentrierten Umgebung erfolgreich zu sein. Unser [&hellip;]<\/p>\n","protected":false},"author":1,"featured_media":0,"parent":0,"menu_order":0,"comment_status":"closed","ping_status":"closed","template":"","meta":{"site-sidebar-layout":"no-sidebar","site-content-layout":"page-builder","ast-site-content-layout":"default","site-content-style":"default","site-sidebar-style":"default","ast-global-header-display":"","ast-banner-title-visibility":"","ast-main-header-display":"","ast-hfb-above-header-display":"","ast-hfb-below-header-display":"","ast-hfb-mobile-header-display":"","site-post-title":"disabled","ast-breadcrumbs-content":"","ast-featured-img":"disabled","footer-sml-layout":"","theme-transparent-header-meta":"","adv-header-id-meta":"","stick-header-meta":"","header-above-stick-meta":"","header-main-stick-meta":"","header-below-stick-meta":"","astra-migrate-meta-layouts":"default","ast-page-background-enabled":"default","ast-page-background-meta":{"desktop":{"background-color":"","background-image":"","background-repeat":"repeat","background-position":"center center","background-size":"auto","background-attachment":"scroll","background-type":"","background-media":"","overlay-type":"","overlay-color":"","overlay-opacity":"","overlay-gradient":""},"tablet":{"background-color":"","background-image":"","background-repeat":"repeat","background-position":"center center","background-size":"auto","background-attachment":"scroll","background-type":"","background-media":"","overlay-type":"","overlay-color":"","overlay-opacity":"","overlay-gradient":""},"mobile":{"background-color":"","background-image":"","background-repeat":"repeat","background-position":"center center","background-size":"auto","background-attachment":"scroll","background-type":"","background-media":"","overlay-type":"","overlay-color":"","overlay-opacity":"","overlay-gradient":""}},"ast-content-background-meta":{"desktop":{"background-color":"var(--ast-global-color-5)","background-image":"","background-repeat":"repeat","background-position":"center center","background-size":"auto","background-attachment":"scroll","background-type":"","background-media":"","overlay-type":"","overlay-color":"","overlay-opacity":"","overlay-gradient":""},"tablet":{"background-color":"var(--ast-global-color-5)","background-image":"","background-repeat":"repeat","background-position":"center center","background-size":"auto","background-attachment":"scroll","background-type":"","background-media":"","overlay-type":"","overlay-color":"","overlay-opacity":"","overlay-gradient":""},"mobile":{"background-color":"var(--ast-global-color-5)","background-image":"","background-repeat":"repeat","background-position":"center center","background-size":"auto","background-attachment":"scroll","background-type":"","background-media":"","overlay-type":"","overlay-color":"","overlay-opacity":"","overlay-gradient":""}},"footnotes":""},"class_list":["post-3856","page","type-page","status-publish","hentry"],"yoast_head":"<!-- This site is optimized with the Yoast SEO plugin v27.3 - https:\/\/yoast.com\/product\/yoast-seo-wordpress\/ -->\n<title>EQ-i 2.0 f\u00fcr die Entwicklung von F\u00fchrungskr\u00e4ften | Bewertungsinstrument<\/title>\n<meta name=\"description\" content=\"Mit dem EQ-i 2.0 Assessment decken F\u00fchrungskr\u00e4fte ihre EQ-St\u00e4rken und Wachstumsbereiche auf. Sie k\u00f6nnen die Bewertung online vornehmen...\" \/>\n<meta name=\"robots\" content=\"index, follow, max-snippet:-1, max-image-preview:large, max-video-preview:-1\" \/>\n<link rel=\"canonical\" href=\"https:\/\/www.tec-leadership-institute.com\/de\/?page_id=3856\" \/>\n<meta property=\"og:locale\" content=\"de_DE\" \/>\n<meta property=\"og:type\" content=\"article\" \/>\n<meta property=\"og:title\" content=\"EQ-i 2.0 f\u00fcr die Entwicklung von F\u00fchrungskr\u00e4ften | Bewertungsinstrument\" \/>\n<meta property=\"og:description\" content=\"Mit dem EQ-i 2.0 Assessment decken F\u00fchrungskr\u00e4fte ihre EQ-St\u00e4rken und Wachstumsbereiche auf. Sie k\u00f6nnen die Bewertung online vornehmen...\" \/>\n<meta property=\"og:url\" content=\"https:\/\/www.tec-leadership-institute.com\/de\/?page_id=3856\" \/>\n<meta property=\"og:site_name\" content=\"Tec-Leadership-Institute\" \/>\n<meta property=\"article:publisher\" content=\"https:\/\/www.facebook.com\/TECLeadershipInstitute\" \/>\n<meta property=\"article:modified_time\" content=\"2024-01-18T15:45:59+00:00\" \/>\n<meta property=\"og:image\" content=\"https:\/\/www.tec-leadership-institute.com\/wp-content\/uploads\/2023\/11\/EQI2.0.jpg\" \/>\n<meta name=\"twitter:card\" content=\"summary_large_image\" \/>\n<meta name=\"twitter:label1\" content=\"Gesch\u00e4tzte Lesezeit\" \/>\n\t<meta name=\"twitter:data1\" content=\"1\u00a0Minute\" \/>\n<script type=\"application\/ld+json\" class=\"yoast-schema-graph\">{\"@context\":\"https:\\\/\\\/schema.org\",\"@graph\":[{\"@type\":\"WebPage\",\"@id\":\"https:\\\/\\\/www.tec-leadership-institute.com\\\/de\\\/?page_id=3856\",\"url\":\"https:\\\/\\\/www.tec-leadership-institute.com\\\/de\\\/?page_id=3856\",\"name\":\"EQ-i 2.0 f\u00fcr die Entwicklung von F\u00fchrungskr\u00e4ften | Bewertungsinstrument\",\"isPartOf\":{\"@id\":\"https:\\\/\\\/www.tec-leadership-institute.com\\\/#website\"},\"primaryImageOfPage\":{\"@id\":\"https:\\\/\\\/www.tec-leadership-institute.com\\\/de\\\/?page_id=3856#primaryimage\"},\"image\":{\"@id\":\"https:\\\/\\\/www.tec-leadership-institute.com\\\/de\\\/?page_id=3856#primaryimage\"},\"thumbnailUrl\":\"https:\\\/\\\/www.tec-leadership-institute.com\\\/wp-content\\\/uploads\\\/2023\\\/11\\\/EQI2.0.jpg\",\"datePublished\":\"2023-11-06T11:09:40+00:00\",\"dateModified\":\"2024-01-18T15:45:59+00:00\",\"description\":\"Mit dem EQ-i 2.0 Assessment decken F\u00fchrungskr\u00e4fte ihre EQ-St\u00e4rken und Wachstumsbereiche auf. Sie k\u00f6nnen die Bewertung online vornehmen...\",\"breadcrumb\":{\"@id\":\"https:\\\/\\\/www.tec-leadership-institute.com\\\/de\\\/?page_id=3856#breadcrumb\"},\"inLanguage\":\"de\",\"potentialAction\":[{\"@type\":\"ReadAction\",\"target\":[\"https:\\\/\\\/www.tec-leadership-institute.com\\\/de\\\/?page_id=3856\"]}]},{\"@type\":\"ImageObject\",\"inLanguage\":\"de\",\"@id\":\"https:\\\/\\\/www.tec-leadership-institute.com\\\/de\\\/?page_id=3856#primaryimage\",\"url\":\"https:\\\/\\\/www.tec-leadership-institute.com\\\/wp-content\\\/uploads\\\/2023\\\/11\\\/EQI2.0.jpg\",\"contentUrl\":\"https:\\\/\\\/www.tec-leadership-institute.com\\\/wp-content\\\/uploads\\\/2023\\\/11\\\/EQI2.0.jpg\"},{\"@type\":\"BreadcrumbList\",\"@id\":\"https:\\\/\\\/www.tec-leadership-institute.com\\\/de\\\/?page_id=3856#breadcrumb\",\"itemListElement\":[{\"@type\":\"ListItem\",\"position\":1,\"name\":\"Startseite\",\"item\":\"https:\\\/\\\/www.tec-leadership-institute.com\\\/\"},{\"@type\":\"ListItem\",\"position\":2,\"name\":\"EQ-i 2.0\"}]},{\"@type\":\"WebSite\",\"@id\":\"https:\\\/\\\/www.tec-leadership-institute.com\\\/#website\",\"url\":\"https:\\\/\\\/www.tec-leadership-institute.com\\\/\",\"name\":\"Tec-Leadership-Institute\",\"description\":\"Personal Leadership, Team and Organizational development\",\"publisher\":{\"@id\":\"https:\\\/\\\/www.tec-leadership-institute.com\\\/#organization\"},\"potentialAction\":[{\"@type\":\"SearchAction\",\"target\":{\"@type\":\"EntryPoint\",\"urlTemplate\":\"https:\\\/\\\/www.tec-leadership-institute.com\\\/?s={search_term_string}\"},\"query-input\":{\"@type\":\"PropertyValueSpecification\",\"valueRequired\":true,\"valueName\":\"search_term_string\"}}],\"inLanguage\":\"de\"},{\"@type\":\"Organization\",\"@id\":\"https:\\\/\\\/www.tec-leadership-institute.com\\\/#organization\",\"name\":\"Tec-Leadership-Institute\",\"url\":\"https:\\\/\\\/www.tec-leadership-institute.com\\\/\",\"logo\":{\"@type\":\"ImageObject\",\"inLanguage\":\"de\",\"@id\":\"https:\\\/\\\/www.tec-leadership-institute.com\\\/#\\\/schema\\\/logo\\\/image\\\/\",\"url\":\"https:\\\/\\\/www.tec-leadership-institute.com\\\/wp-content\\\/uploads\\\/2025\\\/08\\\/cropped-TEC-Logo-Black-Text-Transparent-scaled-1.png\",\"contentUrl\":\"https:\\\/\\\/www.tec-leadership-institute.com\\\/wp-content\\\/uploads\\\/2025\\\/08\\\/cropped-TEC-Logo-Black-Text-Transparent-scaled-1.png\",\"width\":2478,\"height\":472,\"caption\":\"Tec-Leadership-Institute\"},\"image\":{\"@id\":\"https:\\\/\\\/www.tec-leadership-institute.com\\\/#\\\/schema\\\/logo\\\/image\\\/\"},\"sameAs\":[\"https:\\\/\\\/www.facebook.com\\\/TECLeadershipInstitute\",\"https:\\\/\\\/www.linkedin.com\\\/company\\\/tec-leadership-institute-gmbh\\\/\"]}]}<\/script>\n<!-- \/ Yoast SEO plugin. -->","yoast_head_json":{"title":"EQ-i 2.0 f\u00fcr die Entwicklung von F\u00fchrungskr\u00e4ften | Bewertungsinstrument","description":"Mit dem EQ-i 2.0 Assessment decken F\u00fchrungskr\u00e4fte ihre EQ-St\u00e4rken und Wachstumsbereiche auf. Sie k\u00f6nnen die Bewertung online vornehmen...","robots":{"index":"index","follow":"follow","max-snippet":"max-snippet:-1","max-image-preview":"max-image-preview:large","max-video-preview":"max-video-preview:-1"},"canonical":"https:\/\/www.tec-leadership-institute.com\/de\/?page_id=3856","og_locale":"de_DE","og_type":"article","og_title":"EQ-i 2.0 f\u00fcr die Entwicklung von F\u00fchrungskr\u00e4ften | Bewertungsinstrument","og_description":"Mit dem EQ-i 2.0 Assessment decken F\u00fchrungskr\u00e4fte ihre EQ-St\u00e4rken und Wachstumsbereiche auf. Sie k\u00f6nnen die Bewertung online vornehmen...","og_url":"https:\/\/www.tec-leadership-institute.com\/de\/?page_id=3856","og_site_name":"Tec-Leadership-Institute","article_publisher":"https:\/\/www.facebook.com\/TECLeadershipInstitute","article_modified_time":"2024-01-18T15:45:59+00:00","og_image":[{"url":"https:\/\/www.tec-leadership-institute.com\/wp-content\/uploads\/2023\/11\/EQI2.0.jpg","type":"","width":"","height":""}],"twitter_card":"summary_large_image","twitter_misc":{"Gesch\u00e4tzte Lesezeit":"1\u00a0Minute"},"schema":{"@context":"https:\/\/schema.org","@graph":[{"@type":"WebPage","@id":"https:\/\/www.tec-leadership-institute.com\/de\/?page_id=3856","url":"https:\/\/www.tec-leadership-institute.com\/de\/?page_id=3856","name":"EQ-i 2.0 f\u00fcr die Entwicklung von F\u00fchrungskr\u00e4ften | Bewertungsinstrument","isPartOf":{"@id":"https:\/\/www.tec-leadership-institute.com\/#website"},"primaryImageOfPage":{"@id":"https:\/\/www.tec-leadership-institute.com\/de\/?page_id=3856#primaryimage"},"image":{"@id":"https:\/\/www.tec-leadership-institute.com\/de\/?page_id=3856#primaryimage"},"thumbnailUrl":"https:\/\/www.tec-leadership-institute.com\/wp-content\/uploads\/2023\/11\/EQI2.0.jpg","datePublished":"2023-11-06T11:09:40+00:00","dateModified":"2024-01-18T15:45:59+00:00","description":"Mit dem EQ-i 2.0 Assessment decken F\u00fchrungskr\u00e4fte ihre EQ-St\u00e4rken und Wachstumsbereiche auf. Sie k\u00f6nnen die Bewertung online vornehmen...","breadcrumb":{"@id":"https:\/\/www.tec-leadership-institute.com\/de\/?page_id=3856#breadcrumb"},"inLanguage":"de","potentialAction":[{"@type":"ReadAction","target":["https:\/\/www.tec-leadership-institute.com\/de\/?page_id=3856"]}]},{"@type":"ImageObject","inLanguage":"de","@id":"https:\/\/www.tec-leadership-institute.com\/de\/?page_id=3856#primaryimage","url":"https:\/\/www.tec-leadership-institute.com\/wp-content\/uploads\/2023\/11\/EQI2.0.jpg","contentUrl":"https:\/\/www.tec-leadership-institute.com\/wp-content\/uploads\/2023\/11\/EQI2.0.jpg"},{"@type":"BreadcrumbList","@id":"https:\/\/www.tec-leadership-institute.com\/de\/?page_id=3856#breadcrumb","itemListElement":[{"@type":"ListItem","position":1,"name":"Startseite","item":"https:\/\/www.tec-leadership-institute.com\/"},{"@type":"ListItem","position":2,"name":"EQ-i 2.0"}]},{"@type":"WebSite","@id":"https:\/\/www.tec-leadership-institute.com\/#website","url":"https:\/\/www.tec-leadership-institute.com\/","name":"Tec-Leadership-Institute","description":"Personal Leadership, Team and Organizational development","publisher":{"@id":"https:\/\/www.tec-leadership-institute.com\/#organization"},"potentialAction":[{"@type":"SearchAction","target":{"@type":"EntryPoint","urlTemplate":"https:\/\/www.tec-leadership-institute.com\/?s={search_term_string}"},"query-input":{"@type":"PropertyValueSpecification","valueRequired":true,"valueName":"search_term_string"}}],"inLanguage":"de"},{"@type":"Organization","@id":"https:\/\/www.tec-leadership-institute.com\/#organization","name":"Tec-Leadership-Institute","url":"https:\/\/www.tec-leadership-institute.com\/","logo":{"@type":"ImageObject","inLanguage":"de","@id":"https:\/\/www.tec-leadership-institute.com\/#\/schema\/logo\/image\/","url":"https:\/\/www.tec-leadership-institute.com\/wp-content\/uploads\/2025\/08\/cropped-TEC-Logo-Black-Text-Transparent-scaled-1.png","contentUrl":"https:\/\/www.tec-leadership-institute.com\/wp-content\/uploads\/2025\/08\/cropped-TEC-Logo-Black-Text-Transparent-scaled-1.png","width":2478,"height":472,"caption":"Tec-Leadership-Institute"},"image":{"@id":"https:\/\/www.tec-leadership-institute.com\/#\/schema\/logo\/image\/"},"sameAs":["https:\/\/www.facebook.com\/TECLeadershipInstitute","https:\/\/www.linkedin.com\/company\/tec-leadership-institute-gmbh\/"]}]}},"_links":{"self":[{"href":"https:\/\/www.tec-leadership-institute.com\/de\/wp-json\/wp\/v2\/pages\/3856","targetHints":{"allow":["GET"]}}],"collection":[{"href":"https:\/\/www.tec-leadership-institute.com\/de\/wp-json\/wp\/v2\/pages"}],"about":[{"href":"https:\/\/www.tec-leadership-institute.com\/de\/wp-json\/wp\/v2\/types\/page"}],"author":[{"embeddable":true,"href":"https:\/\/www.tec-leadership-institute.com\/de\/wp-json\/wp\/v2\/users\/1"}],"replies":[{"embeddable":true,"href":"https:\/\/www.tec-leadership-institute.com\/de\/wp-json\/wp\/v2\/comments?post=3856"}],"version-history":[{"count":2,"href":"https:\/\/www.tec-leadership-institute.com\/de\/wp-json\/wp\/v2\/pages\/3856\/revisions"}],"predecessor-version":[{"id":3865,"href":"https:\/\/www.tec-leadership-institute.com\/de\/wp-json\/wp\/v2\/pages\/3856\/revisions\/3865"}],"wp:attachment":[{"href":"https:\/\/www.tec-leadership-institute.com\/de\/wp-json\/wp\/v2\/media?parent=3856"}],"curies":[{"name":"wp","href":"https:\/\/api.w.org\/{rel}","templated":true}]}}