{"id":3857,"date":"2023-11-06T10:37:38","date_gmt":"2023-11-06T10:37:38","guid":{"rendered":"https:\/\/www.tec-leadership-institute.com\/coaching-fuer-fuehrungskraefte\/"},"modified":"2024-01-18T15:45:59","modified_gmt":"2024-01-18T15:45:59","slug":"coaching-fuer-fuehrungskraefte","status":"publish","type":"page","link":"https:\/\/www.tec-leadership-institute.com\/de\/coaching-fuer-fuehrungskraefte\/","title":{"rendered":"Coaching f\u00fcr F\u00fchrungskr\u00e4fte"},"content":{"rendered":"\t\t<div data-elementor-type=\"wp-page\" data-elementor-id=\"3857\" class=\"elementor elementor-3857 elementor-1462\" data-elementor-post-type=\"page\">\n\t\t\t\t<div class=\"elementor-element elementor-element-08446d8 e-flex e-con-boxed e-con e-parent\" data-id=\"08446d8\" data-element_type=\"container\" data-e-type=\"container\" data-settings=\"{&quot;background_background&quot;:&quot;classic&quot;}\">\n\t\t\t\t\t<div class=\"e-con-inner\">\n\t\t<div class=\"elementor-element elementor-element-2ff3c2a e-con-full e-flex e-con e-child\" data-id=\"2ff3c2a\" data-element_type=\"container\" data-e-type=\"container\">\n\t\t\t\t<div class=\"elementor-element elementor-element-0f8b385 elementor-widget elementor-widget-heading\" data-id=\"0f8b385\" data-element_type=\"widget\" data-e-type=\"widget\" data-widget_type=\"heading.default\">\n\t\t\t\t<div class=\"elementor-widget-container\">\n\t\t\t\t\t<h6 class=\"elementor-heading-title elementor-size-default\">Coaching<\/h6>\t\t\t\t<\/div>\n\t\t\t\t<\/div>\n\t\t\t\t<div class=\"elementor-element elementor-element-24cb120 elementor-widget elementor-widget-heading\" data-id=\"24cb120\" data-element_type=\"widget\" data-e-type=\"widget\" data-widget_type=\"heading.default\">\n\t\t\t\t<div class=\"elementor-widget-container\">\n\t\t\t\t\t<h1 class=\"elementor-heading-title elementor-size-default\">Coaching f\u00fcr F\u00fchrungskr\u00e4fte<\/h1>\t\t\t\t<\/div>\n\t\t\t\t<\/div>\n\t\t\t\t<\/div>\n\t\t\t\t\t<\/div>\n\t\t\t\t<\/div>\n\t\t<div class=\"elementor-element elementor-element-cd1c9b0 e-flex e-con-boxed e-con e-parent\" data-id=\"cd1c9b0\" data-element_type=\"container\" data-e-type=\"container\" data-settings=\"{&quot;background_background&quot;:&quot;classic&quot;}\">\n\t\t\t\t\t<div class=\"e-con-inner\">\n\t\t<div class=\"elementor-element elementor-element-28f5a74 e-con-full e-flex e-con e-child\" data-id=\"28f5a74\" data-element_type=\"container\" data-e-type=\"container\">\n\t\t\t\t<div class=\"elementor-element elementor-element-56a5ab9 elementor-widget elementor-widget-heading\" data-id=\"56a5ab9\" data-element_type=\"widget\" data-e-type=\"widget\" data-widget_type=\"heading.default\">\n\t\t\t\t<div class=\"elementor-widget-container\">\n\t\t\t\t\t<h2 class=\"elementor-heading-title elementor-size-default\">Coaching f\u00fcr F\u00fchrungskr\u00e4fte<\/h2>\t\t\t\t<\/div>\n\t\t\t\t<\/div>\n\t\t\t\t<\/div>\n\t\t<div class=\"elementor-element elementor-element-37270da e-con-full e-flex e-con e-child\" data-id=\"37270da\" data-element_type=\"container\" data-e-type=\"container\">\n\t\t\t\t<div class=\"elementor-element elementor-element-8fd4fd8 elementor-widget elementor-widget-text-editor\" data-id=\"8fd4fd8\" data-element_type=\"widget\" data-e-type=\"widget\" data-widget_type=\"text-editor.default\">\n\t\t\t\t<div class=\"elementor-widget-container\">\n\t\t\t\t\t\t\t\t\t<p>Unser Leadership-Coaching-Ansatz ist ein pers\u00f6nlicher, dynamischer und zielorientierter Prozess, der darauf abzielt, Menschen in F\u00fchrungspositionen zu bef\u00e4higen, ein tieferes Bewusstsein f\u00fcr ihre eigene pers\u00f6nliche F\u00fchrungsphilosophie zu entwickeln. Der Prozess ermutigt F\u00fchrungskr\u00e4fte, Selbsterkenntnis zu entwickeln und diese zu nutzen, um ihr h\u00f6chstes Potenzial zu erreichen und ihre F\u00fchrungsreife zu verbessern. Coaching ist eine vertrauliche und pers\u00f6nliche Partnerschaft zwischen unseren zertifizierten und erfahrenen Coaches und der F\u00fchrungskraft, in deren Mittelpunkt das Wachstum und die Entwicklung der F\u00fchrungskraft stehen.<\/p>\n<p>Coaching ist immer sehr individuell und konzentriert sich auf die Bed\u00fcrfnisse und die neuen Priorit\u00e4ten des Kunden. Einige Schl\u00fcsselelemente des Coaching-Ansatzes werden sein:<\/p>\n\t\t\t\t\t\t\t\t<\/div>\n\t\t\t\t<\/div>\n\t\t\t\t<\/div>\n\t\t\t\t\t<\/div>\n\t\t\t\t<\/div>\n\t\t<div class=\"elementor-element elementor-element-6bc71ce e-con-full e-flex e-con e-parent\" data-id=\"6bc71ce\" data-element_type=\"container\" data-e-type=\"container\">\n\t\t\t\t<div class=\"elementor-element elementor-element-4eaa262 elementor-widget elementor-widget-image\" data-id=\"4eaa262\" data-element_type=\"widget\" data-e-type=\"widget\" data-widget_type=\"image.default\">\n\t\t\t\t<div class=\"elementor-widget-container\">\n\t\t\t\t\t\t\t\t\t\t\t\t\t\t\t<img fetchpriority=\"high\" decoding=\"async\" width=\"1536\" height=\"1109\" src=\"https:\/\/www.tec-leadership-institute.com\/wp-content\/uploads\/2023\/12\/Executive-Leadership-Coaching-1536x1109.png\" class=\"attachment-1536x1536 size-1536x1536 wp-image-3148\" alt=\"\" srcset=\"https:\/\/www.tec-leadership-institute.com\/wp-content\/uploads\/2023\/12\/Executive-Leadership-Coaching-1536x1109.png 1536w, https:\/\/www.tec-leadership-institute.com\/wp-content\/uploads\/2023\/12\/Executive-Leadership-Coaching-300x217.png 300w, https:\/\/www.tec-leadership-institute.com\/wp-content\/uploads\/2023\/12\/Executive-Leadership-Coaching-1024x739.png 1024w, https:\/\/www.tec-leadership-institute.com\/wp-content\/uploads\/2023\/12\/Executive-Leadership-Coaching-768x555.png 768w, https:\/\/www.tec-leadership-institute.com\/wp-content\/uploads\/2023\/12\/Executive-Leadership-Coaching-2048x1479.png 2048w\" sizes=\"(max-width: 1536px) 100vw, 1536px\" \/>\t\t\t\t\t\t\t\t\t\t\t\t\t\t\t<\/div>\n\t\t\t\t<\/div>\n\t\t\t\t<\/div>\n\t\t<div class=\"elementor-element elementor-element-801c1d8 e-flex e-con-boxed e-con e-parent\" data-id=\"801c1d8\" data-element_type=\"container\" data-e-type=\"container\" data-settings=\"{&quot;background_background&quot;:&quot;classic&quot;}\">\n\t\t\t\t\t<div class=\"e-con-inner\">\n\t\t\t\t<div class=\"elementor-element elementor-element-1345dc5 elementor-widget elementor-widget-heading\" data-id=\"1345dc5\" data-element_type=\"widget\" data-e-type=\"widget\" data-widget_type=\"heading.default\">\n\t\t\t\t<div class=\"elementor-widget-container\">\n\t\t\t\t\t<h2 class=\"elementor-heading-title elementor-size-default\">Diagnostik zur Unterst\u00fctzung der Coaching-Reise und der Entwicklung von F\u00fchrungskr\u00e4ften<\/h2>\t\t\t\t<\/div>\n\t\t\t\t<\/div>\n\t\t\t\t<div class=\"elementor-element elementor-element-9ac6ce1 elementor-widget elementor-widget-heading\" data-id=\"9ac6ce1\" data-element_type=\"widget\" data-e-type=\"widget\" data-widget_type=\"heading.default\">\n\t\t\t\t<div class=\"elementor-widget-container\">\n\t\t\t\t\t<h5 class=\"elementor-heading-title elementor-size-default\">Unser Leadership-Coaching-Ansatz beinhaltet eine Reihe von robusten Bewertungsinstrumenten, um die Coaching-Erfahrung zu verbessern:<\/h5>\t\t\t\t<\/div>\n\t\t\t\t<\/div>\n\t\t\t\t<div class=\"elementor-element elementor-element-c10dcc7 elementor-widget elementor-widget-text-editor\" data-id=\"c10dcc7\" data-element_type=\"widget\" data-e-type=\"widget\" data-widget_type=\"text-editor.default\">\n\t\t\t\t<div class=\"elementor-widget-container\">\n\t\t\t\t\t\t\t\t\t<\/p>\n<p><strong>1. Strengthscope: <\/strong>Strengthscope identifiziert und nutzt die einzigartigen St\u00e4rken des Einzelnen. Die Tools Strengthscope Leader, Strengthscope 360\u00ba und StrengthscopeTeam unterst\u00fctzen sowohl Teams als auch Einzelpersonen bei der Optimierung ihrer St\u00e4rken f\u00fcr pers\u00f6nliches und kollektives Wachstum.<\/p>\n<p><strong>2. Pers\u00f6nlichkeitsevaluatoren (z.B. MBTI oder Insights):<\/strong> Wir verwenden Pers\u00f6nlichkeitsauswerter wie MBTI oder Insights, um Selbsterkenntnis als Eckpfeiler des pers\u00f6nlichen Erwachens zu etablieren, die Klarheit, Fokus und ein selbstbestimmtes Leben erm\u00f6glicht. Insights und MBTI basieren auf der Psychologie von Carl Gustav Jung und erleichtern die Selbsterkenntnis und das Verst\u00e4ndnis f\u00fcr andere. Diese Instrumente bef\u00e4higen F\u00fchrungskr\u00e4fte, Teams und Einzelpersonen, die Kraft der Vielfalt anzuerkennen, wertzusch\u00e4tzen und zu nutzen. Durch 1:1-Coaching, Teambuilding und Programme zur Entwicklung von F\u00fchrungskr\u00e4ften, die psychometrische Analysen einbeziehen, bef\u00e4higen wir F\u00fchrungskr\u00e4fte und Teams, sich effektiv an die Vielfalt ihrer Kollegen, Teams und der breiteren Gemeinschaft anzupassen.<\/p>\n<p><strong>3. EQ-i 2.0 (Emotionale Intelligenz):<\/strong> Die EQ-i 2.0-Bewertung deckt die St\u00e4rken der emotionalen Intelligenz der F\u00fchrungskraft auf, insbesondere in Bereichen wie Selbstwahrnehmung, Empathie gegen\u00fcber anderen, soziale Beziehungen und Motivation. Dieses leistungsstarke Tool unterst\u00fctzt F\u00fchrungskr\u00e4fte bei der emotionalen Intelligenz ihrer F\u00fchrung &#8211; eine entscheidende F\u00e4higkeit in der heutigen dynamischen, generationen\u00fcbergreifenden globalen Arbeitswelt.<\/p>\n<p><strong>4. Future-Fit Leadership Assessment:<\/strong> Das Future-Fit Leadership Assessment unterst\u00fctzt F\u00fchrungskr\u00e4fte dabei, sich der F\u00e4higkeiten bewusst zu werden, die f\u00fcr die F\u00fchrung in der heutigen digitalen und dynamischen Umgebung erforderlich sind. Das wissenschaftlich fundierte FFL-Self-Assessment und das 360\u00b0-Verfahren ermitteln die St\u00e4rken und Entwicklungspotenziale der F\u00fchrungskraft in den acht Kernkompetenzen von Future-Fit Leadership.<\/p>\n\t\t\t\t\t\t\t\t<\/div>\n\t\t\t\t<\/div>\n\t\t\t\t\t<\/div>\n\t\t\t\t<\/div>\n\t\t\t\t<\/div>\n\t\t","protected":false},"excerpt":{"rendered":"<p>Coaching Coaching f\u00fcr F\u00fchrungskr\u00e4fte Coaching f\u00fcr F\u00fchrungskr\u00e4fte Unser Leadership-Coaching-Ansatz ist ein pers\u00f6nlicher, dynamischer und zielorientierter Prozess, der darauf abzielt, Menschen in F\u00fchrungspositionen zu bef\u00e4higen, ein tieferes Bewusstsein f\u00fcr ihre eigene pers\u00f6nliche F\u00fchrungsphilosophie zu entwickeln. Der Prozess ermutigt F\u00fchrungskr\u00e4fte, Selbsterkenntnis zu entwickeln und diese zu nutzen, um ihr h\u00f6chstes Potenzial zu erreichen und ihre F\u00fchrungsreife zu [&hellip;]<\/p>\n","protected":false},"author":1,"featured_media":0,"parent":0,"menu_order":0,"comment_status":"closed","ping_status":"closed","template":"","meta":{"site-sidebar-layout":"no-sidebar","site-content-layout":"page-builder","ast-site-content-layout":"default","site-content-style":"default","site-sidebar-style":"default","ast-global-header-display":"","ast-banner-title-visibility":"","ast-main-header-display":"","ast-hfb-above-header-display":"","ast-hfb-below-header-display":"","ast-hfb-mobile-header-display":"","site-post-title":"disabled","ast-breadcrumbs-content":"","ast-featured-img":"disabled","footer-sml-layout":"","theme-transparent-header-meta":"","adv-header-id-meta":"","stick-header-meta":"","header-above-stick-meta":"","header-main-stick-meta":"","header-below-stick-meta":"","astra-migrate-meta-layouts":"default","ast-page-background-enabled":"default","ast-page-background-meta":{"desktop":{"background-color":"","background-image":"","background-repeat":"repeat","background-position":"center center","background-size":"auto","background-attachment":"scroll","background-type":"","background-media":"","overlay-type":"","overlay-color":"","overlay-opacity":"","overlay-gradient":""},"tablet":{"background-color":"","background-image":"","background-repeat":"repeat","background-position":"center center","background-size":"auto","background-attachment":"scroll","background-type":"","background-media":"","overlay-type":"","overlay-color":"","overlay-opacity":"","overlay-gradient":""},"mobile":{"background-color":"","background-image":"","background-repeat":"repeat","background-position":"center center","background-size":"auto","background-attachment":"scroll","background-type":"","background-media":"","overlay-type":"","overlay-color":"","overlay-opacity":"","overlay-gradient":""}},"ast-content-background-meta":{"desktop":{"background-color":"var(--ast-global-color-5)","background-image":"","background-repeat":"repeat","background-position":"center center","background-size":"auto","background-attachment":"scroll","background-type":"","background-media":"","overlay-type":"","overlay-color":"","overlay-opacity":"","overlay-gradient":""},"tablet":{"background-color":"var(--ast-global-color-5)","background-image":"","background-repeat":"repeat","background-position":"center center","background-size":"auto","background-attachment":"scroll","background-type":"","background-media":"","overlay-type":"","overlay-color":"","overlay-opacity":"","overlay-gradient":""},"mobile":{"background-color":"var(--ast-global-color-5)","background-image":"","background-repeat":"repeat","background-position":"center center","background-size":"auto","background-attachment":"scroll","background-type":"","background-media":"","overlay-type":"","overlay-color":"","overlay-opacity":"","overlay-gradient":""}},"footnotes":""},"class_list":["post-3857","page","type-page","status-publish","hentry"],"yoast_head":"<!-- This site is optimized with the Yoast SEO plugin v27.3 - https:\/\/yoast.com\/product\/yoast-seo-wordpress\/ -->\n<title>Coaching f\u00fcr F\u00fchrungskr\u00e4fte durch das TEC Leadership Institute (2024)<\/title>\n<meta name=\"description\" content=\"Das Coaching ist sehr individuell und konzentriert sich auf die Bed\u00fcrfnisse und die neuen Priorit\u00e4ten des Kunden. Einige Schl\u00fcsselelemente des Coaching-Ansatzes werden sein...\" \/>\n<meta name=\"robots\" content=\"index, follow, max-snippet:-1, max-image-preview:large, max-video-preview:-1\" \/>\n<link rel=\"canonical\" href=\"https:\/\/www.tec-leadership-institute.com\/de\/?page_id=3857\" \/>\n<meta property=\"og:locale\" content=\"de_DE\" \/>\n<meta property=\"og:type\" content=\"article\" \/>\n<meta property=\"og:title\" content=\"Coaching f\u00fcr F\u00fchrungskr\u00e4fte durch das TEC Leadership Institute (2024)\" \/>\n<meta property=\"og:description\" content=\"Das Coaching ist sehr individuell und konzentriert sich auf die Bed\u00fcrfnisse und die neuen Priorit\u00e4ten des Kunden. Einige Schl\u00fcsselelemente des Coaching-Ansatzes werden sein...\" \/>\n<meta property=\"og:url\" content=\"https:\/\/www.tec-leadership-institute.com\/de\/?page_id=3857\" \/>\n<meta property=\"og:site_name\" content=\"Tec-Leadership-Institute\" \/>\n<meta property=\"article:publisher\" content=\"https:\/\/www.facebook.com\/TECLeadershipInstitute\" \/>\n<meta property=\"article:modified_time\" content=\"2024-01-18T15:45:59+00:00\" \/>\n<meta property=\"og:image\" content=\"https:\/\/www.tec-leadership-institute.com\/wp-content\/uploads\/2023\/12\/Executive-Leadership-Coaching-1536x1109.png\" \/>\n<meta name=\"twitter:card\" content=\"summary_large_image\" \/>\n<meta name=\"twitter:label1\" content=\"Gesch\u00e4tzte Lesezeit\" \/>\n\t<meta name=\"twitter:data1\" content=\"2\u00a0Minuten\" \/>\n<script type=\"application\/ld+json\" class=\"yoast-schema-graph\">{\"@context\":\"https:\\\/\\\/schema.org\",\"@graph\":[{\"@type\":\"WebPage\",\"@id\":\"https:\\\/\\\/www.tec-leadership-institute.com\\\/de\\\/?page_id=3857\",\"url\":\"https:\\\/\\\/www.tec-leadership-institute.com\\\/de\\\/?page_id=3857\",\"name\":\"Coaching f\u00fcr F\u00fchrungskr\u00e4fte durch das TEC Leadership Institute (2024)\",\"isPartOf\":{\"@id\":\"https:\\\/\\\/www.tec-leadership-institute.com\\\/#website\"},\"primaryImageOfPage\":{\"@id\":\"https:\\\/\\\/www.tec-leadership-institute.com\\\/de\\\/?page_id=3857#primaryimage\"},\"image\":{\"@id\":\"https:\\\/\\\/www.tec-leadership-institute.com\\\/de\\\/?page_id=3857#primaryimage\"},\"thumbnailUrl\":\"https:\\\/\\\/www.tec-leadership-institute.com\\\/wp-content\\\/uploads\\\/2023\\\/12\\\/Executive-Leadership-Coaching-1536x1109.png\",\"datePublished\":\"2023-11-06T10:37:38+00:00\",\"dateModified\":\"2024-01-18T15:45:59+00:00\",\"description\":\"Das Coaching ist sehr individuell und konzentriert sich auf die Bed\u00fcrfnisse und die neuen Priorit\u00e4ten des Kunden. Einige Schl\u00fcsselelemente des Coaching-Ansatzes werden sein...\",\"breadcrumb\":{\"@id\":\"https:\\\/\\\/www.tec-leadership-institute.com\\\/de\\\/?page_id=3857#breadcrumb\"},\"inLanguage\":\"de\",\"potentialAction\":[{\"@type\":\"ReadAction\",\"target\":[\"https:\\\/\\\/www.tec-leadership-institute.com\\\/de\\\/?page_id=3857\"]}]},{\"@type\":\"ImageObject\",\"inLanguage\":\"de\",\"@id\":\"https:\\\/\\\/www.tec-leadership-institute.com\\\/de\\\/?page_id=3857#primaryimage\",\"url\":\"https:\\\/\\\/www.tec-leadership-institute.com\\\/wp-content\\\/uploads\\\/2023\\\/12\\\/Executive-Leadership-Coaching-1536x1109.png\",\"contentUrl\":\"https:\\\/\\\/www.tec-leadership-institute.com\\\/wp-content\\\/uploads\\\/2023\\\/12\\\/Executive-Leadership-Coaching-1536x1109.png\"},{\"@type\":\"BreadcrumbList\",\"@id\":\"https:\\\/\\\/www.tec-leadership-institute.com\\\/de\\\/?page_id=3857#breadcrumb\",\"itemListElement\":[{\"@type\":\"ListItem\",\"position\":1,\"name\":\"Startseite\",\"item\":\"https:\\\/\\\/www.tec-leadership-institute.com\\\/\"},{\"@type\":\"ListItem\",\"position\":2,\"name\":\"Coaching f\u00fcr F\u00fchrungskr\u00e4fte\"}]},{\"@type\":\"WebSite\",\"@id\":\"https:\\\/\\\/www.tec-leadership-institute.com\\\/#website\",\"url\":\"https:\\\/\\\/www.tec-leadership-institute.com\\\/\",\"name\":\"Tec-Leadership-Institute\",\"description\":\"Personal Leadership, Team and Organizational development\",\"publisher\":{\"@id\":\"https:\\\/\\\/www.tec-leadership-institute.com\\\/#organization\"},\"potentialAction\":[{\"@type\":\"SearchAction\",\"target\":{\"@type\":\"EntryPoint\",\"urlTemplate\":\"https:\\\/\\\/www.tec-leadership-institute.com\\\/?s={search_term_string}\"},\"query-input\":{\"@type\":\"PropertyValueSpecification\",\"valueRequired\":true,\"valueName\":\"search_term_string\"}}],\"inLanguage\":\"de\"},{\"@type\":\"Organization\",\"@id\":\"https:\\\/\\\/www.tec-leadership-institute.com\\\/#organization\",\"name\":\"Tec-Leadership-Institute\",\"url\":\"https:\\\/\\\/www.tec-leadership-institute.com\\\/\",\"logo\":{\"@type\":\"ImageObject\",\"inLanguage\":\"de\",\"@id\":\"https:\\\/\\\/www.tec-leadership-institute.com\\\/#\\\/schema\\\/logo\\\/image\\\/\",\"url\":\"https:\\\/\\\/www.tec-leadership-institute.com\\\/wp-content\\\/uploads\\\/2025\\\/08\\\/cropped-TEC-Logo-Black-Text-Transparent-scaled-1.png\",\"contentUrl\":\"https:\\\/\\\/www.tec-leadership-institute.com\\\/wp-content\\\/uploads\\\/2025\\\/08\\\/cropped-TEC-Logo-Black-Text-Transparent-scaled-1.png\",\"width\":2478,\"height\":472,\"caption\":\"Tec-Leadership-Institute\"},\"image\":{\"@id\":\"https:\\\/\\\/www.tec-leadership-institute.com\\\/#\\\/schema\\\/logo\\\/image\\\/\"},\"sameAs\":[\"https:\\\/\\\/www.facebook.com\\\/TECLeadershipInstitute\",\"https:\\\/\\\/www.linkedin.com\\\/company\\\/tec-leadership-institute-gmbh\\\/\"]}]}<\/script>\n<!-- \/ Yoast SEO plugin. -->","yoast_head_json":{"title":"Coaching f\u00fcr F\u00fchrungskr\u00e4fte durch das TEC Leadership Institute (2024)","description":"Das Coaching ist sehr individuell und konzentriert sich auf die Bed\u00fcrfnisse und die neuen Priorit\u00e4ten des Kunden. Einige Schl\u00fcsselelemente des Coaching-Ansatzes werden sein...","robots":{"index":"index","follow":"follow","max-snippet":"max-snippet:-1","max-image-preview":"max-image-preview:large","max-video-preview":"max-video-preview:-1"},"canonical":"https:\/\/www.tec-leadership-institute.com\/de\/?page_id=3857","og_locale":"de_DE","og_type":"article","og_title":"Coaching f\u00fcr F\u00fchrungskr\u00e4fte durch das TEC Leadership Institute (2024)","og_description":"Das Coaching ist sehr individuell und konzentriert sich auf die Bed\u00fcrfnisse und die neuen Priorit\u00e4ten des Kunden. Einige Schl\u00fcsselelemente des Coaching-Ansatzes werden sein...","og_url":"https:\/\/www.tec-leadership-institute.com\/de\/?page_id=3857","og_site_name":"Tec-Leadership-Institute","article_publisher":"https:\/\/www.facebook.com\/TECLeadershipInstitute","article_modified_time":"2024-01-18T15:45:59+00:00","og_image":[{"url":"https:\/\/www.tec-leadership-institute.com\/wp-content\/uploads\/2023\/12\/Executive-Leadership-Coaching-1536x1109.png","type":"","width":"","height":""}],"twitter_card":"summary_large_image","twitter_misc":{"Gesch\u00e4tzte Lesezeit":"2\u00a0Minuten"},"schema":{"@context":"https:\/\/schema.org","@graph":[{"@type":"WebPage","@id":"https:\/\/www.tec-leadership-institute.com\/de\/?page_id=3857","url":"https:\/\/www.tec-leadership-institute.com\/de\/?page_id=3857","name":"Coaching f\u00fcr F\u00fchrungskr\u00e4fte durch das TEC Leadership Institute (2024)","isPartOf":{"@id":"https:\/\/www.tec-leadership-institute.com\/#website"},"primaryImageOfPage":{"@id":"https:\/\/www.tec-leadership-institute.com\/de\/?page_id=3857#primaryimage"},"image":{"@id":"https:\/\/www.tec-leadership-institute.com\/de\/?page_id=3857#primaryimage"},"thumbnailUrl":"https:\/\/www.tec-leadership-institute.com\/wp-content\/uploads\/2023\/12\/Executive-Leadership-Coaching-1536x1109.png","datePublished":"2023-11-06T10:37:38+00:00","dateModified":"2024-01-18T15:45:59+00:00","description":"Das Coaching ist sehr individuell und konzentriert sich auf die Bed\u00fcrfnisse und die neuen Priorit\u00e4ten des Kunden. Einige Schl\u00fcsselelemente des Coaching-Ansatzes werden sein...","breadcrumb":{"@id":"https:\/\/www.tec-leadership-institute.com\/de\/?page_id=3857#breadcrumb"},"inLanguage":"de","potentialAction":[{"@type":"ReadAction","target":["https:\/\/www.tec-leadership-institute.com\/de\/?page_id=3857"]}]},{"@type":"ImageObject","inLanguage":"de","@id":"https:\/\/www.tec-leadership-institute.com\/de\/?page_id=3857#primaryimage","url":"https:\/\/www.tec-leadership-institute.com\/wp-content\/uploads\/2023\/12\/Executive-Leadership-Coaching-1536x1109.png","contentUrl":"https:\/\/www.tec-leadership-institute.com\/wp-content\/uploads\/2023\/12\/Executive-Leadership-Coaching-1536x1109.png"},{"@type":"BreadcrumbList","@id":"https:\/\/www.tec-leadership-institute.com\/de\/?page_id=3857#breadcrumb","itemListElement":[{"@type":"ListItem","position":1,"name":"Startseite","item":"https:\/\/www.tec-leadership-institute.com\/"},{"@type":"ListItem","position":2,"name":"Coaching f\u00fcr F\u00fchrungskr\u00e4fte"}]},{"@type":"WebSite","@id":"https:\/\/www.tec-leadership-institute.com\/#website","url":"https:\/\/www.tec-leadership-institute.com\/","name":"Tec-Leadership-Institute","description":"Personal Leadership, Team and Organizational development","publisher":{"@id":"https:\/\/www.tec-leadership-institute.com\/#organization"},"potentialAction":[{"@type":"SearchAction","target":{"@type":"EntryPoint","urlTemplate":"https:\/\/www.tec-leadership-institute.com\/?s={search_term_string}"},"query-input":{"@type":"PropertyValueSpecification","valueRequired":true,"valueName":"search_term_string"}}],"inLanguage":"de"},{"@type":"Organization","@id":"https:\/\/www.tec-leadership-institute.com\/#organization","name":"Tec-Leadership-Institute","url":"https:\/\/www.tec-leadership-institute.com\/","logo":{"@type":"ImageObject","inLanguage":"de","@id":"https:\/\/www.tec-leadership-institute.com\/#\/schema\/logo\/image\/","url":"https:\/\/www.tec-leadership-institute.com\/wp-content\/uploads\/2025\/08\/cropped-TEC-Logo-Black-Text-Transparent-scaled-1.png","contentUrl":"https:\/\/www.tec-leadership-institute.com\/wp-content\/uploads\/2025\/08\/cropped-TEC-Logo-Black-Text-Transparent-scaled-1.png","width":2478,"height":472,"caption":"Tec-Leadership-Institute"},"image":{"@id":"https:\/\/www.tec-leadership-institute.com\/#\/schema\/logo\/image\/"},"sameAs":["https:\/\/www.facebook.com\/TECLeadershipInstitute","https:\/\/www.linkedin.com\/company\/tec-leadership-institute-gmbh\/"]}]}},"_links":{"self":[{"href":"https:\/\/www.tec-leadership-institute.com\/de\/wp-json\/wp\/v2\/pages\/3857","targetHints":{"allow":["GET"]}}],"collection":[{"href":"https:\/\/www.tec-leadership-institute.com\/de\/wp-json\/wp\/v2\/pages"}],"about":[{"href":"https:\/\/www.tec-leadership-institute.com\/de\/wp-json\/wp\/v2\/types\/page"}],"author":[{"embeddable":true,"href":"https:\/\/www.tec-leadership-institute.com\/de\/wp-json\/wp\/v2\/users\/1"}],"replies":[{"embeddable":true,"href":"https:\/\/www.tec-leadership-institute.com\/de\/wp-json\/wp\/v2\/comments?post=3857"}],"version-history":[{"count":2,"href":"https:\/\/www.tec-leadership-institute.com\/de\/wp-json\/wp\/v2\/pages\/3857\/revisions"}],"predecessor-version":[{"id":3864,"href":"https:\/\/www.tec-leadership-institute.com\/de\/wp-json\/wp\/v2\/pages\/3857\/revisions\/3864"}],"wp:attachment":[{"href":"https:\/\/www.tec-leadership-institute.com\/de\/wp-json\/wp\/v2\/media?parent=3857"}],"curies":[{"name":"wp","href":"https:\/\/api.w.org\/{rel}","templated":true}]}}